{"id":2981,"date":"2024-01-25T09:39:53","date_gmt":"2024-01-25T12:39:53","guid":{"rendered":"http:\/\/ortopediagorgo.com.ar\/?post_type=product&#038;p=2981"},"modified":"2025-08-29T16:27:01","modified_gmt":"2025-08-29T19:27:01","slug":"manta-termica-welmt100-philco","status":"publish","type":"product","link":"https:\/\/ortopediagorgo.com.ar\/?product=manta-termica-welmt100-philco","title":{"rendered":"Almohadilla t\u00e9rmica PHILCO"},"content":{"rendered":"<p>Experimenta el confort y bienestar en cada rinc\u00f3n de tu hogar con nuestra manta t\u00e9rmica de \u00faltima generaci\u00f3n. Con un dise\u00f1o ergon\u00f3mico de 40&#215;30 cm, esta manta es la elecci\u00f3n ideal para brindar alivio t\u00e9rmico en la zona cervical y lumbar, adapt\u00e1ndose perfectamente a tus necesidades.<\/p>\n<p>Fabricada con un tejido suave de microfibra, la manta proporciona una sensaci\u00f3n de lujo y comodidad. Lavable y equipada con un control desmontable, es f\u00e1cil de mantener y ajustar para obtener el nivel de calor perfecto.<\/p>\n<p>Con una potencia de 100 W, esta manta t\u00e9rmica ofrece una protecci\u00f3n avanzada con calentamiento r\u00e1pido y salvaguardas contra el sobrecalentamiento. Ajusta la temperatura seg\u00fan tus preferencias entre los 6 niveles disponibles y programa el tiempo de uso con el timer de 3 seteos: 30, 60 o 90 minutos.<\/p>\n<p>Descubre la relajaci\u00f3n total y el calor reconfortante con esta manta t\u00e9rmica dise\u00f1ada para brindar bienestar y comodidad en cada uso. Con sus caracter\u00edsticas avanzadas, es la elecci\u00f3n perfecta para mejorar tu experiencia de descanso y relajaci\u00f3n.<\/p>\n","protected":false},"excerpt":{"rendered":"<div class=\"value\">\n<div data-content-type=\"row\" data-appearance=\"contained\" data-element=\"main\">\n<div data-enable-parallax=\"0\" data-parallax-speed=\"0.5\" data-background-images=\"{}\" data-background-type=\"image\" data-video-loop=\"true\" data-video-play-only-visible=\"true\" data-video-lazy-load=\"true\" data-video-fallback-src=\"\" data-element=\"inner\" data-pb-style=\"SSX1NH7\">\n<div data-content-type=\"text\" data-appearance=\"default\" data-element=\"main\">\n<p>\u2022 Manta t\u00e9rmica de 40&#215;30 cm<br \/>\n\u2022 Ideal para la zona cervical y lumbar<br \/>\n\u2022 Lavable<br \/>\n\u2022 Control desmontable<br \/>\n\u2022 Tejido suave de microfibra<br \/>\n\u2022 Protecci\u00f3n de calentamiento r\u00e1pido y sobrecalentamiento<br \/>\n\u2022 100 W de potencia<br \/>\n\u2022 Niveles de temperatura: 6<br \/>\n\u2022 Timer con 3 seteos: 30-60-90 min<\/p>\n<\/div>\n<\/div>\n<\/div>\n<\/div>\n","protected":false},"featured_media":2987,"comment_status":"open","ping_status":"closed","template":"","meta":{"_monsterinsights_skip_tracking":false,"_monsterinsights_sitenote_active":false,"_monsterinsights_sitenote_note":"","_monsterinsights_sitenote_category":0},"product_brand":[],"product_cat":[47],"product_tag":[59,333,334],"class_list":{"0":"post-2981","1":"product","2":"type-product","3":"status-publish","4":"has-post-thumbnail","6":"product_cat-almohadilla_masajeadores","7":"product_tag-almohadilla","8":"product_tag-philco","9":"product_tag-tratamiento","11":"first","12":"instock","13":"shipping-taxable","14":"product-type-simple"},"_links":{"self":[{"href":"https:\/\/ortopediagorgo.com.ar\/index.php?rest_route=\/wp\/v2\/product\/2981","targetHints":{"allow":["GET"]}}],"collection":[{"href":"https:\/\/ortopediagorgo.com.ar\/index.php?rest_route=\/wp\/v2\/product"}],"about":[{"href":"https:\/\/ortopediagorgo.com.ar\/index.php?rest_route=\/wp\/v2\/types\/product"}],"replies":[{"embeddable":true,"href":"https:\/\/ortopediagorgo.com.ar\/index.php?rest_route=%2Fwp%2Fv2%2Fcomments&post=2981"}],"version-history":[{"count":3,"href":"https:\/\/ortopediagorgo.com.ar\/index.php?rest_route=\/wp\/v2\/product\/2981\/revisions"}],"predecessor-version":[{"id":3361,"href":"https:\/\/ortopediagorgo.com.ar\/index.php?rest_route=\/wp\/v2\/product\/2981\/revisions\/3361"}],"wp:featuredmedia":[{"embeddable":true,"href":"https:\/\/ortopediagorgo.com.ar\/index.php?rest_route=\/wp\/v2\/media\/2987"}],"wp:attachment":[{"href":"https:\/\/ortopediagorgo.com.ar\/index.php?rest_route=%2Fwp%2Fv2%2Fmedia&parent=2981"}],"wp:term":[{"taxonomy":"product_brand","embeddable":true,"href":"https:\/\/ortopediagorgo.com.ar\/index.php?rest_route=%2Fwp%2Fv2%2Fproduct_brand&post=2981"},{"taxonomy":"product_cat","embeddable":true,"href":"https:\/\/ortopediagorgo.com.ar\/index.php?rest_route=%2Fwp%2Fv2%2Fproduct_cat&post=2981"},{"taxonomy":"product_tag","embeddable":true,"href":"https:\/\/ortopediagorgo.com.ar\/index.php?rest_route=%2Fwp%2Fv2%2Fproduct_tag&post=2981"}],"curies":[{"name":"wp","href":"https:\/\/api.w.org\/{rel}","templated":true}]}}