{"id":2990,"date":"2024-01-25T09:52:15","date_gmt":"2024-01-25T12:52:15","guid":{"rendered":"http:\/\/ortopediagorgo.com.ar\/?post_type=product&#038;p=2990"},"modified":"2024-01-25T09:52:15","modified_gmt":"2024-01-25T12:52:15","slug":"balanza-digital-philco-ba2010n-vidrio-templado-hasta-150-kg","status":"publish","type":"product","link":"https:\/\/ortopediagorgo.com.ar\/?product=balanza-digital-philco-ba2010n-vidrio-templado-hasta-150-kg","title":{"rendered":"Balanza Digital PHILCO Ba2010n Vidrio Templado, Hasta 150 Kg"},"content":{"rendered":"<p>La balanza de Philco posee un dise\u00f1o elegante y moderno, ideal para utilizar en el hogar. Este dispositivo cumple con todas las funciones b\u00e1sicas de medici\u00f3n con gran exactitud y tiene indicadores de sobre peso y bater\u00eda baja. Adem\u00e1s, cuenta con un amplio visor LCD para que puedas observar los datos relacionados con tu peso.<\/p>\n<p>Eficiente y pr\u00e1ctica<br \/>\nGracias a su apagado autom\u00e1tico, evitar\u00e1s preocuparte por dejarla prendida ya que ante la falta de movimiento se apagar\u00e1 y reservar\u00e1 su energ\u00eda para el pr\u00f3ximo control.<\/p>\n","protected":false},"excerpt":{"rendered":"<ul class=\"ui-vpp-highlighted-specs__features-list\">\n<li class=\"ui-vpp-highlighted-specs__features-list-item ui-pdp-color--BLACK ui-pdp-size--XSMALL ui-pdp-family--REGULAR\">Capacidad m\u00e1xima de 150kg.<\/li>\n<li class=\"ui-vpp-highlighted-specs__features-list-item ui-pdp-color--BLACK ui-pdp-size--XSMALL ui-pdp-family--REGULAR\">Registra hasta 10 perfiles.<\/li>\n<li class=\"ui-vpp-highlighted-specs__features-list-item ui-pdp-color--BLACK ui-pdp-size--XSMALL ui-pdp-family--REGULAR\">Cuenta con display digital.<\/li>\n<li class=\"ui-vpp-highlighted-specs__features-list-item ui-pdp-color--BLACK ui-pdp-size--XSMALL ui-pdp-family--REGULAR\">La plataforma es de vidrio.<\/li>\n<li class=\"ui-vpp-highlighted-specs__features-list-item ui-pdp-color--BLACK ui-pdp-size--XSMALL ui-pdp-family--REGULAR\">Funciona a pilas.<\/li>\n<li class=\"ui-vpp-highlighted-specs__features-list-item ui-pdp-color--BLACK ui-pdp-size--XSMALL ui-pdp-family--REGULAR\">Se apaga autom\u00e1ticamente.<\/li>\n<li class=\"ui-vpp-highlighted-specs__features-list-item ui-pdp-color--BLACK ui-pdp-size--XSMALL ui-pdp-family--REGULAR\">Dimensiones: 30\u00a0cm de ancho, 2.4\u00a0cm de alto y 30\u00a0cm de largo.<\/li>\n<\/ul>\n","protected":false},"featured_media":2993,"comment_status":"open","ping_status":"closed","template":"","meta":{"_monsterinsights_skip_tracking":false,"_monsterinsights_sitenote_active":false,"_monsterinsights_sitenote_note":"","_monsterinsights_sitenote_category":0},"product_brand":[],"product_cat":[48],"product_tag":[49,333,335],"class_list":{"0":"post-2990","1":"product","2":"type-product","3":"status-publish","4":"has-post-thumbnail","6":"product_cat-balanzas-y-fitness","7":"product_tag-balanza","8":"product_tag-philco","9":"product_tag-saluybienestar","11":"first","12":"instock","13":"shipping-taxable","14":"product-type-simple"},"_links":{"self":[{"href":"https:\/\/ortopediagorgo.com.ar\/index.php?rest_route=\/wp\/v2\/product\/2990","targetHints":{"allow":["GET"]}}],"collection":[{"href":"https:\/\/ortopediagorgo.com.ar\/index.php?rest_route=\/wp\/v2\/product"}],"about":[{"href":"https:\/\/ortopediagorgo.com.ar\/index.php?rest_route=\/wp\/v2\/types\/product"}],"replies":[{"embeddable":true,"href":"https:\/\/ortopediagorgo.com.ar\/index.php?rest_route=%2Fwp%2Fv2%2Fcomments&post=2990"}],"version-history":[{"count":1,"href":"https:\/\/ortopediagorgo.com.ar\/index.php?rest_route=\/wp\/v2\/product\/2990\/revisions"}],"predecessor-version":[{"id":2994,"href":"https:\/\/ortopediagorgo.com.ar\/index.php?rest_route=\/wp\/v2\/product\/2990\/revisions\/2994"}],"wp:featuredmedia":[{"embeddable":true,"href":"https:\/\/ortopediagorgo.com.ar\/index.php?rest_route=\/wp\/v2\/media\/2993"}],"wp:attachment":[{"href":"https:\/\/ortopediagorgo.com.ar\/index.php?rest_route=%2Fwp%2Fv2%2Fmedia&parent=2990"}],"wp:term":[{"taxonomy":"product_brand","embeddable":true,"href":"https:\/\/ortopediagorgo.com.ar\/index.php?rest_route=%2Fwp%2Fv2%2Fproduct_brand&post=2990"},{"taxonomy":"product_cat","embeddable":true,"href":"https:\/\/ortopediagorgo.com.ar\/index.php?rest_route=%2Fwp%2Fv2%2Fproduct_cat&post=2990"},{"taxonomy":"product_tag","embeddable":true,"href":"https:\/\/ortopediagorgo.com.ar\/index.php?rest_route=%2Fwp%2Fv2%2Fproduct_tag&post=2990"}],"curies":[{"name":"wp","href":"https:\/\/api.w.org\/{rel}","templated":true}]}}