{"id":2995,"date":"2024-01-25T09:56:35","date_gmt":"2024-01-25T12:56:35","guid":{"rendered":"http:\/\/ortopediagorgo.com.ar\/?post_type=product&#038;p=2995"},"modified":"2024-01-25T09:57:22","modified_gmt":"2024-01-25T12:57:22","slug":"masajeador-spa-pies-burbujas-calor-y-relax","status":"publish","type":"product","link":"https:\/\/ortopediagorgo.com.ar\/?product=masajeador-spa-pies-burbujas-calor-y-relax","title":{"rendered":"Masajeador Spa Pies Burbujas Calor Y Relax"},"content":{"rendered":"<p>Masajeador Spa Pies Burbujas Calor Y Relax Revlon 7009 Sumerge los pies cansados y adoloridos en este reconfortante y maravilloso Masajeador Spa Con Burbujas; lo m\u00e1s importante es que siente c\u00f3mo la tensi\u00f3n de todo el d\u00eda desaparece mientras te relajas en medio de burbujas masajeadoras. Para obtener resultados \u00f3ptimos, ll\u00e9nala con agua tibia. La ba\u00f1era de hidromasaje para pies mantendr\u00e1 el calor durante 20 minutos aproximadamente mientras la funci\u00f3n de burbujas est\u00e9 activada. Sistema de calor inteligente &#8211; Burbujas refrescantes &#8211; Control t\u00e1ctil con el pie, resistente al agua &#8211; Cable corriente incluido, que reduce el voltaje a niveles seguros &#8211; Mantiene la temperatura agradable para un alivio inmediato<\/p>\n","protected":false},"excerpt":{"rendered":"<p>&#8211; Control t\u00e1ctil con el pie resistente al agua<br \/>\n&#8211; Tapa Anti-Salpicaduras<br \/>\n&#8211; Almohadilla Relajante<br \/>\n&#8211; Calor Inteligente: mantiene el agua caliente para brindar alivio<br \/>\n&#8211; Burbujas refrescantes: relajan el dolor en los pies.<\/p>\n","protected":false},"featured_media":2996,"comment_status":"open","ping_status":"closed","template":"","meta":{"_monsterinsights_skip_tracking":false,"_monsterinsights_sitenote_active":false,"_monsterinsights_sitenote_note":"","_monsterinsights_sitenote_category":0},"product_brand":[],"product_cat":[47],"product_tag":[229,71,237],"class_list":{"0":"post-2995","1":"product","2":"type-product","3":"status-publish","4":"has-post-thumbnail","6":"product_cat-almohadilla_masajeadores","7":"product_tag-descanso","8":"product_tag-masajeador","9":"product_tag-pies","11":"first","12":"instock","13":"shipping-taxable","14":"product-type-simple"},"_links":{"self":[{"href":"https:\/\/ortopediagorgo.com.ar\/index.php?rest_route=\/wp\/v2\/product\/2995","targetHints":{"allow":["GET"]}}],"collection":[{"href":"https:\/\/ortopediagorgo.com.ar\/index.php?rest_route=\/wp\/v2\/product"}],"about":[{"href":"https:\/\/ortopediagorgo.com.ar\/index.php?rest_route=\/wp\/v2\/types\/product"}],"replies":[{"embeddable":true,"href":"https:\/\/ortopediagorgo.com.ar\/index.php?rest_route=%2Fwp%2Fv2%2Fcomments&post=2995"}],"version-history":[{"count":1,"href":"https:\/\/ortopediagorgo.com.ar\/index.php?rest_route=\/wp\/v2\/product\/2995\/revisions"}],"predecessor-version":[{"id":2998,"href":"https:\/\/ortopediagorgo.com.ar\/index.php?rest_route=\/wp\/v2\/product\/2995\/revisions\/2998"}],"wp:featuredmedia":[{"embeddable":true,"href":"https:\/\/ortopediagorgo.com.ar\/index.php?rest_route=\/wp\/v2\/media\/2996"}],"wp:attachment":[{"href":"https:\/\/ortopediagorgo.com.ar\/index.php?rest_route=%2Fwp%2Fv2%2Fmedia&parent=2995"}],"wp:term":[{"taxonomy":"product_brand","embeddable":true,"href":"https:\/\/ortopediagorgo.com.ar\/index.php?rest_route=%2Fwp%2Fv2%2Fproduct_brand&post=2995"},{"taxonomy":"product_cat","embeddable":true,"href":"https:\/\/ortopediagorgo.com.ar\/index.php?rest_route=%2Fwp%2Fv2%2Fproduct_cat&post=2995"},{"taxonomy":"product_tag","embeddable":true,"href":"https:\/\/ortopediagorgo.com.ar\/index.php?rest_route=%2Fwp%2Fv2%2Fproduct_tag&post=2995"}],"curies":[{"name":"wp","href":"https:\/\/api.w.org\/{rel}","templated":true}]}}