{"id":3002,"date":"2024-01-25T10:26:47","date_gmt":"2024-01-25T13:26:47","guid":{"rendered":"http:\/\/ortopediagorgo.com.ar\/?post_type=product&#038;p=3002"},"modified":"2024-01-25T10:26:47","modified_gmt":"2024-01-25T13:26:47","slug":"colchon-antiescaras-coronet","status":"publish","type":"product","link":"https:\/\/ortopediagorgo.com.ar\/?product=colchon-antiescaras-coronet","title":{"rendered":"Colch\u00f3n Antiescaras CORONET"},"content":{"rendered":"<ul class=\"ui-vpp-highlighted-specs__features-list\">\n<li class=\"ui-vpp-highlighted-specs__features-list-item ui-pdp-color--BLACK ui-pdp-size--XSMALL ui-pdp-family--REGULAR\">Sus medidas son 200cm x 90cm x 7cm.<\/li>\n<li class=\"ui-vpp-highlighted-specs__features-list-item ui-pdp-color--BLACK ui-pdp-size--XSMALL ui-pdp-family--REGULAR\">El ciclo de duraci\u00f3n es de 6m.<\/li>\n<li class=\"ui-vpp-highlighted-specs__features-list-item ui-pdp-color--BLACK ui-pdp-size--XSMALL ui-pdp-family--REGULAR\">Cuenta con 130 celdas.<\/li>\n<li class=\"ui-vpp-highlighted-specs__features-list-item ui-pdp-color--BLACK ui-pdp-size--XSMALL ui-pdp-family--REGULAR\">La presi\u00f3n de aire es de 110V\/220V.<\/li>\n<li class=\"ui-vpp-highlighted-specs__features-list-item ui-pdp-color--BLACK ui-pdp-size--XSMALL ui-pdp-family--REGULAR\">Est\u00e1 fabricado en Pvc de grado medico.<\/li>\n<\/ul>\n","protected":false},"excerpt":{"rendered":"<ul>\n<li><span data-sheets-value=\"{&quot;1&quot;:2,&quot;2&quot;:&quot;Simple, seguro y f\u00e1cil de usar, bomba silenciosa, con gancho fijo para colgar, Perilla de pesi\u00f3n de ajuste f\u00e1cil, Confeccioando con vinilo duradero, motor con cubierta de aluminio&quot;}\" data-sheets-userformat=\"{&quot;2&quot;:14721,&quot;3&quot;:{&quot;1&quot;:0,&quot;3&quot;:1},&quot;10&quot;:1,&quot;11&quot;:4,&quot;14&quot;:{&quot;1&quot;:2,&quot;2&quot;:0},&quot;15&quot;:&quot;Arial&quot;,&quot;16&quot;:10}\">Simple, seguro y f\u00e1cil de usar<\/span><\/li>\n<li><span data-sheets-value=\"{&quot;1&quot;:2,&quot;2&quot;:&quot;Simple, seguro y f\u00e1cil de usar, bomba silenciosa, con gancho fijo para colgar, Perilla de pesi\u00f3n de ajuste f\u00e1cil, Confeccioando con vinilo duradero, motor con cubierta de aluminio&quot;}\" data-sheets-userformat=\"{&quot;2&quot;:14721,&quot;3&quot;:{&quot;1&quot;:0,&quot;3&quot;:1},&quot;10&quot;:1,&quot;11&quot;:4,&quot;14&quot;:{&quot;1&quot;:2,&quot;2&quot;:0},&quot;15&quot;:&quot;Arial&quot;,&quot;16&quot;:10}\">Bomba silenciosa<\/span><\/li>\n<li><span data-sheets-value=\"{&quot;1&quot;:2,&quot;2&quot;:&quot;Simple, seguro y f\u00e1cil de usar, bomba silenciosa, con gancho fijo para colgar, Perilla de pesi\u00f3n de ajuste f\u00e1cil, Confeccioando con vinilo duradero, motor con cubierta de aluminio&quot;}\" data-sheets-userformat=\"{&quot;2&quot;:14721,&quot;3&quot;:{&quot;1&quot;:0,&quot;3&quot;:1},&quot;10&quot;:1,&quot;11&quot;:4,&quot;14&quot;:{&quot;1&quot;:2,&quot;2&quot;:0},&quot;15&quot;:&quot;Arial&quot;,&quot;16&quot;:10}\">Con gancho fijo para colgar<\/span><\/li>\n<li><span data-sheets-value=\"{&quot;1&quot;:2,&quot;2&quot;:&quot;Simple, seguro y f\u00e1cil de usar, bomba silenciosa, con gancho fijo para colgar, Perilla de pesi\u00f3n de ajuste f\u00e1cil, Confeccioando con vinilo duradero, motor con cubierta de aluminio&quot;}\" data-sheets-userformat=\"{&quot;2&quot;:14721,&quot;3&quot;:{&quot;1&quot;:0,&quot;3&quot;:1},&quot;10&quot;:1,&quot;11&quot;:4,&quot;14&quot;:{&quot;1&quot;:2,&quot;2&quot;:0},&quot;15&quot;:&quot;Arial&quot;,&quot;16&quot;:10}\">Perilla de pesi\u00f3n de ajuste f\u00e1cil<\/span><\/li>\n<li><span data-sheets-value=\"{&quot;1&quot;:2,&quot;2&quot;:&quot;Simple, seguro y f\u00e1cil de usar, bomba silenciosa, con gancho fijo para colgar, Perilla de pesi\u00f3n de ajuste f\u00e1cil, Confeccioando con vinilo duradero, motor con cubierta de aluminio&quot;}\" data-sheets-userformat=\"{&quot;2&quot;:14721,&quot;3&quot;:{&quot;1&quot;:0,&quot;3&quot;:1},&quot;10&quot;:1,&quot;11&quot;:4,&quot;14&quot;:{&quot;1&quot;:2,&quot;2&quot;:0},&quot;15&quot;:&quot;Arial&quot;,&quot;16&quot;:10}\">Confeccionado con vinilo duradero<\/span><\/li>\n<li><span data-sheets-value=\"{&quot;1&quot;:2,&quot;2&quot;:&quot;Simple, seguro y f\u00e1cil de usar, bomba silenciosa, con gancho fijo para colgar, Perilla de pesi\u00f3n de ajuste f\u00e1cil, Confeccioando con vinilo duradero, motor con cubierta de aluminio&quot;}\" data-sheets-userformat=\"{&quot;2&quot;:14721,&quot;3&quot;:{&quot;1&quot;:0,&quot;3&quot;:1},&quot;10&quot;:1,&quot;11&quot;:4,&quot;14&quot;:{&quot;1&quot;:2,&quot;2&quot;:0},&quot;15&quot;:&quot;Arial&quot;,&quot;16&quot;:10}\">Motor con cubierta de aluminio<\/span><\/li>\n<\/ul>\n","protected":false},"featured_media":3004,"comment_status":"open","ping_status":"closed","template":"","meta":{"_monsterinsights_skip_tracking":false,"_monsterinsights_sitenote_active":false,"_monsterinsights_sitenote_note":"","_monsterinsights_sitenote_category":0},"product_brand":[],"product_cat":[307],"product_tag":[],"class_list":{"0":"post-3002","1":"product","2":"type-product","3":"status-publish","4":"has-post-thumbnail","6":"product_cat-colchon-antiescaras","8":"first","9":"instock","10":"shipping-taxable","11":"product-type-simple"},"_links":{"self":[{"href":"https:\/\/ortopediagorgo.com.ar\/index.php?rest_route=\/wp\/v2\/product\/3002","targetHints":{"allow":["GET"]}}],"collection":[{"href":"https:\/\/ortopediagorgo.com.ar\/index.php?rest_route=\/wp\/v2\/product"}],"about":[{"href":"https:\/\/ortopediagorgo.com.ar\/index.php?rest_route=\/wp\/v2\/types\/product"}],"replies":[{"embeddable":true,"href":"https:\/\/ortopediagorgo.com.ar\/index.php?rest_route=%2Fwp%2Fv2%2Fcomments&post=3002"}],"version-history":[{"count":1,"href":"https:\/\/ortopediagorgo.com.ar\/index.php?rest_route=\/wp\/v2\/product\/3002\/revisions"}],"predecessor-version":[{"id":3005,"href":"https:\/\/ortopediagorgo.com.ar\/index.php?rest_route=\/wp\/v2\/product\/3002\/revisions\/3005"}],"wp:featuredmedia":[{"embeddable":true,"href":"https:\/\/ortopediagorgo.com.ar\/index.php?rest_route=\/wp\/v2\/media\/3004"}],"wp:attachment":[{"href":"https:\/\/ortopediagorgo.com.ar\/index.php?rest_route=%2Fwp%2Fv2%2Fmedia&parent=3002"}],"wp:term":[{"taxonomy":"product_brand","embeddable":true,"href":"https:\/\/ortopediagorgo.com.ar\/index.php?rest_route=%2Fwp%2Fv2%2Fproduct_brand&post=3002"},{"taxonomy":"product_cat","embeddable":true,"href":"https:\/\/ortopediagorgo.com.ar\/index.php?rest_route=%2Fwp%2Fv2%2Fproduct_cat&post=3002"},{"taxonomy":"product_tag","embeddable":true,"href":"https:\/\/ortopediagorgo.com.ar\/index.php?rest_route=%2Fwp%2Fv2%2Fproduct_tag&post=3002"}],"curies":[{"name":"wp","href":"https:\/\/api.w.org\/{rel}","templated":true}]}}