{"id":3021,"date":"2024-01-25T10:56:10","date_gmt":"2024-01-25T13:56:10","guid":{"rendered":"http:\/\/ortopediagorgo.com.ar\/?post_type=product&#038;p=3021"},"modified":"2024-01-25T10:56:11","modified_gmt":"2024-01-25T13:56:11","slug":"estetoscopio-heine-gamma-3-2-acoustic-stethoscope","status":"publish","type":"product","link":"https:\/\/ortopediagorgo.com.ar\/?product=estetoscopio-heine-gamma-3-2-acoustic-stethoscope","title":{"rendered":"Estetoscopio HEINE GAMMA 3.2 ACOUSTIC STETHOSCOPE"},"content":{"rendered":"<p><b>Campana doble con dos frecuencias diferentes<\/b>, una membrana de calidad en un extremo y un captador con apertura c\u00f3nica en el otro extremo. Funci\u00f3n membrana y funci\u00f3n cono a elecci\u00f3n.<\/p>\n<p><b>Sistema de tubo de un canal<\/b>\u00a0con una buena transmisi\u00f3n del sonido.<\/p>\n<p><b>Membrana de calidad,<\/b>\u00a0\u00d8 44 mm, con una ac\u00fastica y una transmisi\u00f3n de sonido de gran calidad.<\/p>\n<p><b>Tama\u00f1o del cono: \u00d8 30mm.<\/b><\/p>\n","protected":false},"excerpt":{"rendered":"<p>Campana doble con dos frecuencias diferentes, una membrana de calidad en un extremo y un captador con apertura c\u00f3nica en el otro extremo. Funci\u00f3n membrana y funci\u00f3n cono a elecci\u00f3n.<\/p>\n","protected":false},"featured_media":3022,"comment_status":"open","ping_status":"closed","template":"","meta":{"_monsterinsights_skip_tracking":false,"_monsterinsights_sitenote_active":false,"_monsterinsights_sitenote_note":"","_monsterinsights_sitenote_category":0},"product_brand":[],"product_cat":[300],"product_tag":[299,340,296],"class_list":{"0":"post-3021","1":"product","2":"type-product","3":"status-publish","4":"has-post-thumbnail","6":"product_cat-estetoscopio-salud-medico-esteto","7":"product_tag-estetoscopio","8":"product_tag-heine","9":"product_tag-medicos","11":"first","12":"instock","13":"shipping-taxable","14":"product-type-simple"},"_links":{"self":[{"href":"https:\/\/ortopediagorgo.com.ar\/index.php?rest_route=\/wp\/v2\/product\/3021","targetHints":{"allow":["GET"]}}],"collection":[{"href":"https:\/\/ortopediagorgo.com.ar\/index.php?rest_route=\/wp\/v2\/product"}],"about":[{"href":"https:\/\/ortopediagorgo.com.ar\/index.php?rest_route=\/wp\/v2\/types\/product"}],"replies":[{"embeddable":true,"href":"https:\/\/ortopediagorgo.com.ar\/index.php?rest_route=%2Fwp%2Fv2%2Fcomments&post=3021"}],"version-history":[{"count":2,"href":"https:\/\/ortopediagorgo.com.ar\/index.php?rest_route=\/wp\/v2\/product\/3021\/revisions"}],"predecessor-version":[{"id":3025,"href":"https:\/\/ortopediagorgo.com.ar\/index.php?rest_route=\/wp\/v2\/product\/3021\/revisions\/3025"}],"wp:featuredmedia":[{"embeddable":true,"href":"https:\/\/ortopediagorgo.com.ar\/index.php?rest_route=\/wp\/v2\/media\/3022"}],"wp:attachment":[{"href":"https:\/\/ortopediagorgo.com.ar\/index.php?rest_route=%2Fwp%2Fv2%2Fmedia&parent=3021"}],"wp:term":[{"taxonomy":"product_brand","embeddable":true,"href":"https:\/\/ortopediagorgo.com.ar\/index.php?rest_route=%2Fwp%2Fv2%2Fproduct_brand&post=3021"},{"taxonomy":"product_cat","embeddable":true,"href":"https:\/\/ortopediagorgo.com.ar\/index.php?rest_route=%2Fwp%2Fv2%2Fproduct_cat&post=3021"},{"taxonomy":"product_tag","embeddable":true,"href":"https:\/\/ortopediagorgo.com.ar\/index.php?rest_route=%2Fwp%2Fv2%2Fproduct_tag&post=3021"}],"curies":[{"name":"wp","href":"https:\/\/api.w.org\/{rel}","templated":true}]}}