{"id":3029,"date":"2024-01-25T11:39:58","date_gmt":"2024-01-25T14:39:58","guid":{"rendered":"http:\/\/ortopediagorgo.com.ar\/?post_type=product&#038;p=3029"},"modified":"2024-01-25T11:39:58","modified_gmt":"2024-01-25T14:39:58","slug":"nebulizador-ultrasonico-ultra-nuovo-n60-silfab","status":"publish","type":"product","link":"https:\/\/ortopediagorgo.com.ar\/?product=nebulizador-ultrasonico-ultra-nuovo-n60-silfab","title":{"rendered":"Nebulizador Ultras\u00f3nico Ultra Nuovo N60 SILFAB"},"content":{"rendered":"<p>Nebulizador ultras\u00f3nico Ultra Nuovo, modelo con c\u00e1mara de agua sellada y membrana de acero inoxidable. Taza de nebulizaci\u00f3n regulable. Accesorio opcional: calefactor N70A.<\/p>\n","protected":false},"excerpt":{"rendered":"<table id=\"product-attribute-specs-table\" class=\"table\">\n<tbody>\n<tr>\n<th>SKU (N\u00famero de Referencia)<\/th>\n<td class=\"data\">N60<\/td>\n<\/tr>\n<tr>\n<th>Tecnologia<\/th>\n<td class=\"data\">Ultras\u00f3nico<\/td>\n<\/tr>\n<tr>\n<th>Tama\u00f1o medio de part\u00edculas<\/th>\n<td class=\"data\">3.3 um<\/td>\n<\/tr>\n<tr>\n<th>Capacidad de nebulizaci\u00f3n<\/th>\n<td class=\"data\">10 ml<\/td>\n<\/tr>\n<tr>\n<th>Tasa de nebulizaci\u00f3n<\/th>\n<td class=\"data\">0.4 a 0.9 ml\/min<\/td>\n<\/tr>\n<tr>\n<th>Presi\u00f3n de salida<\/th>\n<td class=\"data\">&#8211;<\/td>\n<\/tr>\n<tr>\n<th>Caudal de aire<\/th>\n<td class=\"data\">&#8211;<\/td>\n<\/tr>\n<tr>\n<th>Caudal de nebulizaci\u00f3n regulable<\/th>\n<td class=\"data\">Mediante perilla<\/td>\n<\/tr>\n<tr>\n<th>Frecuencia de funcionamiento<\/th>\n<td class=\"data\">15 minutos por hora<\/td>\n<\/tr>\n<tr>\n<th>Tama\u00f1o<\/th>\n<td class=\"data\">Compacto<\/td>\n<\/tr>\n<tr>\n<th>Destacados<\/th>\n<td class=\"data\">Protecci\u00f3n por Sobre temperatura y por Baja Tensi\u00f3n, Se\u00f1al sonora de inicio y fin de nebulizaci\u00f3n, Calefactor Opcional, C\u00e1mara de Agua Sellada, Muy Silencioso<\/td>\n<\/tr>\n<tr>\n<th>Alimentaci\u00f3n<\/th>\n<td class=\"data\">100-220 V con fuente externa<\/td>\n<\/tr>\n<tr>\n<th>Certificaciones<\/th>\n<td class=\"data\"><img decoding=\"async\" src=\"https:\/\/www.silfab.com.ar\/media\/wysiwyg\/attributes\/aamr.svg\" height=\"35\" \/><img decoding=\"async\" src=\"https:\/\/www.silfab.com.ar\/media\/wysiwyg\/attributes\/anmat.svg\" height=\"35\" \/><\/td>\n<\/tr>\n<tr>\n<th>Dimensiones del embalaje<\/th>\n<td class=\"data\">195 x 175 x 120 mm<\/td>\n<\/tr>\n<tr>\n<th>Garant\u00eda<\/th>\n<td class=\"data\">1 a\u00f1o<\/td>\n<\/tr>\n<\/tbody>\n<\/table>\n","protected":false},"featured_media":3031,"comment_status":"open","ping_status":"closed","template":"","meta":{"_monsterinsights_skip_tracking":false,"_monsterinsights_sitenote_active":false,"_monsterinsights_sitenote_note":"","_monsterinsights_sitenote_category":0},"product_brand":[],"product_cat":[55],"product_tag":[341,57,58],"class_list":{"0":"post-3029","1":"product","2":"type-product","3":"status-publish","4":"has-post-thumbnail","6":"product_cat-nebulizadores-aspiradores-aerocamaras","7":"product_tag-nebulizadores","8":"product_tag-salud","9":"product_tag-silfab","11":"first","12":"instock","13":"shipping-taxable","14":"product-type-simple"},"_links":{"self":[{"href":"https:\/\/ortopediagorgo.com.ar\/index.php?rest_route=\/wp\/v2\/product\/3029","targetHints":{"allow":["GET"]}}],"collection":[{"href":"https:\/\/ortopediagorgo.com.ar\/index.php?rest_route=\/wp\/v2\/product"}],"about":[{"href":"https:\/\/ortopediagorgo.com.ar\/index.php?rest_route=\/wp\/v2\/types\/product"}],"replies":[{"embeddable":true,"href":"https:\/\/ortopediagorgo.com.ar\/index.php?rest_route=%2Fwp%2Fv2%2Fcomments&post=3029"}],"version-history":[{"count":1,"href":"https:\/\/ortopediagorgo.com.ar\/index.php?rest_route=\/wp\/v2\/product\/3029\/revisions"}],"predecessor-version":[{"id":3032,"href":"https:\/\/ortopediagorgo.com.ar\/index.php?rest_route=\/wp\/v2\/product\/3029\/revisions\/3032"}],"wp:featuredmedia":[{"embeddable":true,"href":"https:\/\/ortopediagorgo.com.ar\/index.php?rest_route=\/wp\/v2\/media\/3031"}],"wp:attachment":[{"href":"https:\/\/ortopediagorgo.com.ar\/index.php?rest_route=%2Fwp%2Fv2%2Fmedia&parent=3029"}],"wp:term":[{"taxonomy":"product_brand","embeddable":true,"href":"https:\/\/ortopediagorgo.com.ar\/index.php?rest_route=%2Fwp%2Fv2%2Fproduct_brand&post=3029"},{"taxonomy":"product_cat","embeddable":true,"href":"https:\/\/ortopediagorgo.com.ar\/index.php?rest_route=%2Fwp%2Fv2%2Fproduct_cat&post=3029"},{"taxonomy":"product_tag","embeddable":true,"href":"https:\/\/ortopediagorgo.com.ar\/index.php?rest_route=%2Fwp%2Fv2%2Fproduct_tag&post=3029"}],"curies":[{"name":"wp","href":"https:\/\/api.w.org\/{rel}","templated":true}]}}