{"id":3033,"date":"2024-01-25T11:46:04","date_gmt":"2024-01-25T14:46:04","guid":{"rendered":"http:\/\/ortopediagorgo.com.ar\/?post_type=product&#038;p=3033"},"modified":"2024-01-25T11:46:04","modified_gmt":"2024-01-25T14:46:04","slug":"nebulizador-ultrasonico-compacto-lite-nu320-aspen","status":"publish","type":"product","link":"https:\/\/ortopediagorgo.com.ar\/?product=nebulizador-ultrasonico-compacto-lite-nu320-aspen","title":{"rendered":"Nebulizador ultr\u00e1sonico COMPACTO LITE -NU320 ASPEN"},"content":{"rendered":"<p><b>Nebulizador ultras\u00f3nico, pueden nebulizar todo tipo de soluciones y grandes vol\u00famenes de l\u00edquidos en cortos per\u00edodos de tiempo.<\/b><br \/>\n&#8211; Ultra silenciosos, ultra compacto.<br \/>\n&#8211; \u00danico sistema de mono c\u00e1mara,\u00a0 donde la medicaci\u00f3n se aplica directamente en el reservorio ( mas simple de usar, f\u00e1cil de limpiar y menos contaminante)<br \/>\n&#8211; Con tecnolog\u00eda\u00a0pulsante, garantiza una nebulizaci\u00f3n en corto tiempo y bajo y bajo residual de la soluci\u00f3n utilizable, optimizando el rendimiento de la misma. Con regulador de niebla.<br \/>\n&#8211; Kit completo de accesorios (mascaras adulto y ni\u00f1o, manguera lisa de PVC, tapa c\u00e1mara de niebla, filtros de repuestos).<\/p>\n<p><b>Especificaciones:<\/b><br \/>\nTama\u00f1o de part\u00edculas MMAD: 5,54um.<br \/>\nNivel de ruido: menor igual 32dB.<br \/>\nPeso: 1,2 kg (sin accesorios).<br \/>\nOrigen argentina.<br \/>\nN\u00famero Certificado Seguridad El\u00e9ctrica:\u00a0 M 6180\/5<br \/>\nCERTIFICADORA:\u00a0 IQC S.A.<\/p>\n<p><b>Medidas (Pack + producto)<\/b><br \/>\nPeso 1,54 kg.<br \/>\nAlto 13,6 cm.<br \/>\nAncho 20,3 cm.<br \/>\nProfundidad 18,2 cm.<\/p>\n","protected":false},"excerpt":{"rendered":"<ul>\n<li>Ultra silencioso, ultra compacto<\/li>\n<li>\u00danico\u00a0 sistema de monoc\u00e1mara<\/li>\n<li>Kit de accesorios.<\/li>\n<li>Garant\u00eda 1 a\u00f1o.<\/li>\n<\/ul>\n","protected":false},"featured_media":3036,"comment_status":"open","ping_status":"closed","template":"","meta":{"_monsterinsights_skip_tracking":false,"_monsterinsights_sitenote_active":false,"_monsterinsights_sitenote_note":"","_monsterinsights_sitenote_category":0},"product_brand":[],"product_cat":[55],"product_tag":[72,341,62],"class_list":{"0":"post-3033","1":"product","2":"type-product","3":"status-publish","4":"has-post-thumbnail","6":"product_cat-nebulizadores-aspiradores-aerocamaras","7":"product_tag-aspen","8":"product_tag-nebulizadores","9":"product_tag-ultrasonico","11":"first","12":"instock","13":"shipping-taxable","14":"product-type-simple"},"_links":{"self":[{"href":"https:\/\/ortopediagorgo.com.ar\/index.php?rest_route=\/wp\/v2\/product\/3033","targetHints":{"allow":["GET"]}}],"collection":[{"href":"https:\/\/ortopediagorgo.com.ar\/index.php?rest_route=\/wp\/v2\/product"}],"about":[{"href":"https:\/\/ortopediagorgo.com.ar\/index.php?rest_route=\/wp\/v2\/types\/product"}],"replies":[{"embeddable":true,"href":"https:\/\/ortopediagorgo.com.ar\/index.php?rest_route=%2Fwp%2Fv2%2Fcomments&post=3033"}],"version-history":[{"count":1,"href":"https:\/\/ortopediagorgo.com.ar\/index.php?rest_route=\/wp\/v2\/product\/3033\/revisions"}],"predecessor-version":[{"id":3037,"href":"https:\/\/ortopediagorgo.com.ar\/index.php?rest_route=\/wp\/v2\/product\/3033\/revisions\/3037"}],"wp:featuredmedia":[{"embeddable":true,"href":"https:\/\/ortopediagorgo.com.ar\/index.php?rest_route=\/wp\/v2\/media\/3036"}],"wp:attachment":[{"href":"https:\/\/ortopediagorgo.com.ar\/index.php?rest_route=%2Fwp%2Fv2%2Fmedia&parent=3033"}],"wp:term":[{"taxonomy":"product_brand","embeddable":true,"href":"https:\/\/ortopediagorgo.com.ar\/index.php?rest_route=%2Fwp%2Fv2%2Fproduct_brand&post=3033"},{"taxonomy":"product_cat","embeddable":true,"href":"https:\/\/ortopediagorgo.com.ar\/index.php?rest_route=%2Fwp%2Fv2%2Fproduct_cat&post=3033"},{"taxonomy":"product_tag","embeddable":true,"href":"https:\/\/ortopediagorgo.com.ar\/index.php?rest_route=%2Fwp%2Fv2%2Fproduct_tag&post=3033"}],"curies":[{"name":"wp","href":"https:\/\/api.w.org\/{rel}","templated":true}]}}