{"id":3044,"date":"2024-01-25T11:58:10","date_gmt":"2024-01-25T14:58:10","guid":{"rendered":"http:\/\/ortopediagorgo.com.ar\/?post_type=product&#038;p=3044"},"modified":"2025-09-30T15:07:34","modified_gmt":"2025-09-30T18:07:34","slug":"otoscopio-hs-ot10j-coronet","status":"publish","type":"product","link":"https:\/\/ortopediagorgo.com.ar\/?product=otoscopio-hs-ot10j-coronet","title":{"rendered":"Otoscopio HS-OT10J CORONET"},"content":{"rendered":"","protected":false},"excerpt":{"rendered":"<ul>\n<li>Iluminaci\u00f3n Homog\u00e9nea del canal auditivo y el t\u00edmpano mediante XEN\u00d3N HAL\u00d3GENA<\/li>\n<li>Ventana de Visualizaci\u00f3n Grande<\/li>\n<li>Puerto de conexi\u00f3n para insufladora de aire<\/li>\n<li>Ventana de visualizaci\u00f3n de vidrio anti-rayaduras con aumento 3x<\/li>\n<li>Bot\u00f3n de \u201cencendido-apagado\u201d integrado<\/li>\n<li>4 tama\u00f1os de puntas reutilizables 2,4mm; 3.0 mm; 4.0 mm, 5.0 mm<\/li>\n<\/ul>\n","protected":false},"featured_media":3045,"comment_status":"open","ping_status":"closed","template":"","meta":{"_monsterinsights_skip_tracking":false,"_monsterinsights_sitenote_active":false,"_monsterinsights_sitenote_note":"","_monsterinsights_sitenote_category":0},"product_brand":[],"product_cat":[294],"product_tag":[295],"class_list":{"0":"post-3044","1":"product","2":"type-product","3":"status-publish","4":"has-post-thumbnail","6":"product_cat-otoscopio-salud","7":"product_tag-otoscopio","9":"first","10":"instock","11":"shipping-taxable","12":"product-type-simple"},"_links":{"self":[{"href":"https:\/\/ortopediagorgo.com.ar\/index.php?rest_route=\/wp\/v2\/product\/3044","targetHints":{"allow":["GET"]}}],"collection":[{"href":"https:\/\/ortopediagorgo.com.ar\/index.php?rest_route=\/wp\/v2\/product"}],"about":[{"href":"https:\/\/ortopediagorgo.com.ar\/index.php?rest_route=\/wp\/v2\/types\/product"}],"replies":[{"embeddable":true,"href":"https:\/\/ortopediagorgo.com.ar\/index.php?rest_route=%2Fwp%2Fv2%2Fcomments&post=3044"}],"version-history":[{"count":2,"href":"https:\/\/ortopediagorgo.com.ar\/index.php?rest_route=\/wp\/v2\/product\/3044\/revisions"}],"predecessor-version":[{"id":3391,"href":"https:\/\/ortopediagorgo.com.ar\/index.php?rest_route=\/wp\/v2\/product\/3044\/revisions\/3391"}],"wp:featuredmedia":[{"embeddable":true,"href":"https:\/\/ortopediagorgo.com.ar\/index.php?rest_route=\/wp\/v2\/media\/3045"}],"wp:attachment":[{"href":"https:\/\/ortopediagorgo.com.ar\/index.php?rest_route=%2Fwp%2Fv2%2Fmedia&parent=3044"}],"wp:term":[{"taxonomy":"product_brand","embeddable":true,"href":"https:\/\/ortopediagorgo.com.ar\/index.php?rest_route=%2Fwp%2Fv2%2Fproduct_brand&post=3044"},{"taxonomy":"product_cat","embeddable":true,"href":"https:\/\/ortopediagorgo.com.ar\/index.php?rest_route=%2Fwp%2Fv2%2Fproduct_cat&post=3044"},{"taxonomy":"product_tag","embeddable":true,"href":"https:\/\/ortopediagorgo.com.ar\/index.php?rest_route=%2Fwp%2Fv2%2Fproduct_tag&post=3044"}],"curies":[{"name":"wp","href":"https:\/\/api.w.org\/{rel}","templated":true}]}}