{"id":3055,"date":"2024-01-25T12:21:41","date_gmt":"2024-01-25T15:21:41","guid":{"rendered":"http:\/\/ortopediagorgo.com.ar\/?post_type=product&#038;p=3055"},"modified":"2024-01-25T12:21:41","modified_gmt":"2024-01-25T15:21:41","slug":"tensiometro-aneroide-de-palma-i1300-e-silfab","status":"publish","type":"product","link":"https:\/\/ortopediagorgo.com.ar\/?product=tensiometro-aneroide-de-palma-i1300-e-silfab","title":{"rendered":"Tensi\u00f3metro Aneroide de palma. I1300-E SILFAB"},"content":{"rendered":"<table id=\"product-attribute-specs-table\" class=\"table\">\n<tbody>\n<tr>\n<th>Uso<\/th>\n<td class=\"data\">Adulto<\/td>\n<\/tr>\n<tr>\n<th>Tama\u00f1o del man\u00f3metro<\/th>\n<td class=\"data\">65 mm<\/td>\n<\/tr>\n<tr>\n<th>Tipo<\/th>\n<td class=\"data\">Brazo<\/td>\n<\/tr>\n<tr>\n<th>Garant\u00eda<\/th>\n<td class=\"data\">18 meses<\/td>\n<\/tr>\n<tr>\n<th>Certificaciones<\/th>\n<td class=\"data\"><img decoding=\"async\" src=\"https:\/\/www.silfab.com.ar\/media\/wysiwyg\/attributes\/anmat.svg\" height=\"35\" \/><\/td>\n<\/tr>\n<tr>\n<th>Dimensiones del embalaje<\/th>\n<td class=\"data\">195 x 100 x 70 mm<\/td>\n<\/tr>\n<\/tbody>\n<\/table>\n","protected":false},"excerpt":{"rendered":"<p>Tensi\u00f3metro Aneroide de palma I1300-E. Con estetoscopio biaural y funda vin\u00edlica. Uso pr\u00e1ctico con 1 sola mano. Manga de 22 a 32 cm de di\u00e1metro. Garant\u00eda 18 meses.<\/p>\n","protected":false},"featured_media":3056,"comment_status":"open","ping_status":"closed","template":"","meta":{"_monsterinsights_skip_tracking":false,"_monsterinsights_sitenote_active":false,"_monsterinsights_sitenote_note":"","_monsterinsights_sitenote_category":0},"product_brand":[],"product_cat":[39],"product_tag":[58,40],"class_list":{"0":"post-3055","1":"product","2":"type-product","3":"status-publish","4":"has-post-thumbnail","6":"product_cat-tensiometro-digital-automatico-aneroide","7":"product_tag-silfab","8":"product_tag-tensiometro","10":"first","11":"instock","12":"shipping-taxable","13":"product-type-simple"},"_links":{"self":[{"href":"https:\/\/ortopediagorgo.com.ar\/index.php?rest_route=\/wp\/v2\/product\/3055","targetHints":{"allow":["GET"]}}],"collection":[{"href":"https:\/\/ortopediagorgo.com.ar\/index.php?rest_route=\/wp\/v2\/product"}],"about":[{"href":"https:\/\/ortopediagorgo.com.ar\/index.php?rest_route=\/wp\/v2\/types\/product"}],"replies":[{"embeddable":true,"href":"https:\/\/ortopediagorgo.com.ar\/index.php?rest_route=%2Fwp%2Fv2%2Fcomments&post=3055"}],"version-history":[{"count":1,"href":"https:\/\/ortopediagorgo.com.ar\/index.php?rest_route=\/wp\/v2\/product\/3055\/revisions"}],"predecessor-version":[{"id":3057,"href":"https:\/\/ortopediagorgo.com.ar\/index.php?rest_route=\/wp\/v2\/product\/3055\/revisions\/3057"}],"wp:featuredmedia":[{"embeddable":true,"href":"https:\/\/ortopediagorgo.com.ar\/index.php?rest_route=\/wp\/v2\/media\/3056"}],"wp:attachment":[{"href":"https:\/\/ortopediagorgo.com.ar\/index.php?rest_route=%2Fwp%2Fv2%2Fmedia&parent=3055"}],"wp:term":[{"taxonomy":"product_brand","embeddable":true,"href":"https:\/\/ortopediagorgo.com.ar\/index.php?rest_route=%2Fwp%2Fv2%2Fproduct_brand&post=3055"},{"taxonomy":"product_cat","embeddable":true,"href":"https:\/\/ortopediagorgo.com.ar\/index.php?rest_route=%2Fwp%2Fv2%2Fproduct_cat&post=3055"},{"taxonomy":"product_tag","embeddable":true,"href":"https:\/\/ortopediagorgo.com.ar\/index.php?rest_route=%2Fwp%2Fv2%2Fproduct_tag&post=3055"}],"curies":[{"name":"wp","href":"https:\/\/api.w.org\/{rel}","templated":true}]}}