{"id":3067,"date":"2024-01-25T12:35:58","date_gmt":"2024-01-25T15:35:58","guid":{"rendered":"http:\/\/ortopediagorgo.com.ar\/?post_type=product&#038;p=3067"},"modified":"2024-01-25T12:35:59","modified_gmt":"2024-01-25T15:35:59","slug":"tensiometro-aneroide-pediatrico-i1300-p-silfab","status":"publish","type":"product","link":"https:\/\/ortopediagorgo.com.ar\/?product=tensiometro-aneroide-pediatrico-i1300-p-silfab","title":{"rendered":"Tensiometro aneroide Pedi\u00e1trico. I1300-P SILFAB"},"content":{"rendered":"<table id=\"product-attribute-specs-table\" class=\"table\">\n<tbody>\n<tr>\n<th>Uso<\/th>\n<td class=\"data\">Pedi\u00e1trico<\/td>\n<\/tr>\n<tr>\n<th>Tama\u00f1o del man\u00f3metro<\/th>\n<td class=\"data\">50 mm<\/td>\n<\/tr>\n<tr>\n<th>Tipo<\/th>\n<td class=\"data\">Brazo<\/td>\n<\/tr>\n<tr>\n<th>Garant\u00eda<\/th>\n<td class=\"data\">18 meses<\/td>\n<\/tr>\n<tr>\n<th>Certificaciones<\/th>\n<td class=\"data\"><img decoding=\"async\" src=\"https:\/\/www.silfab.com.ar\/media\/wysiwyg\/attributes\/anmat.svg\" height=\"35\" \/><\/td>\n<\/tr>\n<tr>\n<th>Dimensiones del embalaje<\/th>\n<td class=\"data\">195 x 100 x 70 mm<\/td>\n<\/tr>\n<\/tbody>\n<\/table>\n","protected":false},"excerpt":{"rendered":"<p>Tensi\u00f3metro aneroide pedi\u00e1trico. Con estetoscopio biaural, manga de 18 a 22cm de di\u00e1metro. Accesorios compatibles: manga neonatal (producto c\u00f3digo MAPB5). Garant\u00eda 18 meses.<\/p>\n","protected":false},"featured_media":3068,"comment_status":"open","ping_status":"closed","template":"","meta":{"_monsterinsights_skip_tracking":false,"_monsterinsights_sitenote_active":false,"_monsterinsights_sitenote_note":"","_monsterinsights_sitenote_category":0},"product_brand":[],"product_cat":[39],"product_tag":[],"class_list":{"0":"post-3067","1":"product","2":"type-product","3":"status-publish","4":"has-post-thumbnail","6":"product_cat-tensiometro-digital-automatico-aneroide","8":"first","9":"instock","10":"shipping-taxable","11":"product-type-simple"},"_links":{"self":[{"href":"https:\/\/ortopediagorgo.com.ar\/index.php?rest_route=\/wp\/v2\/product\/3067","targetHints":{"allow":["GET"]}}],"collection":[{"href":"https:\/\/ortopediagorgo.com.ar\/index.php?rest_route=\/wp\/v2\/product"}],"about":[{"href":"https:\/\/ortopediagorgo.com.ar\/index.php?rest_route=\/wp\/v2\/types\/product"}],"replies":[{"embeddable":true,"href":"https:\/\/ortopediagorgo.com.ar\/index.php?rest_route=%2Fwp%2Fv2%2Fcomments&post=3067"}],"version-history":[{"count":1,"href":"https:\/\/ortopediagorgo.com.ar\/index.php?rest_route=\/wp\/v2\/product\/3067\/revisions"}],"predecessor-version":[{"id":3069,"href":"https:\/\/ortopediagorgo.com.ar\/index.php?rest_route=\/wp\/v2\/product\/3067\/revisions\/3069"}],"wp:featuredmedia":[{"embeddable":true,"href":"https:\/\/ortopediagorgo.com.ar\/index.php?rest_route=\/wp\/v2\/media\/3068"}],"wp:attachment":[{"href":"https:\/\/ortopediagorgo.com.ar\/index.php?rest_route=%2Fwp%2Fv2%2Fmedia&parent=3067"}],"wp:term":[{"taxonomy":"product_brand","embeddable":true,"href":"https:\/\/ortopediagorgo.com.ar\/index.php?rest_route=%2Fwp%2Fv2%2Fproduct_brand&post=3067"},{"taxonomy":"product_cat","embeddable":true,"href":"https:\/\/ortopediagorgo.com.ar\/index.php?rest_route=%2Fwp%2Fv2%2Fproduct_cat&post=3067"},{"taxonomy":"product_tag","embeddable":true,"href":"https:\/\/ortopediagorgo.com.ar\/index.php?rest_route=%2Fwp%2Fv2%2Fproduct_tag&post=3067"}],"curies":[{"name":"wp","href":"https:\/\/api.w.org\/{rel}","templated":true}]}}