{"id":3121,"date":"2025-03-18T01:24:53","date_gmt":"2025-03-18T04:24:53","guid":{"rendered":"http:\/\/ortopediagorgo.com.ar\/?post_type=product&#038;p=3121"},"modified":"2026-04-11T01:21:36","modified_gmt":"2026-04-11T04:21:36","slug":"almohadon-abductor-de-cadera","status":"publish","type":"product","link":"https:\/\/ortopediagorgo.com.ar\/?product=almohadon-abductor-de-cadera","title":{"rendered":"ALMOHADON ABDUCTOR DE CADERA"},"content":{"rendered":"<p>Mantiene la cadera alineada en abducci\u00f3n mientras el paciente esta en la cama, a\u00fan cuando est\u00e9 dormido y lo ayudar\u00e1 a sanar, previniendo que la cadera gire hacia adentro o hacia afuera de su cuerpo.<\/p>\n<p>Usos: si su cadera se sali\u00f3 de la articulaci\u00f3n o si tiene una fractura de cadera.<\/p>\n<p>Medidas: 35. 50 Y 70 cm de largo<br \/>\nComposici\u00f3n: poliuretano de alta resistencia<br \/>\nContiene cintas para sujetarlo.<br \/>\nFunda de tela impermeable.<br \/>\nFunda removible para su limpieza.<\/p>\n","protected":false},"excerpt":{"rendered":"<p>Dise\u00f1ado para uso despu\u00e9s de una cirug\u00eda de cadera cuando se requiere posicionamiento postoperatorio o inmovilizaci\u00f3n.<\/p>\n","protected":false},"featured_media":4020,"comment_status":"open","ping_status":"closed","template":"","meta":{"_monsterinsights_skip_tracking":false,"_monsterinsights_sitenote_active":false,"_monsterinsights_sitenote_note":"","_monsterinsights_sitenote_category":0},"product_brand":[],"product_cat":[290],"product_tag":[],"class_list":{"0":"post-3121","1":"product","2":"type-product","3":"status-publish","4":"has-post-thumbnail","6":"product_cat-almohadones","8":"first","9":"instock","10":"shipping-taxable","11":"product-type-simple"},"_links":{"self":[{"href":"https:\/\/ortopediagorgo.com.ar\/index.php?rest_route=\/wp\/v2\/product\/3121","targetHints":{"allow":["GET"]}}],"collection":[{"href":"https:\/\/ortopediagorgo.com.ar\/index.php?rest_route=\/wp\/v2\/product"}],"about":[{"href":"https:\/\/ortopediagorgo.com.ar\/index.php?rest_route=\/wp\/v2\/types\/product"}],"replies":[{"embeddable":true,"href":"https:\/\/ortopediagorgo.com.ar\/index.php?rest_route=%2Fwp%2Fv2%2Fcomments&post=3121"}],"version-history":[{"count":2,"href":"https:\/\/ortopediagorgo.com.ar\/index.php?rest_route=\/wp\/v2\/product\/3121\/revisions"}],"predecessor-version":[{"id":4019,"href":"https:\/\/ortopediagorgo.com.ar\/index.php?rest_route=\/wp\/v2\/product\/3121\/revisions\/4019"}],"wp:featuredmedia":[{"embeddable":true,"href":"https:\/\/ortopediagorgo.com.ar\/index.php?rest_route=\/wp\/v2\/media\/4020"}],"wp:attachment":[{"href":"https:\/\/ortopediagorgo.com.ar\/index.php?rest_route=%2Fwp%2Fv2%2Fmedia&parent=3121"}],"wp:term":[{"taxonomy":"product_brand","embeddable":true,"href":"https:\/\/ortopediagorgo.com.ar\/index.php?rest_route=%2Fwp%2Fv2%2Fproduct_brand&post=3121"},{"taxonomy":"product_cat","embeddable":true,"href":"https:\/\/ortopediagorgo.com.ar\/index.php?rest_route=%2Fwp%2Fv2%2Fproduct_cat&post=3121"},{"taxonomy":"product_tag","embeddable":true,"href":"https:\/\/ortopediagorgo.com.ar\/index.php?rest_route=%2Fwp%2Fv2%2Fproduct_tag&post=3121"}],"curies":[{"name":"wp","href":"https:\/\/api.w.org\/{rel}","templated":true}]}}