{"id":3145,"date":"2025-03-27T15:32:44","date_gmt":"2025-03-27T18:32:44","guid":{"rendered":"http:\/\/ortopediagorgo.com.ar\/?post_type=product&#038;p=3145"},"modified":"2026-02-25T13:41:16","modified_gmt":"2026-02-25T16:41:16","slug":"banqueta-de-ducha","status":"publish","type":"product","link":"https:\/\/ortopediagorgo.com.ar\/?product=banqueta-de-ducha","title":{"rendered":"Banqueta de ducha REFORZADA"},"content":{"rendered":"<div class=\"descripcion\">\n<p><span style=\"font-size: 1.3em; font-weight: bold;\">ESPECIFICACIONES T\u00c9CNICAS:<\/span><\/p>\n<\/div>\n<div class=\"especificaciones\">\n<ul>\n<li>Profundidad de asiento: 42 cm<\/li>\n<li>Ancho de asiento: 51 cm<\/li>\n<li>Alto total: 35-53,5 cm<\/li>\n<\/ul>\n<\/div>\n","protected":false},"excerpt":{"rendered":"<p>El asientos est\u00e1 equipado con un material especial antideslizante que proporciona seguridad adicional. Facilidad de uso en combinaci\u00f3n con un dise\u00f1o funcional. Altura regulable. Color: Azul.<\/p>\n<p>Soporta hasta 150kg<\/p>\n","protected":false},"featured_media":3146,"comment_status":"open","ping_status":"closed","template":"","meta":{"_monsterinsights_skip_tracking":false,"_monsterinsights_sitenote_active":false,"_monsterinsights_sitenote_note":"","_monsterinsights_sitenote_category":0},"product_brand":[381],"product_cat":[63],"product_tag":[],"class_list":{"0":"post-3145","1":"product","2":"type-product","3":"status-publish","4":"has-post-thumbnail","6":"product_brand-care-quip","7":"product_cat-inodoro-portatil-silla-barras","9":"first","10":"instock","11":"shipping-taxable","12":"product-type-simple"},"_links":{"self":[{"href":"https:\/\/ortopediagorgo.com.ar\/index.php?rest_route=\/wp\/v2\/product\/3145","targetHints":{"allow":["GET"]}}],"collection":[{"href":"https:\/\/ortopediagorgo.com.ar\/index.php?rest_route=\/wp\/v2\/product"}],"about":[{"href":"https:\/\/ortopediagorgo.com.ar\/index.php?rest_route=\/wp\/v2\/types\/product"}],"replies":[{"embeddable":true,"href":"https:\/\/ortopediagorgo.com.ar\/index.php?rest_route=%2Fwp%2Fv2%2Fcomments&post=3145"}],"version-history":[{"count":5,"href":"https:\/\/ortopediagorgo.com.ar\/index.php?rest_route=\/wp\/v2\/product\/3145\/revisions"}],"predecessor-version":[{"id":3746,"href":"https:\/\/ortopediagorgo.com.ar\/index.php?rest_route=\/wp\/v2\/product\/3145\/revisions\/3746"}],"wp:featuredmedia":[{"embeddable":true,"href":"https:\/\/ortopediagorgo.com.ar\/index.php?rest_route=\/wp\/v2\/media\/3146"}],"wp:attachment":[{"href":"https:\/\/ortopediagorgo.com.ar\/index.php?rest_route=%2Fwp%2Fv2%2Fmedia&parent=3145"}],"wp:term":[{"taxonomy":"product_brand","embeddable":true,"href":"https:\/\/ortopediagorgo.com.ar\/index.php?rest_route=%2Fwp%2Fv2%2Fproduct_brand&post=3145"},{"taxonomy":"product_cat","embeddable":true,"href":"https:\/\/ortopediagorgo.com.ar\/index.php?rest_route=%2Fwp%2Fv2%2Fproduct_cat&post=3145"},{"taxonomy":"product_tag","embeddable":true,"href":"https:\/\/ortopediagorgo.com.ar\/index.php?rest_route=%2Fwp%2Fv2%2Fproduct_tag&post=3145"}],"curies":[{"name":"wp","href":"https:\/\/api.w.org\/{rel}","templated":true}]}}