{"id":3198,"date":"2025-07-17T17:14:57","date_gmt":"2025-07-17T20:14:57","guid":{"rendered":"http:\/\/ortopediagorgo.com.ar\/?post_type=product&#038;p=3198"},"modified":"2025-07-17T17:14:58","modified_gmt":"2025-07-17T20:14:58","slug":"silla-de-ruedas-motorizada-therarider-theramart","status":"publish","type":"product","link":"https:\/\/ortopediagorgo.com.ar\/?product=silla-de-ruedas-motorizada-therarider-theramart","title":{"rendered":"Silla de Ruedas Motorizada TheraRider THERAMART"},"content":{"rendered":"<p><strong>Material:<\/strong>\u00a0Chasis de acero.<\/p>\n<p><strong>Medidas:\u00a0<\/strong>114 x 63 x 92 cm<\/p>\n","protected":false},"excerpt":{"rendered":"<p>15 km de autonom\u00eda para disfrutar de largas distancias.<\/p>\n<p>M\u00e1s seguridad y estabilidad &#8211; dise\u00f1o con frenos electromagn\u00e9ticos.<\/p>\n<p>Cuida tu postura con su c\u00f3moda estructura ergon\u00f3mica.<\/p>\n<p>Plegado pr\u00e1ctico para su f\u00e1cil transporte.<\/p>\n","protected":false},"featured_media":3199,"comment_status":"open","ping_status":"closed","template":"","meta":{"_monsterinsights_skip_tracking":false,"_monsterinsights_sitenote_active":false,"_monsterinsights_sitenote_note":"","_monsterinsights_sitenote_category":0},"product_brand":[],"product_cat":[279],"product_tag":[351,331,280],"class_list":{"0":"post-3198","1":"product","2":"type-product","3":"status-publish","4":"has-post-thumbnail","6":"product_cat-sillas-de-ruedas","7":"product_tag-movilidad","8":"product_tag-pacientes","9":"product_tag-silladeruedas","11":"first","12":"instock","13":"shipping-taxable","14":"product-type-simple"},"_links":{"self":[{"href":"https:\/\/ortopediagorgo.com.ar\/index.php?rest_route=\/wp\/v2\/product\/3198","targetHints":{"allow":["GET"]}}],"collection":[{"href":"https:\/\/ortopediagorgo.com.ar\/index.php?rest_route=\/wp\/v2\/product"}],"about":[{"href":"https:\/\/ortopediagorgo.com.ar\/index.php?rest_route=\/wp\/v2\/types\/product"}],"replies":[{"embeddable":true,"href":"https:\/\/ortopediagorgo.com.ar\/index.php?rest_route=%2Fwp%2Fv2%2Fcomments&post=3198"}],"version-history":[{"count":1,"href":"https:\/\/ortopediagorgo.com.ar\/index.php?rest_route=\/wp\/v2\/product\/3198\/revisions"}],"predecessor-version":[{"id":3202,"href":"https:\/\/ortopediagorgo.com.ar\/index.php?rest_route=\/wp\/v2\/product\/3198\/revisions\/3202"}],"wp:featuredmedia":[{"embeddable":true,"href":"https:\/\/ortopediagorgo.com.ar\/index.php?rest_route=\/wp\/v2\/media\/3199"}],"wp:attachment":[{"href":"https:\/\/ortopediagorgo.com.ar\/index.php?rest_route=%2Fwp%2Fv2%2Fmedia&parent=3198"}],"wp:term":[{"taxonomy":"product_brand","embeddable":true,"href":"https:\/\/ortopediagorgo.com.ar\/index.php?rest_route=%2Fwp%2Fv2%2Fproduct_brand&post=3198"},{"taxonomy":"product_cat","embeddable":true,"href":"https:\/\/ortopediagorgo.com.ar\/index.php?rest_route=%2Fwp%2Fv2%2Fproduct_cat&post=3198"},{"taxonomy":"product_tag","embeddable":true,"href":"https:\/\/ortopediagorgo.com.ar\/index.php?rest_route=%2Fwp%2Fv2%2Fproduct_tag&post=3198"}],"curies":[{"name":"wp","href":"https:\/\/api.w.org\/{rel}","templated":true}]}}