{"id":3322,"date":"2025-08-13T15:37:01","date_gmt":"2025-08-13T18:37:01","guid":{"rendered":"http:\/\/ortopediagorgo.com.ar\/?post_type=product&#038;p=3322"},"modified":"2025-08-13T15:37:02","modified_gmt":"2025-08-13T18:37:02","slug":"gel-frio-calor-grande-26x17cm-body-care","status":"publish","type":"product","link":"https:\/\/ortopediagorgo.com.ar\/?product=gel-frio-calor-grande-26x17cm-body-care","title":{"rendered":"Gel Frio-Calor GRANDE 26x17cm BODY CARE"},"content":{"rendered":"<p class=\"p1\"><strong>CARACTER\u00cdSTICAS T\u00c9CNICAS<\/strong><\/p>\n<p class=\"p2\">\u2022 Confeccionado en Polietileno-Adhesivo-Nylon.<\/p>\n<p class=\"p2\">\u2022 Fr\u00edo\/calor.<\/p>\n<p class=\"p2\">\u2022 Reutilizable.<\/p>\n<p class=\"p2\">\u2022 Flexible.<\/p>\n<p class=\"p2\">\u2022 Anat\u00f3mico.<\/p>\n","protected":false},"excerpt":{"rendered":"<p class=\"p1\"><strong>INDICACIONES<\/strong><\/p>\n<p class=\"p2\">\u2022 Relajaci\u00f3n.<\/p>\n<p class=\"p2\">\u2022 Tratamientos de traumatismos y diversas dolencias corporales.<\/p>\n<p class=\"p2\">\u2022 Tratamientos post-quir\u00fargicos.<\/p>\n<p class=\"p2\">\u2022 En estado fr\u00edo, para disminuir inflamaciones y hematomas, evitar la formaci\u00f3n de edemas, paliar la fiebre y dolores de cabeza. Relaja tensiones y dolencias generadas por traumatismos, esguinces, tendinitis y esfuerzos articulares.<\/p>\n<p class=\"p2\">\u2022 En estado caliente, aplicado sobre la piel protegido por un pa\u00f1o, ideal para desgarros, tensi\u00f3n muscular, artrosis, tort\u00edcolis y lumbago.<\/p>\n","protected":false},"featured_media":0,"comment_status":"open","ping_status":"closed","template":"","meta":{"_monsterinsights_skip_tracking":false,"_monsterinsights_sitenote_active":false,"_monsterinsights_sitenote_note":"","_monsterinsights_sitenote_category":0},"product_brand":[],"product_cat":[352],"product_tag":[],"class_list":{"0":"post-3322","1":"product","2":"type-product","3":"status-publish","5":"product_cat-gel-frio-calor","7":"first","8":"instock","9":"shipping-taxable","10":"product-type-simple"},"_links":{"self":[{"href":"https:\/\/ortopediagorgo.com.ar\/index.php?rest_route=\/wp\/v2\/product\/3322","targetHints":{"allow":["GET"]}}],"collection":[{"href":"https:\/\/ortopediagorgo.com.ar\/index.php?rest_route=\/wp\/v2\/product"}],"about":[{"href":"https:\/\/ortopediagorgo.com.ar\/index.php?rest_route=\/wp\/v2\/types\/product"}],"replies":[{"embeddable":true,"href":"https:\/\/ortopediagorgo.com.ar\/index.php?rest_route=%2Fwp%2Fv2%2Fcomments&post=3322"}],"version-history":[{"count":1,"href":"https:\/\/ortopediagorgo.com.ar\/index.php?rest_route=\/wp\/v2\/product\/3322\/revisions"}],"predecessor-version":[{"id":3324,"href":"https:\/\/ortopediagorgo.com.ar\/index.php?rest_route=\/wp\/v2\/product\/3322\/revisions\/3324"}],"wp:attachment":[{"href":"https:\/\/ortopediagorgo.com.ar\/index.php?rest_route=%2Fwp%2Fv2%2Fmedia&parent=3322"}],"wp:term":[{"taxonomy":"product_brand","embeddable":true,"href":"https:\/\/ortopediagorgo.com.ar\/index.php?rest_route=%2Fwp%2Fv2%2Fproduct_brand&post=3322"},{"taxonomy":"product_cat","embeddable":true,"href":"https:\/\/ortopediagorgo.com.ar\/index.php?rest_route=%2Fwp%2Fv2%2Fproduct_cat&post=3322"},{"taxonomy":"product_tag","embeddable":true,"href":"https:\/\/ortopediagorgo.com.ar\/index.php?rest_route=%2Fwp%2Fv2%2Fproduct_tag&post=3322"}],"curies":[{"name":"wp","href":"https:\/\/api.w.org\/{rel}","templated":true}]}}