{"id":3330,"date":"2025-08-13T16:10:31","date_gmt":"2025-08-13T19:10:31","guid":{"rendered":"http:\/\/ortopediagorgo.com.ar\/?post_type=product&#038;p=3330"},"modified":"2025-08-13T16:10:32","modified_gmt":"2025-08-13T19:10:32","slug":"guantes-de-compresion-con-cobre","status":"publish","type":"product","link":"https:\/\/ortopediagorgo.com.ar\/?product=guantes-de-compresion-con-cobre","title":{"rendered":"Guantes de Compresion Con Cobre"},"content":{"rendered":"<p><span class=\"accordion-title\">BENEFICIOS<\/span><span class=\"accordion-icon\" aria-hidden=\"true\">+<\/span><\/p>\n<div class=\"accordion-content\">\n<ul>\n<li>Confeccionado para mejorar el rendimiento, ayudar a acelerar la recuperaci\u00f3n y aliviar las lesiones y la inflamaci\u00f3n.<\/li>\n<li>Brinda soporte a las articulaciones de la mano y el t\u00fanel carpiano, al escribir, usar dispositivos o acciones que generen, dolor purulento y lesiones por estr\u00e9s repetitivo.<\/li>\n<li>Dise\u00f1ado para ser utilizado por personas que sufren de dolor en las manos, artritis, t\u00fanel carpiano, tendinitis, m\u00fasculos r\u00edgidos o doloridos, tendones y articulaciones, y m\u00e1s.<\/li>\n<li>Mantiene el flujo sangu\u00edneo rico en nutrientes y restringe la acumulaci\u00f3n de exceso de l\u00edquido.<\/li>\n<li>Contiene hilado con infusi\u00f3n de cobre que contribuye a aliviar la rigidez, dolor y molestias en manos y dedos producto de la artritis.<\/li>\n<li>La palma recubierta por l\u00edneas de silicona permite un agarre seguro y confortable<\/li>\n<\/ul>\n<p><span class=\"accordion-title\">PATOLOG\u00cdAS<\/span><span class=\"accordion-icon\" aria-hidden=\"true\">+<\/span><\/p>\n<div class=\"accordion-content\">\n<p>Este producto podr\u00eda indicarse para atender las siguientes patolog\u00edas:<\/p>\n<ul>\n<li>Artritis<\/li>\n<li>Tunel Carpiano<\/li>\n<li>Tendinitis<\/li>\n<li>Dolor Muscular<\/li>\n<\/ul>\n<\/div>\n<\/div>\n","protected":false},"excerpt":{"rendered":"<p>Dise\u00f1ado para ser utilizado por personas que sufren de dolor en las manos, artritis, t\u00fanel carpiano, tendinitis, m\u00fasculos r\u00edgidos o doloridos, tendones y articulaciones, y m\u00e1s. Confeccionado para mejorar el rendimiento, ayudar a acelerar la recuperaci\u00f3n y aliviar las lesiones y la inflamaci\u00f3n. Brinda soporte a las articulaciones de la mano y el t\u00fanel carpiano, al escribir, usar dispositivos o acciones que generen, dolor purulento y lesiones por estr\u00e9s repetitivo.<\/p>\n","protected":false},"featured_media":3332,"comment_status":"open","ping_status":"closed","template":"","meta":{"_monsterinsights_skip_tracking":false,"_monsterinsights_sitenote_active":false,"_monsterinsights_sitenote_note":"","_monsterinsights_sitenote_category":0},"product_brand":[],"product_cat":[107],"product_tag":[],"class_list":{"0":"post-3330","1":"product","2":"type-product","3":"status-publish","4":"has-post-thumbnail","6":"product_cat-brazo-codo-muneca-miembre-superio","8":"first","9":"instock","10":"shipping-taxable","11":"product-type-simple"},"_links":{"self":[{"href":"https:\/\/ortopediagorgo.com.ar\/index.php?rest_route=\/wp\/v2\/product\/3330","targetHints":{"allow":["GET"]}}],"collection":[{"href":"https:\/\/ortopediagorgo.com.ar\/index.php?rest_route=\/wp\/v2\/product"}],"about":[{"href":"https:\/\/ortopediagorgo.com.ar\/index.php?rest_route=\/wp\/v2\/types\/product"}],"replies":[{"embeddable":true,"href":"https:\/\/ortopediagorgo.com.ar\/index.php?rest_route=%2Fwp%2Fv2%2Fcomments&post=3330"}],"version-history":[{"count":1,"href":"https:\/\/ortopediagorgo.com.ar\/index.php?rest_route=\/wp\/v2\/product\/3330\/revisions"}],"predecessor-version":[{"id":3334,"href":"https:\/\/ortopediagorgo.com.ar\/index.php?rest_route=\/wp\/v2\/product\/3330\/revisions\/3334"}],"wp:featuredmedia":[{"embeddable":true,"href":"https:\/\/ortopediagorgo.com.ar\/index.php?rest_route=\/wp\/v2\/media\/3332"}],"wp:attachment":[{"href":"https:\/\/ortopediagorgo.com.ar\/index.php?rest_route=%2Fwp%2Fv2%2Fmedia&parent=3330"}],"wp:term":[{"taxonomy":"product_brand","embeddable":true,"href":"https:\/\/ortopediagorgo.com.ar\/index.php?rest_route=%2Fwp%2Fv2%2Fproduct_brand&post=3330"},{"taxonomy":"product_cat","embeddable":true,"href":"https:\/\/ortopediagorgo.com.ar\/index.php?rest_route=%2Fwp%2Fv2%2Fproduct_cat&post=3330"},{"taxonomy":"product_tag","embeddable":true,"href":"https:\/\/ortopediagorgo.com.ar\/index.php?rest_route=%2Fwp%2Fv2%2Fproduct_tag&post=3330"}],"curies":[{"name":"wp","href":"https:\/\/api.w.org\/{rel}","templated":true}]}}