{"id":3374,"date":"2025-08-29T17:16:09","date_gmt":"2025-08-29T20:16:09","guid":{"rendered":"http:\/\/ortopediagorgo.com.ar\/?post_type=product&#038;p=3374"},"modified":"2025-08-29T17:16:10","modified_gmt":"2025-08-29T20:16:10","slug":"nebulizador-a-piston-pediatrico-infantil-mediair","status":"publish","type":"product","link":"https:\/\/ortopediagorgo.com.ar\/?product=nebulizador-a-piston-pediatrico-infantil-mediair","title":{"rendered":"Nebulizador a Piston Pedi\u00e1trico Infantil Mediair"},"content":{"rendered":"<p>\u00bfPor qu\u00e9 usar un nebulizador?<\/p>\n<p>Porque es una de las formas m\u00e1s efectivas y c\u00f3modas de llevar medicamentos directamente a tus pulmones.<br \/>\nAlivia s\u00edntomas respiratorios como:<br \/>\n\u2022 Tos persistente<br \/>\n\u2022 Congesti\u00f3n<br \/>\n\u2022 Asma<br \/>\n\u2022 Bronquitis<br \/>\n\u2022 Alergias<\/p>\n","protected":false},"excerpt":{"rendered":"<p>\u00bfPor qu\u00e9 usar un nebulizador? Porque es una de las formas m\u00e1s efectivas y c\u00f3modas de llevar medicamentos directamente a tus pulmones. Alivia s\u00edntomas respiratorios como: \u2022 Tos persistente \u2022 Congesti\u00f3n \u2022 Asma \u2022 Bronquitis \u2022 Alergias<\/p>\n","protected":false},"featured_media":3375,"comment_status":"open","ping_status":"closed","template":"","meta":{"_monsterinsights_skip_tracking":false,"_monsterinsights_sitenote_active":false,"_monsterinsights_sitenote_note":"","_monsterinsights_sitenote_category":0},"product_brand":[],"product_cat":[55],"product_tag":[],"class_list":{"0":"post-3374","1":"product","2":"type-product","3":"status-publish","4":"has-post-thumbnail","6":"product_cat-nebulizadores-aspiradores-aerocamaras","8":"first","9":"instock","10":"shipping-taxable","11":"product-type-simple"},"_links":{"self":[{"href":"https:\/\/ortopediagorgo.com.ar\/index.php?rest_route=\/wp\/v2\/product\/3374","targetHints":{"allow":["GET"]}}],"collection":[{"href":"https:\/\/ortopediagorgo.com.ar\/index.php?rest_route=\/wp\/v2\/product"}],"about":[{"href":"https:\/\/ortopediagorgo.com.ar\/index.php?rest_route=\/wp\/v2\/types\/product"}],"replies":[{"embeddable":true,"href":"https:\/\/ortopediagorgo.com.ar\/index.php?rest_route=%2Fwp%2Fv2%2Fcomments&post=3374"}],"version-history":[{"count":1,"href":"https:\/\/ortopediagorgo.com.ar\/index.php?rest_route=\/wp\/v2\/product\/3374\/revisions"}],"predecessor-version":[{"id":3377,"href":"https:\/\/ortopediagorgo.com.ar\/index.php?rest_route=\/wp\/v2\/product\/3374\/revisions\/3377"}],"wp:featuredmedia":[{"embeddable":true,"href":"https:\/\/ortopediagorgo.com.ar\/index.php?rest_route=\/wp\/v2\/media\/3375"}],"wp:attachment":[{"href":"https:\/\/ortopediagorgo.com.ar\/index.php?rest_route=%2Fwp%2Fv2%2Fmedia&parent=3374"}],"wp:term":[{"taxonomy":"product_brand","embeddable":true,"href":"https:\/\/ortopediagorgo.com.ar\/index.php?rest_route=%2Fwp%2Fv2%2Fproduct_brand&post=3374"},{"taxonomy":"product_cat","embeddable":true,"href":"https:\/\/ortopediagorgo.com.ar\/index.php?rest_route=%2Fwp%2Fv2%2Fproduct_cat&post=3374"},{"taxonomy":"product_tag","embeddable":true,"href":"https:\/\/ortopediagorgo.com.ar\/index.php?rest_route=%2Fwp%2Fv2%2Fproduct_tag&post=3374"}],"curies":[{"name":"wp","href":"https:\/\/api.w.org\/{rel}","templated":true}]}}