{"id":3388,"date":"2025-09-30T15:03:29","date_gmt":"2025-09-30T18:03:29","guid":{"rendered":"http:\/\/ortopediagorgo.com.ar\/?post_type=product&#038;p=3388"},"modified":"2025-09-30T15:03:29","modified_gmt":"2025-09-30T18:03:29","slug":"compresas-descartables-k-tex-pro2","status":"publish","type":"product","link":"https:\/\/ortopediagorgo.com.ar\/?product=compresas-descartables-k-tex-pro2","title":{"rendered":"Compresas Descartables K-tex Pro2"},"content":{"rendered":"<p>Compresas impermeables y descartables.<\/p>\n<p>Las compresas desechables se fabrican en pura guata de celulosa altamente absorbente acoplada y gofrada con una capa de polietileno impermeable. Las compresas se manipulan de forma individual y est\u00e1n protegidas del polvo y de la contaminaci\u00f3n para una higiene m\u00e1xima y una gran comodidad de uso<\/p>\n<p>LAS COMPRESAS VIENEN EN PACK DE 50 o 100 UNIDADES, EXCELENTE CALIDAD.<br \/>\nHay variedad de colores (consultar disponibilidad de opciones al comprar)<\/p>\n","protected":false},"excerpt":{"rendered":"<p>&#8211; Pr\u00e1cticas<br \/>\n&#8211; Seguras, absorbentes y protectoras sin colas<br \/>\n&#8211; Fabricadas con celulosa pura, acopladas mediante gofrado y temperatura con una pel\u00edcula de polietileno libre de contaminantes.<br \/>\n&#8211; Medidas: 45 x 33 cm<\/p>\n","protected":false},"featured_media":3389,"comment_status":"open","ping_status":"closed","template":"","meta":{"_monsterinsights_skip_tracking":false,"_monsterinsights_sitenote_active":false,"_monsterinsights_sitenote_note":"","_monsterinsights_sitenote_category":0},"product_brand":[],"product_cat":[354],"product_tag":[356,355,296,57],"class_list":{"0":"post-3388","1":"product","2":"type-product","3":"status-publish","4":"has-post-thumbnail","6":"product_cat-descartable-medico","7":"product_tag-insumos","8":"product_tag-materialdescartable","9":"product_tag-medicos","10":"product_tag-salud","12":"first","13":"instock","14":"shipping-taxable","15":"product-type-simple"},"_links":{"self":[{"href":"https:\/\/ortopediagorgo.com.ar\/index.php?rest_route=\/wp\/v2\/product\/3388","targetHints":{"allow":["GET"]}}],"collection":[{"href":"https:\/\/ortopediagorgo.com.ar\/index.php?rest_route=\/wp\/v2\/product"}],"about":[{"href":"https:\/\/ortopediagorgo.com.ar\/index.php?rest_route=\/wp\/v2\/types\/product"}],"replies":[{"embeddable":true,"href":"https:\/\/ortopediagorgo.com.ar\/index.php?rest_route=%2Fwp%2Fv2%2Fcomments&post=3388"}],"version-history":[{"count":1,"href":"https:\/\/ortopediagorgo.com.ar\/index.php?rest_route=\/wp\/v2\/product\/3388\/revisions"}],"predecessor-version":[{"id":3390,"href":"https:\/\/ortopediagorgo.com.ar\/index.php?rest_route=\/wp\/v2\/product\/3388\/revisions\/3390"}],"wp:featuredmedia":[{"embeddable":true,"href":"https:\/\/ortopediagorgo.com.ar\/index.php?rest_route=\/wp\/v2\/media\/3389"}],"wp:attachment":[{"href":"https:\/\/ortopediagorgo.com.ar\/index.php?rest_route=%2Fwp%2Fv2%2Fmedia&parent=3388"}],"wp:term":[{"taxonomy":"product_brand","embeddable":true,"href":"https:\/\/ortopediagorgo.com.ar\/index.php?rest_route=%2Fwp%2Fv2%2Fproduct_brand&post=3388"},{"taxonomy":"product_cat","embeddable":true,"href":"https:\/\/ortopediagorgo.com.ar\/index.php?rest_route=%2Fwp%2Fv2%2Fproduct_cat&post=3388"},{"taxonomy":"product_tag","embeddable":true,"href":"https:\/\/ortopediagorgo.com.ar\/index.php?rest_route=%2Fwp%2Fv2%2Fproduct_tag&post=3388"}],"curies":[{"name":"wp","href":"https:\/\/api.w.org\/{rel}","templated":true}]}}