{"id":3406,"date":"2025-09-30T15:51:24","date_gmt":"2025-09-30T18:51:24","guid":{"rendered":"http:\/\/ortopediagorgo.com.ar\/?post_type=product&#038;p=3406"},"modified":"2025-09-30T15:51:24","modified_gmt":"2025-09-30T18:51:24","slug":"media-3-4-de-poliamida-compresion-graduada-15-20-mm-hg-art-2l11051","status":"publish","type":"product","link":"https:\/\/ortopediagorgo.com.ar\/?product=media-3-4-de-poliamida-compresion-graduada-15-20-mm-hg-art-2l11051","title":{"rendered":"Media 3\/4 De Poliamida Compresi\u00f3n Graduada 15-20 mm hg (Art. 2L11051)"},"content":{"rendered":"<p>La compresi\u00f3n moderada de 15-20 mmHg se recomienda por m\u00e9dicos para ayudar a aliviar las piernas cansadas, pesadas y doloridas; ara\u00f1as vasculares, venas varicosas e hinchaz\u00f3n de las piernas y los pies para mantener una buena circulaci\u00f3n y salud de las piernas.<\/p>\n","protected":false},"excerpt":{"rendered":"<p>Media 3\/4 De Poliamida Compresi\u00f3n Graduada 15-20 Mm Hg<\/p>\n<p>78% Poliamida<br \/>\n22% Elastano<\/p>\n","protected":false},"featured_media":3407,"comment_status":"open","ping_status":"closed","template":"","meta":{"_monsterinsights_skip_tracking":false,"_monsterinsights_sitenote_active":false,"_monsterinsights_sitenote_note":"","_monsterinsights_sitenote_category":0},"product_brand":[],"product_cat":[202],"product_tag":[121,265],"class_list":{"0":"post-3406","1":"product","2":"type-product","3":"status-publish","4":"has-post-thumbnail","6":"product_cat-medias-terapeuticas-compresion","7":"product_tag-compresion","8":"product_tag-medias","10":"first","11":"instock","12":"shipping-taxable","13":"product-type-simple"},"_links":{"self":[{"href":"https:\/\/ortopediagorgo.com.ar\/index.php?rest_route=\/wp\/v2\/product\/3406","targetHints":{"allow":["GET"]}}],"collection":[{"href":"https:\/\/ortopediagorgo.com.ar\/index.php?rest_route=\/wp\/v2\/product"}],"about":[{"href":"https:\/\/ortopediagorgo.com.ar\/index.php?rest_route=\/wp\/v2\/types\/product"}],"replies":[{"embeddable":true,"href":"https:\/\/ortopediagorgo.com.ar\/index.php?rest_route=%2Fwp%2Fv2%2Fcomments&post=3406"}],"version-history":[{"count":1,"href":"https:\/\/ortopediagorgo.com.ar\/index.php?rest_route=\/wp\/v2\/product\/3406\/revisions"}],"predecessor-version":[{"id":3408,"href":"https:\/\/ortopediagorgo.com.ar\/index.php?rest_route=\/wp\/v2\/product\/3406\/revisions\/3408"}],"wp:featuredmedia":[{"embeddable":true,"href":"https:\/\/ortopediagorgo.com.ar\/index.php?rest_route=\/wp\/v2\/media\/3407"}],"wp:attachment":[{"href":"https:\/\/ortopediagorgo.com.ar\/index.php?rest_route=%2Fwp%2Fv2%2Fmedia&parent=3406"}],"wp:term":[{"taxonomy":"product_brand","embeddable":true,"href":"https:\/\/ortopediagorgo.com.ar\/index.php?rest_route=%2Fwp%2Fv2%2Fproduct_brand&post=3406"},{"taxonomy":"product_cat","embeddable":true,"href":"https:\/\/ortopediagorgo.com.ar\/index.php?rest_route=%2Fwp%2Fv2%2Fproduct_cat&post=3406"},{"taxonomy":"product_tag","embeddable":true,"href":"https:\/\/ortopediagorgo.com.ar\/index.php?rest_route=%2Fwp%2Fv2%2Fproduct_tag&post=3406"}],"curies":[{"name":"wp","href":"https:\/\/api.w.org\/{rel}","templated":true}]}}