{"id":3414,"date":"2025-09-30T16:01:01","date_gmt":"2025-09-30T19:01:01","guid":{"rendered":"http:\/\/ortopediagorgo.com.ar\/?post_type=product&#038;p=3414"},"modified":"2025-09-30T16:05:36","modified_gmt":"2025-09-30T19:05:36","slug":"media-3-4-sin-puntera-de-poliamida-compresion-graduada-8-15-mm-hg-art-2l11054","status":"publish","type":"product","link":"https:\/\/ortopediagorgo.com.ar\/?product=media-3-4-sin-puntera-de-poliamida-compresion-graduada-8-15-mm-hg-art-2l11054","title":{"rendered":"Media 3\/4 SIN PUNTERA De Poliamida Compresi\u00f3n Graduada 8-15 mm hg (Art. 2L11054)"},"content":{"rendered":"<p>Las medias de baja compresi\u00f3n tienen una presi\u00f3n de entre 8 a 15 mmHg. Estas medias son ideales para aquellas personas que tienen problemas leves de circulaci\u00f3n sangu\u00ednea, como varices iniciales, dolor e hinchaz\u00f3n en las piernas despu\u00e9s de un largo d\u00eda de trabajo<\/p>\n","protected":false},"excerpt":{"rendered":"<p>Medias 3\/4 8-15 mm HG Lauda Sin Puntera Varices Mujer<\/p>\n<p>77% Poliamida<br \/>\n23% Elastano<\/p>\n","protected":false},"featured_media":3412,"comment_status":"open","ping_status":"closed","template":"","meta":{"_monsterinsights_skip_tracking":false,"_monsterinsights_sitenote_active":false,"_monsterinsights_sitenote_note":"","_monsterinsights_sitenote_category":0},"product_brand":[],"product_cat":[202],"product_tag":[121,265],"class_list":{"0":"post-3414","1":"product","2":"type-product","3":"status-publish","4":"has-post-thumbnail","6":"product_cat-medias-terapeuticas-compresion","7":"product_tag-compresion","8":"product_tag-medias","10":"first","11":"instock","12":"shipping-taxable","13":"product-type-simple"},"_links":{"self":[{"href":"https:\/\/ortopediagorgo.com.ar\/index.php?rest_route=\/wp\/v2\/product\/3414","targetHints":{"allow":["GET"]}}],"collection":[{"href":"https:\/\/ortopediagorgo.com.ar\/index.php?rest_route=\/wp\/v2\/product"}],"about":[{"href":"https:\/\/ortopediagorgo.com.ar\/index.php?rest_route=\/wp\/v2\/types\/product"}],"replies":[{"embeddable":true,"href":"https:\/\/ortopediagorgo.com.ar\/index.php?rest_route=%2Fwp%2Fv2%2Fcomments&post=3414"}],"version-history":[{"count":2,"href":"https:\/\/ortopediagorgo.com.ar\/index.php?rest_route=\/wp\/v2\/product\/3414\/revisions"}],"predecessor-version":[{"id":3416,"href":"https:\/\/ortopediagorgo.com.ar\/index.php?rest_route=\/wp\/v2\/product\/3414\/revisions\/3416"}],"wp:featuredmedia":[{"embeddable":true,"href":"https:\/\/ortopediagorgo.com.ar\/index.php?rest_route=\/wp\/v2\/media\/3412"}],"wp:attachment":[{"href":"https:\/\/ortopediagorgo.com.ar\/index.php?rest_route=%2Fwp%2Fv2%2Fmedia&parent=3414"}],"wp:term":[{"taxonomy":"product_brand","embeddable":true,"href":"https:\/\/ortopediagorgo.com.ar\/index.php?rest_route=%2Fwp%2Fv2%2Fproduct_brand&post=3414"},{"taxonomy":"product_cat","embeddable":true,"href":"https:\/\/ortopediagorgo.com.ar\/index.php?rest_route=%2Fwp%2Fv2%2Fproduct_cat&post=3414"},{"taxonomy":"product_tag","embeddable":true,"href":"https:\/\/ortopediagorgo.com.ar\/index.php?rest_route=%2Fwp%2Fv2%2Fproduct_tag&post=3414"}],"curies":[{"name":"wp","href":"https:\/\/api.w.org\/{rel}","templated":true}]}}