{"id":3431,"date":"2025-09-30T16:29:42","date_gmt":"2025-09-30T19:29:42","guid":{"rendered":"http:\/\/ortopediagorgo.com.ar\/?post_type=product&#038;p=3431"},"modified":"2025-09-30T16:29:42","modified_gmt":"2025-09-30T19:29:42","slug":"media-3-4-de-microfibra-20-30-mmhg-art-2l10343","status":"publish","type":"product","link":"https:\/\/ortopediagorgo.com.ar\/?product=media-3-4-de-microfibra-20-30-mmhg-art-2l10343","title":{"rendered":"Media 3\/4 de Microfibra 20-30 mmHg (Art. 2L10343)"},"content":{"rendered":"<p>Las medias de compresi\u00f3n 20-30 mmHg indican que ejercen una presi\u00f3n graduada, siendo m\u00e1s fuerte en el tobillo y disminuyendo hacia la parte superior de la pierna, para mejorar la circulaci\u00f3n sangu\u00ednea. Este es un nivel de compresi\u00f3n firme, com\u00fanmente recetado por m\u00e9dicos para tratar condiciones como venas varicosas, dolor cr\u00f3nico de piernas y edema leve a moderado, o como complemento a procedimientos quir\u00fargicos.<\/p>\n","protected":false},"excerpt":{"rendered":"<p>MEDIA TERAP\u00c9UTICA HOMBRE 3\/4 MICROFIBRA 20-30 MMHG LAUDA SOCKS<\/p>\n<p>88% poliamida<\/p>\n<p>12% elastano<\/p>\n","protected":false},"featured_media":3432,"comment_status":"open","ping_status":"closed","template":"","meta":{"_monsterinsights_skip_tracking":false,"_monsterinsights_sitenote_active":false,"_monsterinsights_sitenote_note":"","_monsterinsights_sitenote_category":0},"product_brand":[],"product_cat":[202],"product_tag":[121,229,265],"class_list":{"0":"post-3431","1":"product","2":"type-product","3":"status-publish","4":"has-post-thumbnail","6":"product_cat-medias-terapeuticas-compresion","7":"product_tag-compresion","8":"product_tag-descanso","9":"product_tag-medias","11":"first","12":"instock","13":"shipping-taxable","14":"product-type-simple"},"_links":{"self":[{"href":"https:\/\/ortopediagorgo.com.ar\/index.php?rest_route=\/wp\/v2\/product\/3431","targetHints":{"allow":["GET"]}}],"collection":[{"href":"https:\/\/ortopediagorgo.com.ar\/index.php?rest_route=\/wp\/v2\/product"}],"about":[{"href":"https:\/\/ortopediagorgo.com.ar\/index.php?rest_route=\/wp\/v2\/types\/product"}],"replies":[{"embeddable":true,"href":"https:\/\/ortopediagorgo.com.ar\/index.php?rest_route=%2Fwp%2Fv2%2Fcomments&post=3431"}],"version-history":[{"count":1,"href":"https:\/\/ortopediagorgo.com.ar\/index.php?rest_route=\/wp\/v2\/product\/3431\/revisions"}],"predecessor-version":[{"id":3434,"href":"https:\/\/ortopediagorgo.com.ar\/index.php?rest_route=\/wp\/v2\/product\/3431\/revisions\/3434"}],"wp:featuredmedia":[{"embeddable":true,"href":"https:\/\/ortopediagorgo.com.ar\/index.php?rest_route=\/wp\/v2\/media\/3432"}],"wp:attachment":[{"href":"https:\/\/ortopediagorgo.com.ar\/index.php?rest_route=%2Fwp%2Fv2%2Fmedia&parent=3431"}],"wp:term":[{"taxonomy":"product_brand","embeddable":true,"href":"https:\/\/ortopediagorgo.com.ar\/index.php?rest_route=%2Fwp%2Fv2%2Fproduct_brand&post=3431"},{"taxonomy":"product_cat","embeddable":true,"href":"https:\/\/ortopediagorgo.com.ar\/index.php?rest_route=%2Fwp%2Fv2%2Fproduct_cat&post=3431"},{"taxonomy":"product_tag","embeddable":true,"href":"https:\/\/ortopediagorgo.com.ar\/index.php?rest_route=%2Fwp%2Fv2%2Fproduct_tag&post=3431"}],"curies":[{"name":"wp","href":"https:\/\/api.w.org\/{rel}","templated":true}]}}