{"id":3448,"date":"2025-10-26T20:32:54","date_gmt":"2025-10-26T23:32:54","guid":{"rendered":"http:\/\/ortopediagorgo.com.ar\/?post_type=product&#038;p=3448"},"modified":"2025-10-26T21:00:28","modified_gmt":"2025-10-27T00:00:28","slug":"tensiometro-automatico-de-brazo-omron-hem-7121j","status":"publish","type":"product","link":"https:\/\/ortopediagorgo.com.ar\/?product=tensiometro-automatico-de-brazo-omron-hem-7121j","title":{"rendered":"Tensi\u00f3metro autom\u00e1tico de brazo OMRON HEM-7121J"},"content":{"rendered":"<p>El Monitor de Presi\u00f3n alerta al usuario cuando detecta latidos irregulares. Su Gu\u00eda de Ajuste avisa cuando el brazalete no est\u00e1 colocado adecuadamente, reduciendo los errores. Adicionalmente, cuenta con un Brazalete Universal que se ajusta f\u00e1cil y c\u00f3modamente a brazos de 22 a 42 cm de circunferencia. El monitor es compatible con la App OMRON Connect lo cual permite el almacenaje de los datos de mediciones.<\/p>\n<p>CARACTER\u00cdSTICAS:<\/p>\n<p>\u2022 Brazalete universal (22 a 42cm)<\/p>\n<p>Pr\u00e1ctico y funcional<br \/>\nCon este tensi\u00f3metro de brazo tendr\u00e1s la libertad de tomar tu presi\u00f3n arterial por tu propia cuenta, con autonom\u00eda, facilidad y alta precisi\u00f3n cl\u00ednica. Coloca el brazalete, ajusta el velcro y comienza con la medici\u00f3n\u2022 Almacenamiento de la \u00faltima medici\u00f3n<\/p>\n<p>\u2022 Sistema de inflaci\u00f3n \u00f3ptima Intellisense<\/p>\n<p>\u2022 Detector de latidos irregulares<\/p>\n<p>\u2022 5 a\u00f1os de garant\u00eda<\/p>\n<p>__________________________________________________<\/p>\n<p>INCLUYE:<\/p>\n<p class=\"Detalle__secc2_parrafo mb-3 text-white\">\u2022 Monitor de presi\u00f3n arterial<\/p>\n<p class=\"Detalle__secc2_parrafo mb-3 text-white\">\u2022 Brazalete<\/p>\n<p class=\"Detalle__secc2_parrafo mb-3 text-white\">\u2022 Manual de Instrucciones<\/p>\n<p class=\"Detalle__secc2_parrafo mb-3 text-white\">\u2022 Pilas Alcalinas AA (x4)<\/p>\n","protected":false},"excerpt":{"rendered":"<p>Pr\u00e1ctico y funcional<br \/>\nCon este tensi\u00f3metro de brazo tendr\u00e1s la libertad de tomar tu presi\u00f3n arterial por tu propia cuenta, con autonom\u00eda, facilidad y alta precisi\u00f3n cl\u00ednica. Coloca el brazalete, ajusta el velcro y comienza con la medici\u00f3n.<\/p>\n","protected":false},"featured_media":3451,"comment_status":"open","ping_status":"closed","template":"","meta":{"_monsterinsights_skip_tracking":false,"_monsterinsights_sitenote_active":false,"_monsterinsights_sitenote_note":"","_monsterinsights_sitenote_category":0},"product_brand":[],"product_cat":[39],"product_tag":[42,359,40],"class_list":{"0":"post-3448","1":"product","2":"type-product","3":"status-publish","4":"has-post-thumbnail","6":"product_cat-tensiometro-digital-automatico-aneroide","7":"product_tag-omron","8":"product_tag-presionarterial","9":"product_tag-tensiometro","11":"first","12":"instock","13":"shipping-taxable","14":"product-type-simple"},"_links":{"self":[{"href":"https:\/\/ortopediagorgo.com.ar\/index.php?rest_route=\/wp\/v2\/product\/3448","targetHints":{"allow":["GET"]}}],"collection":[{"href":"https:\/\/ortopediagorgo.com.ar\/index.php?rest_route=\/wp\/v2\/product"}],"about":[{"href":"https:\/\/ortopediagorgo.com.ar\/index.php?rest_route=\/wp\/v2\/types\/product"}],"replies":[{"embeddable":true,"href":"https:\/\/ortopediagorgo.com.ar\/index.php?rest_route=%2Fwp%2Fv2%2Fcomments&post=3448"}],"version-history":[{"count":1,"href":"https:\/\/ortopediagorgo.com.ar\/index.php?rest_route=\/wp\/v2\/product\/3448\/revisions"}],"predecessor-version":[{"id":3454,"href":"https:\/\/ortopediagorgo.com.ar\/index.php?rest_route=\/wp\/v2\/product\/3448\/revisions\/3454"}],"wp:featuredmedia":[{"embeddable":true,"href":"https:\/\/ortopediagorgo.com.ar\/index.php?rest_route=\/wp\/v2\/media\/3451"}],"wp:attachment":[{"href":"https:\/\/ortopediagorgo.com.ar\/index.php?rest_route=%2Fwp%2Fv2%2Fmedia&parent=3448"}],"wp:term":[{"taxonomy":"product_brand","embeddable":true,"href":"https:\/\/ortopediagorgo.com.ar\/index.php?rest_route=%2Fwp%2Fv2%2Fproduct_brand&post=3448"},{"taxonomy":"product_cat","embeddable":true,"href":"https:\/\/ortopediagorgo.com.ar\/index.php?rest_route=%2Fwp%2Fv2%2Fproduct_cat&post=3448"},{"taxonomy":"product_tag","embeddable":true,"href":"https:\/\/ortopediagorgo.com.ar\/index.php?rest_route=%2Fwp%2Fv2%2Fproduct_tag&post=3448"}],"curies":[{"name":"wp","href":"https:\/\/api.w.org\/{rel}","templated":true}]}}