{"id":3458,"date":"2025-10-26T23:24:37","date_gmt":"2025-10-27T02:24:37","guid":{"rendered":"http:\/\/ortopediagorgo.com.ar\/?post_type=product&#038;p=3458"},"modified":"2025-10-29T19:29:29","modified_gmt":"2025-10-29T22:29:29","slug":"tensiometro-automatico-de-brazo-omron-hem-7156t","status":"publish","type":"product","link":"https:\/\/ortopediagorgo.com.ar\/?product=tensiometro-automatico-de-brazo-omron-hem-7156t","title":{"rendered":"Tensi\u00f3metro autom\u00e1tico de brazo OMRON HEM-7156T"},"content":{"rendered":"<p>El Monitor de Presi\u00f3n Arterial de Brazo alerta al usuario cuando detecta latidos irregulares. Su Gu\u00eda de Ajuste del Brazalete avisa cuando el brazalete no est\u00e1 colocado adecuadamente. Cuenta con un Brazalete Universal que se ajusta f\u00e1cil y c\u00f3modamente a brazos de 22 a 42 cm de circunferencia, con brazalete intelliwrap que se adapta a tu brazo, brazalete 360\u00b0 puede medir en cualquier posici\u00f3n,Detector de error de movimiento , detecta cuando el usuario se mueve durante la medici\u00f3n.Cuenta con 60 memorias y Conectividad Bluetooth: Compatible con la App de OMRON Connect para almacenar los datos de mediciones en Smartphone con memorias ilimitadas y compartir los datos con su m\u00e9dico o con miembros de familia.<\/p>\n<ul>\n<li class=\"ml-4 list-disc\">Gu\u00eda de ajuste del brazalete<\/li>\n<li class=\"ml-4 list-disc\">Detector de error de movimiento<\/li>\n<li class=\"ml-4 list-disc\">Detector de latido irregular<\/li>\n<li class=\"ml-4 list-disc\">Indicador del nivel de la presi\u00f3n arterial<\/li>\n<li class=\"ml-4 list-disc\">Valor promedio de lecturas previas<\/li>\n<li class=\"ml-4 list-disc\">Control de inflaci\u00f3n \u00f3ptima Intellisense<\/li>\n<li class=\"ml-4 list-disc\">Compatibilidad con App OMRON connect<\/li>\n<li class=\"ml-4 list-disc\">Conectividad Bluetooth<\/li>\n<li class=\"ml-4 list-disc\">5 A\u00f1os de garant\u00eda<\/li>\n<li class=\"ml-4 list-disc\">60 memorias con fecha y hora<\/li>\n<\/ul>\n","protected":false},"excerpt":{"rendered":"<p>F\u00e1cil de usar y confiable. El brazalete Intelli Wrap provee mediciones precisas en cualquier posici\u00f3n en la parte superior del brazo. La gu\u00eda de ajuste del brazalete indica si est\u00e1 ajustado correctamente. Adicionalmente, tiene conexi\u00f3n Bluetooth y es compatible con la App OMRON connect para almacenar los datos de mediciones en su smartphone y compartir los datos con su m\u00e9dico o con miembros de la familia.<\/p>\n","protected":false},"featured_media":3461,"comment_status":"open","ping_status":"closed","template":"","meta":{"_monsterinsights_skip_tracking":false,"_monsterinsights_sitenote_active":false,"_monsterinsights_sitenote_note":"","_monsterinsights_sitenote_category":0},"product_brand":[],"product_cat":[364],"product_tag":[42,359,360],"class_list":{"0":"post-3458","1":"product","2":"type-product","3":"status-publish","4":"has-post-thumbnail","6":"product_cat-tensiometros-digitales","7":"product_tag-omron","8":"product_tag-presionarterial","9":"product_tag-tensiometrodigital","11":"first","12":"instock","13":"shipping-taxable","14":"product-type-simple"},"_links":{"self":[{"href":"https:\/\/ortopediagorgo.com.ar\/index.php?rest_route=\/wp\/v2\/product\/3458","targetHints":{"allow":["GET"]}}],"collection":[{"href":"https:\/\/ortopediagorgo.com.ar\/index.php?rest_route=\/wp\/v2\/product"}],"about":[{"href":"https:\/\/ortopediagorgo.com.ar\/index.php?rest_route=\/wp\/v2\/types\/product"}],"replies":[{"embeddable":true,"href":"https:\/\/ortopediagorgo.com.ar\/index.php?rest_route=%2Fwp%2Fv2%2Fcomments&post=3458"}],"version-history":[{"count":1,"href":"https:\/\/ortopediagorgo.com.ar\/index.php?rest_route=\/wp\/v2\/product\/3458\/revisions"}],"predecessor-version":[{"id":3462,"href":"https:\/\/ortopediagorgo.com.ar\/index.php?rest_route=\/wp\/v2\/product\/3458\/revisions\/3462"}],"wp:featuredmedia":[{"embeddable":true,"href":"https:\/\/ortopediagorgo.com.ar\/index.php?rest_route=\/wp\/v2\/media\/3461"}],"wp:attachment":[{"href":"https:\/\/ortopediagorgo.com.ar\/index.php?rest_route=%2Fwp%2Fv2%2Fmedia&parent=3458"}],"wp:term":[{"taxonomy":"product_brand","embeddable":true,"href":"https:\/\/ortopediagorgo.com.ar\/index.php?rest_route=%2Fwp%2Fv2%2Fproduct_brand&post=3458"},{"taxonomy":"product_cat","embeddable":true,"href":"https:\/\/ortopediagorgo.com.ar\/index.php?rest_route=%2Fwp%2Fv2%2Fproduct_cat&post=3458"},{"taxonomy":"product_tag","embeddable":true,"href":"https:\/\/ortopediagorgo.com.ar\/index.php?rest_route=%2Fwp%2Fv2%2Fproduct_tag&post=3458"}],"curies":[{"name":"wp","href":"https:\/\/api.w.org\/{rel}","templated":true}]}}