{"id":3472,"date":"2025-10-26T23:40:24","date_gmt":"2025-10-27T02:40:24","guid":{"rendered":"http:\/\/ortopediagorgo.com.ar\/?post_type=product&#038;p=3472"},"modified":"2025-10-26T23:40:24","modified_gmt":"2025-10-27T02:40:24","slug":"estetoscopio-infantil-hs-30q","status":"publish","type":"product","link":"https:\/\/ortopediagorgo.com.ar\/?product=estetoscopio-infantil-hs-30q","title":{"rendered":"Estetoscopio Infantil HS-30Q"},"content":{"rendered":"<p>Dise\u00f1ado especialmente para ni\u00f1os, este estetoscopio cuenta con un tubo de PVC duradero y flexible que facilita su uso. Incluye un juego de 5 cabezales decorativos intercambiables, permitiendo personalizar la experiencia para cada peque\u00f1o paciente. Su anillo antifr\u00edo y las almohadillas de suave silicona garantizan un contacto agradable, evitando molestias durante la auscultaci\u00f3n. Con un acabado de pieza tor\u00e1cica en blanco, este modelo no es electr\u00f3nico, lo que lo hace f\u00e1cil de usar y mantener. Adem\u00e1s, cuenta con el n\u00famero de habilitaci\u00f3n de ANMAT PM 236-83, asegurando su calidad y seguridad. Ideal para el uso pedi\u00e1trico, el Coronet HS-30Q es un accesorio esencial para cualquier profesional de la salud que trabaje con ni\u00f1os.<\/p>\n<ul>\n<li>Tubo de PVC Standard.<\/li>\n<li>Modelos de piezas infantiles intercambiables.<\/li>\n<li>Anillo Antifr\u00edo.<\/li>\n<li>Almohadillas de silicona suave.<\/li>\n<\/ul>\n","protected":false},"excerpt":{"rendered":"<p>El Estetoscopio Infantil Profesional Coronet HS-30Q es la herramienta ideal para m\u00e9dicos pedi\u00e1tricos que buscan precisi\u00f3n y comodidad en sus consultas.<\/p>\n","protected":false},"featured_media":3473,"comment_status":"open","ping_status":"closed","template":"","meta":{"_monsterinsights_skip_tracking":false,"_monsterinsights_sitenote_active":false,"_monsterinsights_sitenote_note":"","_monsterinsights_sitenote_category":0},"product_brand":[],"product_cat":[300],"product_tag":[299,363],"class_list":{"0":"post-3472","1":"product","2":"type-product","3":"status-publish","4":"has-post-thumbnail","6":"product_cat-estetoscopio-salud-medico-esteto","7":"product_tag-estetoscopio","8":"product_tag-pediatria","10":"first","11":"instock","12":"shipping-taxable","13":"product-type-simple"},"_links":{"self":[{"href":"https:\/\/ortopediagorgo.com.ar\/index.php?rest_route=\/wp\/v2\/product\/3472","targetHints":{"allow":["GET"]}}],"collection":[{"href":"https:\/\/ortopediagorgo.com.ar\/index.php?rest_route=\/wp\/v2\/product"}],"about":[{"href":"https:\/\/ortopediagorgo.com.ar\/index.php?rest_route=\/wp\/v2\/types\/product"}],"replies":[{"embeddable":true,"href":"https:\/\/ortopediagorgo.com.ar\/index.php?rest_route=%2Fwp%2Fv2%2Fcomments&post=3472"}],"version-history":[{"count":1,"href":"https:\/\/ortopediagorgo.com.ar\/index.php?rest_route=\/wp\/v2\/product\/3472\/revisions"}],"predecessor-version":[{"id":3475,"href":"https:\/\/ortopediagorgo.com.ar\/index.php?rest_route=\/wp\/v2\/product\/3472\/revisions\/3475"}],"wp:featuredmedia":[{"embeddable":true,"href":"https:\/\/ortopediagorgo.com.ar\/index.php?rest_route=\/wp\/v2\/media\/3473"}],"wp:attachment":[{"href":"https:\/\/ortopediagorgo.com.ar\/index.php?rest_route=%2Fwp%2Fv2%2Fmedia&parent=3472"}],"wp:term":[{"taxonomy":"product_brand","embeddable":true,"href":"https:\/\/ortopediagorgo.com.ar\/index.php?rest_route=%2Fwp%2Fv2%2Fproduct_brand&post=3472"},{"taxonomy":"product_cat","embeddable":true,"href":"https:\/\/ortopediagorgo.com.ar\/index.php?rest_route=%2Fwp%2Fv2%2Fproduct_cat&post=3472"},{"taxonomy":"product_tag","embeddable":true,"href":"https:\/\/ortopediagorgo.com.ar\/index.php?rest_route=%2Fwp%2Fv2%2Fproduct_tag&post=3472"}],"curies":[{"name":"wp","href":"https:\/\/api.w.org\/{rel}","templated":true}]}}