{"id":3479,"date":"2025-11-04T15:40:52","date_gmt":"2025-11-04T18:40:52","guid":{"rendered":"http:\/\/ortopediagorgo.com.ar\/?post_type=product&#038;p=3479"},"modified":"2025-11-04T15:40:52","modified_gmt":"2025-11-04T18:40:52","slug":"estetoscopio-littmann-classic-iii-negro","status":"publish","type":"product","link":"https:\/\/ortopediagorgo.com.ar\/?product=estetoscopio-littmann-classic-iii-negro","title":{"rendered":"Estetoscopio Littmann Classic III Negro"},"content":{"rendered":"<div>\n<h1>Caracter\u00edsticas del Littmann Classic III<\/h1>\n<p>Desde el primer momento estar\u00e1 a la altura de sus expectativas<br \/>\nEl fonendoscopio 3M Littmann\u00ae Classic III es la nueva versi\u00f3n de la l\u00ednea Classic, inspirada para ayudar a millones de profesionales m\u00e9dicos a desempe\u00f1ar su profesi\u00f3n con excelencia. Trae consigo nuevo dise\u00f1o, materiales y tecnolog\u00eda a la gama de fonendoscopios Littmann\u00ae.<\/p>\n<h2>El nuevo fonendoscopio<a href=\"https:\/\/multimedia.3m.com\/mws\/media\/1201270O\/ficha-tecnica-littmann-classic-iii.pdf\">\u00a0Littmann\u00ae Classic III<\/a>\u00a0le ofrece:<\/h2>\n<ul>\n<li>Alta sensibilidad ac\u00fastica para la realizaci\u00f3n de valoraciones generales.<br \/>\nDiafragmas de doble frecuencia en el lado pedi\u00e1trico y en el lado de adultos.<br \/>\nMembrana de una sola pieza que es f\u00e1cil de colocar y de limpiar por la suavidad de su superficie sin fisuras.<br \/>\nTubo de nueva tecnolog\u00eda con mayor durabilidad y menor probabilidad de deste\u00f1irse. Resistente a aceites corporales y alcohol.<br \/>\nExprese su personalidad a trav\u00e9s de una amplia gama de colores y acabados diferentes<\/li>\n<\/ul>\n<\/div>\n<div class=\"MMM--hdg MMM--hdg_2 SNAPS--hdg_2 MMM--tabHeader\"><strong>Detalles<\/strong><\/div>\n<div class=\"tabContentContainer MMM--contentToggle-target MMM--isActive\">\n<div class=\"MMM--contentPadded MMM--accordionPanel\">\n<div class=\"MMM--grids\">\n<div class=\"MMM--grids-col MMM--grids-col_pdpMain\">\n<ul class=\"MMM--pdpList SNAPS--bullets\">\n<li>La nueva generaci\u00f3n de binaurales proporciona una mayor duraci\u00f3n gracias a la resistencia a los \u00e1cidos grasos corporales y al alcohol; menor probabilidad de aparici\u00f3n de manchas.<\/li>\n<li>Membrana de pieza \u00fanica f\u00e1cil de aplicar y de limpiar gracias a la suavidad de su superficie sin fisuras.<\/li>\n<li>Campana de dos cara, la cara pedi\u00e1trica se puede utilizar abierta o con una segunda membrana de doble frecuencia.<\/li>\n<li>El lado peque\u00f1o (cuando incorpora la membrana) es \u00fatil para pacientes pedi\u00e1tricos, peque\u00f1os o delgados; alrededor de vendajes; y para valoraciones car\u00f3tidas.<\/li>\n<li>M\u00e1s sencillo para mantenerlo limpio: el lado peque\u00f1o de la campana no acumula suciedad cuando se cubre por la segunda membrana.<\/li>\n<li>La nueva generaci\u00f3n de binaurales es libre de phthalatos.<\/li>\n<li>Campana de acero inoxidable de gran precisi\u00f3n, con una forma menos angulada. Proporciona sonidos de baja o alta frecuencia en funci\u00f3n de la presi\u00f3n ejercida sobre ella.<\/li>\n<li>Olivas suaves para un sellado c\u00f3modo y adecuado<\/li>\n<li>Los auriculares se ajustan f\u00e1cilmente al tama\u00f1o y confort de cada uno, simplemente tirando o presionando de los tubos.<\/li>\n<li>Cinco a\u00f1os de garant\u00eda<\/li>\n<\/ul>\n<\/div>\n<\/div>\n<\/div>\n<\/div>\n","protected":false},"excerpt":{"rendered":"<p>El estetoscopio 3M\u2122 Littmann\u00ae Classic III\u2122 ofrece una alta sensibilidad ac\u00fastica para alcanzar resultados excelentes en las valoraciones generales.<\/p>\n","protected":false},"featured_media":3481,"comment_status":"open","ping_status":"closed","template":"","meta":{"_monsterinsights_skip_tracking":false,"_monsterinsights_sitenote_active":false,"_monsterinsights_sitenote_note":"","_monsterinsights_sitenote_category":0},"product_brand":[],"product_cat":[300],"product_tag":[365,299,366,57],"class_list":{"0":"post-3479","1":"product","2":"type-product","3":"status-publish","4":"has-post-thumbnail","6":"product_cat-estetoscopio-salud-medico-esteto","7":"product_tag-cardiologia","8":"product_tag-estetoscopio","9":"product_tag-medicina","10":"product_tag-salud","12":"first","13":"instock","14":"shipping-taxable","15":"product-type-simple"},"_links":{"self":[{"href":"https:\/\/ortopediagorgo.com.ar\/index.php?rest_route=\/wp\/v2\/product\/3479","targetHints":{"allow":["GET"]}}],"collection":[{"href":"https:\/\/ortopediagorgo.com.ar\/index.php?rest_route=\/wp\/v2\/product"}],"about":[{"href":"https:\/\/ortopediagorgo.com.ar\/index.php?rest_route=\/wp\/v2\/types\/product"}],"replies":[{"embeddable":true,"href":"https:\/\/ortopediagorgo.com.ar\/index.php?rest_route=%2Fwp%2Fv2%2Fcomments&post=3479"}],"version-history":[{"count":1,"href":"https:\/\/ortopediagorgo.com.ar\/index.php?rest_route=\/wp\/v2\/product\/3479\/revisions"}],"predecessor-version":[{"id":3482,"href":"https:\/\/ortopediagorgo.com.ar\/index.php?rest_route=\/wp\/v2\/product\/3479\/revisions\/3482"}],"wp:featuredmedia":[{"embeddable":true,"href":"https:\/\/ortopediagorgo.com.ar\/index.php?rest_route=\/wp\/v2\/media\/3481"}],"wp:attachment":[{"href":"https:\/\/ortopediagorgo.com.ar\/index.php?rest_route=%2Fwp%2Fv2%2Fmedia&parent=3479"}],"wp:term":[{"taxonomy":"product_brand","embeddable":true,"href":"https:\/\/ortopediagorgo.com.ar\/index.php?rest_route=%2Fwp%2Fv2%2Fproduct_brand&post=3479"},{"taxonomy":"product_cat","embeddable":true,"href":"https:\/\/ortopediagorgo.com.ar\/index.php?rest_route=%2Fwp%2Fv2%2Fproduct_cat&post=3479"},{"taxonomy":"product_tag","embeddable":true,"href":"https:\/\/ortopediagorgo.com.ar\/index.php?rest_route=%2Fwp%2Fv2%2Fproduct_tag&post=3479"}],"curies":[{"name":"wp","href":"https:\/\/api.w.org\/{rel}","templated":true}]}}