{"id":3490,"date":"2025-11-07T22:59:02","date_gmt":"2025-11-08T01:59:02","guid":{"rendered":"http:\/\/ortopediagorgo.com.ar\/?post_type=product&#038;p=3490"},"modified":"2026-04-10T11:51:15","modified_gmt":"2026-04-10T14:51:15","slug":"andador-plegable-3-ruedas","status":"publish","type":"product","link":"https:\/\/ortopediagorgo.com.ar\/?product=andador-plegable-3-ruedas","title":{"rendered":"Andador 3 ruedas Aluminio"},"content":{"rendered":"<p><strong>El Andador de 3 Ruedas Promsa<\/strong>\u00a0es una alternativa al andador de 4 ruedas ya que la rueda<br \/>\ndelantera es giratoria y, por lo tanto, f\u00e1cilmente direccionable y maniobrable. Debido a su tama\u00f1o<br \/>\ncompacto es ideal para espacios reducidos, tambi\u00e9n cuenta con un bolsillo para guardar<br \/>\npertenencias, frenos y mangos ergon\u00f3micos.<\/p>\n<p><strong>Indicaciones<\/strong><\/p>\n<ul>\n<li>Recuperaci\u00f3n de lesiones: Ideal para personas que est\u00e1n en proceso de rehabilitaci\u00f3n tras una cirug\u00eda o lesi\u00f3n de piernas.<\/li>\n<li>Movilidad diaria: Perfecto para realizar actividades como ir al supermercado, pasear, o\u00a0visitar amigos.<\/li>\n<li>Apoyo en personas mayores: Proporciona seguridad y estabilidad en personas mayores que necesitan un soporte adicional al caminar.<\/li>\n<\/ul>\n<ul>\n<li>Peso neto: 4.7kg.<\/li>\n<li>Altura ajustable.<\/li>\n<li>Altura m\u00ednima: 85cm.<\/li>\n<li>Altura m\u00e1xima: 95cm.<\/li>\n<li>Empu\u00f1adura ergon\u00f3mica.<\/li>\n<li>Distancia de las empu\u00f1aduras: 38cm.<\/li>\n<li>Garant\u00eda de 1 a\u00f1o por fallas de f\u00e1brica.<\/li>\n<\/ul>\n","protected":false},"excerpt":{"rendered":"<ul>\n<li>Bolsillo.<\/li>\n<li>3 ruedas.<\/li>\n<li>Frenos independientes para las 2 ruedas traseras.<\/li>\n<li>Mangos ergon\u00f3micos.<\/li>\n<\/ul>\n","protected":false},"featured_media":3974,"comment_status":"open","ping_status":"closed","template":"","meta":{"_monsterinsights_skip_tracking":false,"_monsterinsights_sitenote_active":false,"_monsterinsights_sitenote_note":"","_monsterinsights_sitenote_category":0},"product_brand":[],"product_cat":[34],"product_tag":[],"class_list":{"0":"post-3490","1":"product","2":"type-product","3":"status-publish","4":"has-post-thumbnail","6":"product_cat-andadores","8":"first","9":"instock","10":"shipping-taxable","11":"product-type-simple"},"_links":{"self":[{"href":"https:\/\/ortopediagorgo.com.ar\/index.php?rest_route=\/wp\/v2\/product\/3490","targetHints":{"allow":["GET"]}}],"collection":[{"href":"https:\/\/ortopediagorgo.com.ar\/index.php?rest_route=\/wp\/v2\/product"}],"about":[{"href":"https:\/\/ortopediagorgo.com.ar\/index.php?rest_route=\/wp\/v2\/types\/product"}],"replies":[{"embeddable":true,"href":"https:\/\/ortopediagorgo.com.ar\/index.php?rest_route=%2Fwp%2Fv2%2Fcomments&post=3490"}],"version-history":[{"count":3,"href":"https:\/\/ortopediagorgo.com.ar\/index.php?rest_route=\/wp\/v2\/product\/3490\/revisions"}],"predecessor-version":[{"id":3976,"href":"https:\/\/ortopediagorgo.com.ar\/index.php?rest_route=\/wp\/v2\/product\/3490\/revisions\/3976"}],"wp:featuredmedia":[{"embeddable":true,"href":"https:\/\/ortopediagorgo.com.ar\/index.php?rest_route=\/wp\/v2\/media\/3974"}],"wp:attachment":[{"href":"https:\/\/ortopediagorgo.com.ar\/index.php?rest_route=%2Fwp%2Fv2%2Fmedia&parent=3490"}],"wp:term":[{"taxonomy":"product_brand","embeddable":true,"href":"https:\/\/ortopediagorgo.com.ar\/index.php?rest_route=%2Fwp%2Fv2%2Fproduct_brand&post=3490"},{"taxonomy":"product_cat","embeddable":true,"href":"https:\/\/ortopediagorgo.com.ar\/index.php?rest_route=%2Fwp%2Fv2%2Fproduct_cat&post=3490"},{"taxonomy":"product_tag","embeddable":true,"href":"https:\/\/ortopediagorgo.com.ar\/index.php?rest_route=%2Fwp%2Fv2%2Fproduct_tag&post=3490"}],"curies":[{"name":"wp","href":"https:\/\/api.w.org\/{rel}","templated":true}]}}