{"id":3497,"date":"2025-11-07T23:05:09","date_gmt":"2025-11-08T02:05:09","guid":{"rendered":"http:\/\/ortopediagorgo.com.ar\/?post_type=product&#038;p=3497"},"modified":"2026-04-10T11:51:47","modified_gmt":"2026-04-10T14:51:47","slug":"andador-de-3-ruedas","status":"publish","type":"product","link":"https:\/\/ortopediagorgo.com.ar\/?product=andador-de-3-ruedas","title":{"rendered":"Andador 3 Ruedas Acero"},"content":{"rendered":"<p>CARACTER\u00cdSTICAS:<br \/>\n&#8211; Estructura de acero esmaltado liviano<br \/>\n&#8211; Manijas con altura regulable<br \/>\n&#8211; C\u00f3modas empu\u00f1aduras ergon\u00f3micas<br \/>\n&#8211; Sistema de frenos ergon\u00f3micos de doble funci\u00f3n (tipo bicicleta o fijo)<br \/>\n&#8211; 3 ruedas macizas<br \/>\n&#8211; Rueda delantera giratoria<br \/>\n&#8211; Bolso de tela portaobjetos extra\u00edble<br \/>\n&#8211; Canasto met\u00e1lico con bandeja<br \/>\n&#8211; F\u00e1cilmente plegable para su almacenamiento y transporte<\/p>\n<p>CARACTER\u00cdSTICAS T\u00c9CNICAS:<br \/>\n&#8211; Ancho total: 65cm<br \/>\n&#8211; Regulable en altura: m\u00ednimo 82cm &#8211; m\u00e1ximo 97cm<br \/>\n&#8211;\u00a0 Peso: 7kg<\/p>\n","protected":false},"excerpt":{"rendered":"<p>ANDADOR ORTOP\u00c9DICO PLEGABLE 3 RUEDAS REGULABLE EN ALTURA CON FRENOS, BOLSO, CANASTO Y BANDEJA<\/p>\n","protected":false},"featured_media":3498,"comment_status":"open","ping_status":"closed","template":"","meta":{"_monsterinsights_skip_tracking":false,"_monsterinsights_sitenote_active":false,"_monsterinsights_sitenote_note":"","_monsterinsights_sitenote_category":0},"product_brand":[],"product_cat":[34],"product_tag":[],"class_list":{"0":"post-3497","1":"product","2":"type-product","3":"status-publish","4":"has-post-thumbnail","6":"product_cat-andadores","8":"first","9":"instock","10":"shipping-taxable","11":"product-type-simple"},"_links":{"self":[{"href":"https:\/\/ortopediagorgo.com.ar\/index.php?rest_route=\/wp\/v2\/product\/3497","targetHints":{"allow":["GET"]}}],"collection":[{"href":"https:\/\/ortopediagorgo.com.ar\/index.php?rest_route=\/wp\/v2\/product"}],"about":[{"href":"https:\/\/ortopediagorgo.com.ar\/index.php?rest_route=\/wp\/v2\/types\/product"}],"replies":[{"embeddable":true,"href":"https:\/\/ortopediagorgo.com.ar\/index.php?rest_route=%2Fwp%2Fv2%2Fcomments&post=3497"}],"version-history":[{"count":3,"href":"https:\/\/ortopediagorgo.com.ar\/index.php?rest_route=\/wp\/v2\/product\/3497\/revisions"}],"predecessor-version":[{"id":3978,"href":"https:\/\/ortopediagorgo.com.ar\/index.php?rest_route=\/wp\/v2\/product\/3497\/revisions\/3978"}],"wp:featuredmedia":[{"embeddable":true,"href":"https:\/\/ortopediagorgo.com.ar\/index.php?rest_route=\/wp\/v2\/media\/3498"}],"wp:attachment":[{"href":"https:\/\/ortopediagorgo.com.ar\/index.php?rest_route=%2Fwp%2Fv2%2Fmedia&parent=3497"}],"wp:term":[{"taxonomy":"product_brand","embeddable":true,"href":"https:\/\/ortopediagorgo.com.ar\/index.php?rest_route=%2Fwp%2Fv2%2Fproduct_brand&post=3497"},{"taxonomy":"product_cat","embeddable":true,"href":"https:\/\/ortopediagorgo.com.ar\/index.php?rest_route=%2Fwp%2Fv2%2Fproduct_cat&post=3497"},{"taxonomy":"product_tag","embeddable":true,"href":"https:\/\/ortopediagorgo.com.ar\/index.php?rest_route=%2Fwp%2Fv2%2Fproduct_tag&post=3497"}],"curies":[{"name":"wp","href":"https:\/\/api.w.org\/{rel}","templated":true}]}}