{"id":3504,"date":"2025-11-11T00:30:31","date_gmt":"2025-11-11T03:30:31","guid":{"rendered":"http:\/\/ortopediagorgo.com.ar\/?post_type=product&#038;p=3504"},"modified":"2025-11-11T00:30:32","modified_gmt":"2025-11-11T03:30:32","slug":"andador-rollator-acero-mod-430","status":"publish","type":"product","link":"https:\/\/ortopediagorgo.com.ar\/?product=andador-rollator-acero-mod-430","title":{"rendered":"Andador Rollator Acero mod.430"},"content":{"rendered":"<ul>\n<li>CARACTERISTICAS:<br \/>\nEstructura de acero resistente<br \/>\nAsiento tapizado s\u00edmil cuero<br \/>\nBolso portaobjetos de tela s\u00edmil cuero, no se transparenta su contenido.<br \/>\nRegulaci\u00f3n en las 4 patas permite variar altura de asiento.<br \/>\nRegulaci\u00f3n de altura en manillar para lograr una \u00f3ptima posici\u00f3n<br \/>\nF\u00e1cilmente plegable.<br \/>\nFrenos de accionamiento tipo bicicleta con funci\u00f3n frenado bloqueado.<br \/>\nRuedas delanteras giratorias.ESPECIFICACIONES:<br \/>\nAltura del manillar: 93 a 103 cm.<br \/>\nAltura de asiento: 56 a 61 cm.<br \/>\nTama\u00f1o asiento: 35 x 31 cm (ancho x prof)<br \/>\nAncho total: 59 cm.<br \/>\nColor: Azul<br \/>\nPeso m\u00e1ximo del usuario: 110 Kg.<br \/>\nPeso del andador: 8,5 Kg.El producto viene en caja y se arma f\u00e1cilmente sin necesidad de herramientas.<\/li>\n<\/ul>\n","protected":false},"excerpt":{"rendered":"<p class=\"cvGsUA direction-ltr align-start para-style-body\"><span class=\"a_GcMg font-feature-liga-off font-feature-clig-off font-feature-calt-off text-decoration-none text-strikethrough-none\">Es un andador compacto y ligero, que Brinda asistencia para el desplazamiento a personas con movilidad reducida.<\/span><\/p>\n<p class=\"cvGsUA direction-ltr align-start para-style-body\"><span class=\"a_GcMg font-feature-liga-off font-feature-clig-off font-feature-calt-off text-decoration-none text-strikethrough-none\">Se recomienda su uso en la rehabilitaci\u00f3n de lesiones graves a leves, intervenciones quir\u00fargicas o cualquier discapacidad motriz de los miembros inferiores.<\/span><\/p>\n","protected":false},"featured_media":3505,"comment_status":"open","ping_status":"closed","template":"","meta":{"_monsterinsights_skip_tracking":false,"_monsterinsights_sitenote_active":false,"_monsterinsights_sitenote_note":"","_monsterinsights_sitenote_category":0},"product_brand":[],"product_cat":[34],"product_tag":[],"class_list":{"0":"post-3504","1":"product","2":"type-product","3":"status-publish","4":"has-post-thumbnail","6":"product_cat-andadores","8":"first","9":"instock","10":"shipping-taxable","11":"product-type-simple"},"_links":{"self":[{"href":"https:\/\/ortopediagorgo.com.ar\/index.php?rest_route=\/wp\/v2\/product\/3504","targetHints":{"allow":["GET"]}}],"collection":[{"href":"https:\/\/ortopediagorgo.com.ar\/index.php?rest_route=\/wp\/v2\/product"}],"about":[{"href":"https:\/\/ortopediagorgo.com.ar\/index.php?rest_route=\/wp\/v2\/types\/product"}],"replies":[{"embeddable":true,"href":"https:\/\/ortopediagorgo.com.ar\/index.php?rest_route=%2Fwp%2Fv2%2Fcomments&post=3504"}],"version-history":[{"count":1,"href":"https:\/\/ortopediagorgo.com.ar\/index.php?rest_route=\/wp\/v2\/product\/3504\/revisions"}],"predecessor-version":[{"id":3507,"href":"https:\/\/ortopediagorgo.com.ar\/index.php?rest_route=\/wp\/v2\/product\/3504\/revisions\/3507"}],"wp:featuredmedia":[{"embeddable":true,"href":"https:\/\/ortopediagorgo.com.ar\/index.php?rest_route=\/wp\/v2\/media\/3505"}],"wp:attachment":[{"href":"https:\/\/ortopediagorgo.com.ar\/index.php?rest_route=%2Fwp%2Fv2%2Fmedia&parent=3504"}],"wp:term":[{"taxonomy":"product_brand","embeddable":true,"href":"https:\/\/ortopediagorgo.com.ar\/index.php?rest_route=%2Fwp%2Fv2%2Fproduct_brand&post=3504"},{"taxonomy":"product_cat","embeddable":true,"href":"https:\/\/ortopediagorgo.com.ar\/index.php?rest_route=%2Fwp%2Fv2%2Fproduct_cat&post=3504"},{"taxonomy":"product_tag","embeddable":true,"href":"https:\/\/ortopediagorgo.com.ar\/index.php?rest_route=%2Fwp%2Fv2%2Fproduct_tag&post=3504"}],"curies":[{"name":"wp","href":"https:\/\/api.w.org\/{rel}","templated":true}]}}