{"id":3508,"date":"2025-11-11T00:38:45","date_gmt":"2025-11-11T03:38:45","guid":{"rendered":"http:\/\/ortopediagorgo.com.ar\/?post_type=product&#038;p=3508"},"modified":"2026-04-10T11:44:25","modified_gmt":"2026-04-10T14:44:25","slug":"andador-fibra-carbono-plegable-spirit-asiento-regulable","status":"publish","type":"product","link":"https:\/\/ortopediagorgo.com.ar\/?product=andador-fibra-carbono-plegable-spirit-asiento-regulable","title":{"rendered":"Andador Rollator Spirit Aluminio"},"content":{"rendered":"<p>Descripci\u00f3n:<\/p>\n<p>-Las cuatro ruedas de 22 cm, de TPR (caucho termopl\u00e1stico) con excelente grip y c\u00f3modo andar.<br \/>\n-Marco construido en aluminio, obteniendo un peso mucho mas ligero que sus competidores.<br \/>\n-Pliegue de lado a lado en un tama\u00f1o muy compacto.<br \/>\n-Bot\u00f3n de ajuste de altura en las manijas en hasta 7 posiciones.<br \/>\n-El mango ergon\u00f3mico y los frenos de bucle brindan m\u00e1s seguridad. *Asiento de malla con grapa y pliegue f\u00e1cil.<br \/>\n-Bolso de red porta objetos en la parte delantera.<\/p>\n","protected":false},"excerpt":{"rendered":"<p>ESTRUCTURA: Aluminio.<br \/>\nPLEGABLE<br \/>\nAncho Total 61 cm.<br \/>\nLargo total 68 cm.<br \/>\nAltura asiento al piso: 58 cm.<br \/>\nMedidas del asiento: 40 x 20 cm.<br \/>\nAltura de las manijas ajustable de 74 a 91 cm.<br \/>\nPeso m\u00e1ximo del usuario 130 KG.<\/p>\n","protected":false},"featured_media":3970,"comment_status":"open","ping_status":"closed","template":"","meta":{"_monsterinsights_skip_tracking":false,"_monsterinsights_sitenote_active":false,"_monsterinsights_sitenote_note":"","_monsterinsights_sitenote_category":0},"product_brand":[],"product_cat":[34],"product_tag":[],"class_list":{"0":"post-3508","1":"product","2":"type-product","3":"status-publish","4":"has-post-thumbnail","6":"product_cat-andadores","8":"first","9":"instock","10":"shipping-taxable","11":"product-type-simple"},"_links":{"self":[{"href":"https:\/\/ortopediagorgo.com.ar\/index.php?rest_route=\/wp\/v2\/product\/3508","targetHints":{"allow":["GET"]}}],"collection":[{"href":"https:\/\/ortopediagorgo.com.ar\/index.php?rest_route=\/wp\/v2\/product"}],"about":[{"href":"https:\/\/ortopediagorgo.com.ar\/index.php?rest_route=\/wp\/v2\/types\/product"}],"replies":[{"embeddable":true,"href":"https:\/\/ortopediagorgo.com.ar\/index.php?rest_route=%2Fwp%2Fv2%2Fcomments&post=3508"}],"version-history":[{"count":4,"href":"https:\/\/ortopediagorgo.com.ar\/index.php?rest_route=\/wp\/v2\/product\/3508\/revisions"}],"predecessor-version":[{"id":3972,"href":"https:\/\/ortopediagorgo.com.ar\/index.php?rest_route=\/wp\/v2\/product\/3508\/revisions\/3972"}],"wp:featuredmedia":[{"embeddable":true,"href":"https:\/\/ortopediagorgo.com.ar\/index.php?rest_route=\/wp\/v2\/media\/3970"}],"wp:attachment":[{"href":"https:\/\/ortopediagorgo.com.ar\/index.php?rest_route=%2Fwp%2Fv2%2Fmedia&parent=3508"}],"wp:term":[{"taxonomy":"product_brand","embeddable":true,"href":"https:\/\/ortopediagorgo.com.ar\/index.php?rest_route=%2Fwp%2Fv2%2Fproduct_brand&post=3508"},{"taxonomy":"product_cat","embeddable":true,"href":"https:\/\/ortopediagorgo.com.ar\/index.php?rest_route=%2Fwp%2Fv2%2Fproduct_cat&post=3508"},{"taxonomy":"product_tag","embeddable":true,"href":"https:\/\/ortopediagorgo.com.ar\/index.php?rest_route=%2Fwp%2Fv2%2Fproduct_tag&post=3508"}],"curies":[{"name":"wp","href":"https:\/\/api.w.org\/{rel}","templated":true}]}}