{"id":3534,"date":"2025-11-13T01:37:47","date_gmt":"2025-11-13T04:37:47","guid":{"rendered":"http:\/\/ortopediagorgo.com.ar\/?post_type=product&#038;p=3534"},"modified":"2025-11-13T01:37:47","modified_gmt":"2025-11-13T04:37:47","slug":"baston-canadiense-pediatrico-chico-massuar","status":"publish","type":"product","link":"https:\/\/ortopediagorgo.com.ar\/?product=baston-canadiense-pediatrico-chico-massuar","title":{"rendered":"Bast\u00f3n canadiense pedi\u00e1trico chico Massuar"},"content":{"rendered":"<p>Con regulaci\u00f3n simple y m\u00faltiples opciones de color, fomentan la autonom\u00eda de los m\u00e1s chicos mientras aportan soporte en cada paso del camino.<\/p>\n<ul>\n<li aria-level=\"2\">Peso: 0,4 kg<\/li>\n<li aria-level=\"2\">Altura total: 80\/68 cm.<\/li>\n<li aria-level=\"2\">Altura regulable: 57\/47 cm.<\/li>\n<li aria-level=\"2\">Talle: &lt;60kg<\/li>\n<\/ul>\n","protected":false},"excerpt":{"rendered":"<p>Livianos, coloridos y totalmente regulables, estos canadienses est\u00e1n pensados para acompa\u00f1ar con estilo y comodidad.<\/p>\n","protected":false},"featured_media":3535,"comment_status":"open","ping_status":"closed","template":"","meta":{"_monsterinsights_skip_tracking":false,"_monsterinsights_sitenote_active":false,"_monsterinsights_sitenote_note":"","_monsterinsights_sitenote_category":0},"product_brand":[],"product_cat":[34],"product_tag":[],"class_list":{"0":"post-3534","1":"product","2":"type-product","3":"status-publish","4":"has-post-thumbnail","6":"product_cat-andadores","8":"first","9":"instock","10":"shipping-taxable","11":"product-type-simple"},"_links":{"self":[{"href":"https:\/\/ortopediagorgo.com.ar\/index.php?rest_route=\/wp\/v2\/product\/3534","targetHints":{"allow":["GET"]}}],"collection":[{"href":"https:\/\/ortopediagorgo.com.ar\/index.php?rest_route=\/wp\/v2\/product"}],"about":[{"href":"https:\/\/ortopediagorgo.com.ar\/index.php?rest_route=\/wp\/v2\/types\/product"}],"replies":[{"embeddable":true,"href":"https:\/\/ortopediagorgo.com.ar\/index.php?rest_route=%2Fwp%2Fv2%2Fcomments&post=3534"}],"version-history":[{"count":1,"href":"https:\/\/ortopediagorgo.com.ar\/index.php?rest_route=\/wp\/v2\/product\/3534\/revisions"}],"predecessor-version":[{"id":3536,"href":"https:\/\/ortopediagorgo.com.ar\/index.php?rest_route=\/wp\/v2\/product\/3534\/revisions\/3536"}],"wp:featuredmedia":[{"embeddable":true,"href":"https:\/\/ortopediagorgo.com.ar\/index.php?rest_route=\/wp\/v2\/media\/3535"}],"wp:attachment":[{"href":"https:\/\/ortopediagorgo.com.ar\/index.php?rest_route=%2Fwp%2Fv2%2Fmedia&parent=3534"}],"wp:term":[{"taxonomy":"product_brand","embeddable":true,"href":"https:\/\/ortopediagorgo.com.ar\/index.php?rest_route=%2Fwp%2Fv2%2Fproduct_brand&post=3534"},{"taxonomy":"product_cat","embeddable":true,"href":"https:\/\/ortopediagorgo.com.ar\/index.php?rest_route=%2Fwp%2Fv2%2Fproduct_cat&post=3534"},{"taxonomy":"product_tag","embeddable":true,"href":"https:\/\/ortopediagorgo.com.ar\/index.php?rest_route=%2Fwp%2Fv2%2Fproduct_tag&post=3534"}],"curies":[{"name":"wp","href":"https:\/\/api.w.org\/{rel}","templated":true}]}}