{"id":3589,"date":"2025-11-16T18:09:07","date_gmt":"2025-11-16T21:09:07","guid":{"rendered":"http:\/\/ortopediagorgo.com.ar\/?post_type=product&#038;p=3589"},"modified":"2025-11-16T18:09:07","modified_gmt":"2025-11-16T21:09:07","slug":"inodoro-portatil-plegable-drive-de-acero-reforzada","status":"publish","type":"product","link":"https:\/\/ortopediagorgo.com.ar\/?product=inodoro-portatil-plegable-drive-de-acero-reforzada","title":{"rendered":"Inodoro port\u00e1til plegable DRIVE de acero REFORZADA"},"content":{"rendered":"<p>Silla con inodoro para personas de hasta 158 kl. Cuenta con patas plegables para un almacenamiento y transporte c\u00f3modos.<\/p>\n<p>Dimensiones del asiento: 34cm x 38cm.<\/p>\n<p>Altura del asiento: 42cm x 57cm<\/p>\n<p>Ancho entre los brazos: 45cm<\/p>\n<ul class=\"pl-3\">\n<li>F\u00e1cil de montar: logra el ideal posici\u00f3n para sentarse ajustando la altura del asiento mediante alfileres integrados f\u00e1ciles de ajustar; el asiento y la tapa de pl\u00e1stico duradero se instalan<\/li>\n<li>Construcci\u00f3n de calidad sin pulsar botones: hecha de acero duradero con recubrimiento en polvo, nuestro inodoro port\u00e1til y orinal para adultos es capaz de soportar hasta 158kl y cuenta con reposabrazos de apoyo.<\/li>\n<li>F\u00e1cil de limpiar: equipado con una pr\u00e1ctica asa de transporte y una funda protectora<\/li>\n<\/ul>\n","protected":false},"excerpt":{"rendered":"<p>Silla con inodoro 3 en 1<\/p>\n<p>El vers\u00e1til dise\u00f1o 3 en 1 permite colocar f\u00e1cilmente este modelo sobre un inodoro est\u00e1ndar, como inodoro port\u00e1til aut\u00f3nomo o silla de ducha plegable.<\/p>\n","protected":false},"featured_media":3590,"comment_status":"open","ping_status":"closed","template":"","meta":{"_monsterinsights_skip_tracking":false,"_monsterinsights_sitenote_active":false,"_monsterinsights_sitenote_note":"","_monsterinsights_sitenote_category":0},"product_brand":[],"product_cat":[63],"product_tag":[],"class_list":{"0":"post-3589","1":"product","2":"type-product","3":"status-publish","4":"has-post-thumbnail","6":"product_cat-inodoro-portatil-silla-barras","8":"first","9":"instock","10":"shipping-taxable","11":"product-type-simple"},"_links":{"self":[{"href":"https:\/\/ortopediagorgo.com.ar\/index.php?rest_route=\/wp\/v2\/product\/3589","targetHints":{"allow":["GET"]}}],"collection":[{"href":"https:\/\/ortopediagorgo.com.ar\/index.php?rest_route=\/wp\/v2\/product"}],"about":[{"href":"https:\/\/ortopediagorgo.com.ar\/index.php?rest_route=\/wp\/v2\/types\/product"}],"replies":[{"embeddable":true,"href":"https:\/\/ortopediagorgo.com.ar\/index.php?rest_route=%2Fwp%2Fv2%2Fcomments&post=3589"}],"version-history":[{"count":1,"href":"https:\/\/ortopediagorgo.com.ar\/index.php?rest_route=\/wp\/v2\/product\/3589\/revisions"}],"predecessor-version":[{"id":3596,"href":"https:\/\/ortopediagorgo.com.ar\/index.php?rest_route=\/wp\/v2\/product\/3589\/revisions\/3596"}],"wp:featuredmedia":[{"embeddable":true,"href":"https:\/\/ortopediagorgo.com.ar\/index.php?rest_route=\/wp\/v2\/media\/3590"}],"wp:attachment":[{"href":"https:\/\/ortopediagorgo.com.ar\/index.php?rest_route=%2Fwp%2Fv2%2Fmedia&parent=3589"}],"wp:term":[{"taxonomy":"product_brand","embeddable":true,"href":"https:\/\/ortopediagorgo.com.ar\/index.php?rest_route=%2Fwp%2Fv2%2Fproduct_brand&post=3589"},{"taxonomy":"product_cat","embeddable":true,"href":"https:\/\/ortopediagorgo.com.ar\/index.php?rest_route=%2Fwp%2Fv2%2Fproduct_cat&post=3589"},{"taxonomy":"product_tag","embeddable":true,"href":"https:\/\/ortopediagorgo.com.ar\/index.php?rest_route=%2Fwp%2Fv2%2Fproduct_tag&post=3589"}],"curies":[{"name":"wp","href":"https:\/\/api.w.org\/{rel}","templated":true}]}}