{"id":3597,"date":"2025-11-16T18:21:36","date_gmt":"2025-11-16T21:21:36","guid":{"rendered":"http:\/\/ortopediagorgo.com.ar\/?post_type=product&#038;p=3597"},"modified":"2025-11-16T18:21:36","modified_gmt":"2025-11-16T21:21:36","slug":"barrales-de-apoyo-rectos-pvc","status":"publish","type":"product","link":"https:\/\/ortopediagorgo.com.ar\/?product=barrales-de-apoyo-rectos-pvc","title":{"rendered":"Barrales de Apoyo Rectos &#8211; PVC"},"content":{"rendered":"<p>\u2022 Resistente: soporta 150 kg.<br \/>\n\u2022 Fabricado en PVC con estructura interna reforzada.<br \/>\n\u2022 F\u00e1cil de limpiar.<br \/>\n\u2022 Antideslizante.<br \/>\n\u2022 Confortable sensaci\u00f3n t\u00e9rmica.<br \/>\n\u2022 Proporciona una mayor estabilidad y seguridad.<br \/>\n\u2022 Previene accidentes y reduce el riesgo de ca\u00eddas.<br \/>\n\u2022 Incluye kit de fijaci\u00f3n en acero inoxidable 304: no se oxidan.<br \/>\n\u2022 Los tornillos no son evidentes: acompa\u00f1an escudos para el acabado.<br \/>\n\u2022 Adecuado para ambientes interiores.<\/p>\n","protected":false},"excerpt":{"rendered":"<p>Los barrales de apoyo rectos son fabricados en PVC y adecuados para personas con discapacidad, movilidad reducida, mujeres embarazadas y ancianos, que act\u00faa como una manija o palanca para ayudar al usuario a apoyarse y levantarse. Soporta 150 kg, est\u00e1n disponibles en varios tama\u00f1os y proporcionan una mayor estabilidad y seguridad, evitando de accidentes y reduciendo el riesgo de ca\u00eddas.<\/p>\n<p>&nbsp;<\/p>\n","protected":false},"featured_media":3598,"comment_status":"open","ping_status":"closed","template":"","meta":{"_monsterinsights_skip_tracking":false,"_monsterinsights_sitenote_active":false,"_monsterinsights_sitenote_note":"","_monsterinsights_sitenote_category":0},"product_brand":[],"product_cat":[63],"product_tag":[],"class_list":{"0":"post-3597","1":"product","2":"type-product","3":"status-publish","4":"has-post-thumbnail","6":"product_cat-inodoro-portatil-silla-barras","8":"first","9":"instock","10":"shipping-taxable","11":"product-type-simple"},"_links":{"self":[{"href":"https:\/\/ortopediagorgo.com.ar\/index.php?rest_route=\/wp\/v2\/product\/3597","targetHints":{"allow":["GET"]}}],"collection":[{"href":"https:\/\/ortopediagorgo.com.ar\/index.php?rest_route=\/wp\/v2\/product"}],"about":[{"href":"https:\/\/ortopediagorgo.com.ar\/index.php?rest_route=\/wp\/v2\/types\/product"}],"replies":[{"embeddable":true,"href":"https:\/\/ortopediagorgo.com.ar\/index.php?rest_route=%2Fwp%2Fv2%2Fcomments&post=3597"}],"version-history":[{"count":1,"href":"https:\/\/ortopediagorgo.com.ar\/index.php?rest_route=\/wp\/v2\/product\/3597\/revisions"}],"predecessor-version":[{"id":3599,"href":"https:\/\/ortopediagorgo.com.ar\/index.php?rest_route=\/wp\/v2\/product\/3597\/revisions\/3599"}],"wp:featuredmedia":[{"embeddable":true,"href":"https:\/\/ortopediagorgo.com.ar\/index.php?rest_route=\/wp\/v2\/media\/3598"}],"wp:attachment":[{"href":"https:\/\/ortopediagorgo.com.ar\/index.php?rest_route=%2Fwp%2Fv2%2Fmedia&parent=3597"}],"wp:term":[{"taxonomy":"product_brand","embeddable":true,"href":"https:\/\/ortopediagorgo.com.ar\/index.php?rest_route=%2Fwp%2Fv2%2Fproduct_brand&post=3597"},{"taxonomy":"product_cat","embeddable":true,"href":"https:\/\/ortopediagorgo.com.ar\/index.php?rest_route=%2Fwp%2Fv2%2Fproduct_cat&post=3597"},{"taxonomy":"product_tag","embeddable":true,"href":"https:\/\/ortopediagorgo.com.ar\/index.php?rest_route=%2Fwp%2Fv2%2Fproduct_tag&post=3597"}],"curies":[{"name":"wp","href":"https:\/\/api.w.org\/{rel}","templated":true}]}}