{"id":3630,"date":"2025-11-16T20:43:22","date_gmt":"2025-11-16T23:43:22","guid":{"rendered":"http:\/\/ortopediagorgo.com.ar\/?post_type=product&#038;p=3630"},"modified":"2025-11-16T20:43:22","modified_gmt":"2025-11-16T23:43:22","slug":"inmovilizador-de-muneca-pediatrico","status":"publish","type":"product","link":"https:\/\/ortopediagorgo.com.ar\/?product=inmovilizador-de-muneca-pediatrico","title":{"rendered":"Inmovilizador de mu\u00f1eca pedi\u00e1trico"},"content":{"rendered":"<p class=\"p1\"><strong>CARACTER\u00cdSTICAS T\u00c9CNICAS<\/strong><\/p>\n<p>\u2022 Confeccionado en PANAL TRI-TEX, material tri-capa transpirable, absorbe y expulsa r\u00e1pidamente la humedad al exterior.<\/p>\n<p>\u2022 Incluye una pletina palmar de aluminio maleable que inmoviliza la articulaci\u00f3n de la mu\u00f1eca en posici\u00f3n funcional y otra situada en la parte dorsal, que cofiere a la f\u00e9rula la suficiente rigidez.<\/p>\n<p>\u2022 Sujeci\u00f3n en Velcro\u00ae.<\/p>\n","protected":false},"excerpt":{"rendered":"<p class=\"p1\"><strong>INDICACIONES<\/strong><\/p>\n<p>\u2022 Soporte de mu\u00f1eca \u2022 Inmovilizaci\u00f3n y protecci\u00f3n de las articulaciones carpometacarpiana y metacarpofal\u00e1ngica. \u2022 Tratamiento post-quir\u00fargico o lesiones.<\/p>\n","protected":false},"featured_media":3631,"comment_status":"open","ping_status":"closed","template":"","meta":{"_monsterinsights_skip_tracking":false,"_monsterinsights_sitenote_active":false,"_monsterinsights_sitenote_note":"","_monsterinsights_sitenote_category":0},"product_brand":[],"product_cat":[107],"product_tag":[130,284],"class_list":{"0":"post-3630","1":"product","2":"type-product","3":"status-publish","4":"has-post-thumbnail","6":"product_cat-brazo-codo-muneca-miembre-superio","7":"product_tag-inmovilizador","8":"product_tag-pediatrico","10":"first","11":"instock","12":"shipping-taxable","13":"product-type-simple"},"_links":{"self":[{"href":"https:\/\/ortopediagorgo.com.ar\/index.php?rest_route=\/wp\/v2\/product\/3630","targetHints":{"allow":["GET"]}}],"collection":[{"href":"https:\/\/ortopediagorgo.com.ar\/index.php?rest_route=\/wp\/v2\/product"}],"about":[{"href":"https:\/\/ortopediagorgo.com.ar\/index.php?rest_route=\/wp\/v2\/types\/product"}],"replies":[{"embeddable":true,"href":"https:\/\/ortopediagorgo.com.ar\/index.php?rest_route=%2Fwp%2Fv2%2Fcomments&post=3630"}],"version-history":[{"count":1,"href":"https:\/\/ortopediagorgo.com.ar\/index.php?rest_route=\/wp\/v2\/product\/3630\/revisions"}],"predecessor-version":[{"id":3632,"href":"https:\/\/ortopediagorgo.com.ar\/index.php?rest_route=\/wp\/v2\/product\/3630\/revisions\/3632"}],"wp:featuredmedia":[{"embeddable":true,"href":"https:\/\/ortopediagorgo.com.ar\/index.php?rest_route=\/wp\/v2\/media\/3631"}],"wp:attachment":[{"href":"https:\/\/ortopediagorgo.com.ar\/index.php?rest_route=%2Fwp%2Fv2%2Fmedia&parent=3630"}],"wp:term":[{"taxonomy":"product_brand","embeddable":true,"href":"https:\/\/ortopediagorgo.com.ar\/index.php?rest_route=%2Fwp%2Fv2%2Fproduct_brand&post=3630"},{"taxonomy":"product_cat","embeddable":true,"href":"https:\/\/ortopediagorgo.com.ar\/index.php?rest_route=%2Fwp%2Fv2%2Fproduct_cat&post=3630"},{"taxonomy":"product_tag","embeddable":true,"href":"https:\/\/ortopediagorgo.com.ar\/index.php?rest_route=%2Fwp%2Fv2%2Fproduct_tag&post=3630"}],"curies":[{"name":"wp","href":"https:\/\/api.w.org\/{rel}","templated":true}]}}