{"id":3651,"date":"2025-11-16T21:12:43","date_gmt":"2025-11-17T00:12:43","guid":{"rendered":"http:\/\/ortopediagorgo.com.ar\/?post_type=product&#038;p=3651"},"modified":"2025-11-16T21:12:43","modified_gmt":"2025-11-17T00:12:43","slug":"espaldera-pro-sport-2","status":"publish","type":"product","link":"https:\/\/ortopediagorgo.com.ar\/?product=espaldera-pro-sport-2","title":{"rendered":"Espaldera PRO SPORT"},"content":{"rendered":"<p class=\"p1\"><strong>CARACTER\u00cdSTICAS T\u00c9CNICAS<\/strong><\/p>\n<p class=\"p2\">\u2022 Confeccionado en Bondeado 3D en su exterior y suave felpa de nylon en su interior.<\/p>\n<p class=\"p2\">\u2022 Ballenas posteriores de acero templado.<\/p>\n<p class=\"p2\">\u2022 Banda de ajuste y refuerzo frontal de el\u00e1stico acanalado transpirable.<\/p>\n<p class=\"p2\">\u2022 Fijaci\u00f3n segura y confortable.<\/p>\n<p class=\"p2\">\u2022 Favorece la alineaci\u00f3n postural durante la pr\u00e1ctica deportiva o actividades cotidianas.<\/p>\n<p class=\"p2\">\u2022 Dise\u00f1o anat\u00f3mico que permite el libre movimiento de los om\u00f3platos.<\/p>\n","protected":false},"excerpt":{"rendered":"<p class=\"p1\"><strong>INDICACIONES<\/strong><\/p>\n<p class=\"p2\">\u2022Soporte de espalda.<\/p>\n<p class=\"p2\">\u2022Corrector postural.<\/p>\n<p class=\"p2\">\u2022Enderezamiento y alivio de la columna dorsal.<\/p>\n<p class=\"p2\">\u2022Tratamientos de rehabilitaci\u00f3n.<\/p>\n<p class=\"p2\">\u2022Dolores de espalda.<\/p>\n<p class=\"p2\">\u2022Dorsalgia.<\/p>\n<p class=\"p2\">\u2022Evita posturas viciosas.<\/p>\n","protected":false},"featured_media":3654,"comment_status":"open","ping_status":"closed","template":"","meta":{"_monsterinsights_skip_tracking":false,"_monsterinsights_sitenote_active":false,"_monsterinsights_sitenote_note":"","_monsterinsights_sitenote_category":0},"product_brand":[],"product_cat":[115],"product_tag":[376,377],"class_list":{"0":"post-3651","1":"product","2":"type-product","3":"status-publish","4":"has-post-thumbnail","6":"product_cat-espalda-cuello-hombros","7":"product_tag-esoaldera","8":"product_tag-espaldarortopedico","10":"first","11":"instock","12":"shipping-taxable","13":"product-type-simple"},"_links":{"self":[{"href":"https:\/\/ortopediagorgo.com.ar\/index.php?rest_route=\/wp\/v2\/product\/3651","targetHints":{"allow":["GET"]}}],"collection":[{"href":"https:\/\/ortopediagorgo.com.ar\/index.php?rest_route=\/wp\/v2\/product"}],"about":[{"href":"https:\/\/ortopediagorgo.com.ar\/index.php?rest_route=\/wp\/v2\/types\/product"}],"replies":[{"embeddable":true,"href":"https:\/\/ortopediagorgo.com.ar\/index.php?rest_route=%2Fwp%2Fv2%2Fcomments&post=3651"}],"version-history":[{"count":1,"href":"https:\/\/ortopediagorgo.com.ar\/index.php?rest_route=\/wp\/v2\/product\/3651\/revisions"}],"predecessor-version":[{"id":3655,"href":"https:\/\/ortopediagorgo.com.ar\/index.php?rest_route=\/wp\/v2\/product\/3651\/revisions\/3655"}],"wp:featuredmedia":[{"embeddable":true,"href":"https:\/\/ortopediagorgo.com.ar\/index.php?rest_route=\/wp\/v2\/media\/3654"}],"wp:attachment":[{"href":"https:\/\/ortopediagorgo.com.ar\/index.php?rest_route=%2Fwp%2Fv2%2Fmedia&parent=3651"}],"wp:term":[{"taxonomy":"product_brand","embeddable":true,"href":"https:\/\/ortopediagorgo.com.ar\/index.php?rest_route=%2Fwp%2Fv2%2Fproduct_brand&post=3651"},{"taxonomy":"product_cat","embeddable":true,"href":"https:\/\/ortopediagorgo.com.ar\/index.php?rest_route=%2Fwp%2Fv2%2Fproduct_cat&post=3651"},{"taxonomy":"product_tag","embeddable":true,"href":"https:\/\/ortopediagorgo.com.ar\/index.php?rest_route=%2Fwp%2Fv2%2Fproduct_tag&post=3651"}],"curies":[{"name":"wp","href":"https:\/\/api.w.org\/{rel}","templated":true}]}}