{"id":3687,"date":"2026-01-20T12:44:40","date_gmt":"2026-01-20T15:44:40","guid":{"rendered":"https:\/\/ortopediagorgo.com.ar\/?post_type=product&#038;p=3687"},"modified":"2026-01-20T12:44:40","modified_gmt":"2026-01-20T15:44:40","slug":"tensiometro-automatico-de-brazo-yuwell-ye680b","status":"publish","type":"product","link":"https:\/\/ortopediagorgo.com.ar\/?product=tensiometro-automatico-de-brazo-yuwell-ye680b","title":{"rendered":"Tensiometro Autom\u00e1tico de brazo Yuwell  YE680B"},"content":{"rendered":"<p>Con este tensi\u00f3metro de brazo tendr\u00e1s la libertad de tomar tu presi\u00f3n arterial por tu propia cuenta, con autonom\u00eda, facilidad y alta precisi\u00f3n cl\u00ednica.<\/p>\n<p>Coloc\u00e1 el brazalete, ajust\u00e1 el velcro y comenz\u00e1 con la medici\u00f3n.\u00a0 Con este monitor de presi\u00f3n arterial, podr\u00e1s tomar los valores de la presi\u00f3n m\u00e1xima y m\u00ednima en la comodidad de tu hogar.<\/p>\n<p>Adem\u00e1s, mide la frecuencia card\u00edaca y advierte la presencia de latidos irregulares potencialmente peligrosos, para prevenir posibles arritmias.<\/p>\n<p>Incluye un indicador de movimiento corporal con el que podr\u00e1s evitar los errores comunes que se producen a la hora de medir la tensi\u00f3n arterial. De esta forma, podr\u00e1s minimizar fallos a la hora de realizar la medici\u00f3n.<\/p>\n<p>Debido a su tama\u00f1o y bajo peso, podr\u00e1s usarlo sin complicaciones y trasladarlo a donde quieras. Colocalo en tu cartera o bolso y llevalo a todos lados.<\/p>\n","protected":false},"excerpt":{"rendered":"<p>Mide la arritmias y frecuencia card\u00edaca y presi\u00f3n diast\u00f3lica y presi\u00f3n sist\u00f3lica, con indicador de error de movimiento.<\/p>\n","protected":false},"featured_media":3688,"comment_status":"open","ping_status":"closed","template":"","meta":{"_monsterinsights_skip_tracking":false,"_monsterinsights_sitenote_active":false,"_monsterinsights_sitenote_note":"","_monsterinsights_sitenote_category":0},"product_brand":[],"product_cat":[364],"product_tag":[],"class_list":{"0":"post-3687","1":"product","2":"type-product","3":"status-publish","4":"has-post-thumbnail","6":"product_cat-tensiometros-digitales","8":"first","9":"instock","10":"shipping-taxable","11":"product-type-simple"},"_links":{"self":[{"href":"https:\/\/ortopediagorgo.com.ar\/index.php?rest_route=\/wp\/v2\/product\/3687","targetHints":{"allow":["GET"]}}],"collection":[{"href":"https:\/\/ortopediagorgo.com.ar\/index.php?rest_route=\/wp\/v2\/product"}],"about":[{"href":"https:\/\/ortopediagorgo.com.ar\/index.php?rest_route=\/wp\/v2\/types\/product"}],"replies":[{"embeddable":true,"href":"https:\/\/ortopediagorgo.com.ar\/index.php?rest_route=%2Fwp%2Fv2%2Fcomments&post=3687"}],"version-history":[{"count":1,"href":"https:\/\/ortopediagorgo.com.ar\/index.php?rest_route=\/wp\/v2\/product\/3687\/revisions"}],"predecessor-version":[{"id":3691,"href":"https:\/\/ortopediagorgo.com.ar\/index.php?rest_route=\/wp\/v2\/product\/3687\/revisions\/3691"}],"wp:featuredmedia":[{"embeddable":true,"href":"https:\/\/ortopediagorgo.com.ar\/index.php?rest_route=\/wp\/v2\/media\/3688"}],"wp:attachment":[{"href":"https:\/\/ortopediagorgo.com.ar\/index.php?rest_route=%2Fwp%2Fv2%2Fmedia&parent=3687"}],"wp:term":[{"taxonomy":"product_brand","embeddable":true,"href":"https:\/\/ortopediagorgo.com.ar\/index.php?rest_route=%2Fwp%2Fv2%2Fproduct_brand&post=3687"},{"taxonomy":"product_cat","embeddable":true,"href":"https:\/\/ortopediagorgo.com.ar\/index.php?rest_route=%2Fwp%2Fv2%2Fproduct_cat&post=3687"},{"taxonomy":"product_tag","embeddable":true,"href":"https:\/\/ortopediagorgo.com.ar\/index.php?rest_route=%2Fwp%2Fv2%2Fproduct_tag&post=3687"}],"curies":[{"name":"wp","href":"https:\/\/api.w.org\/{rel}","templated":true}]}}