{"id":3705,"date":"2026-02-18T11:09:18","date_gmt":"2026-02-18T14:09:18","guid":{"rendered":"https:\/\/ortopediagorgo.com.ar\/?post_type=product&#038;p=3705"},"modified":"2026-02-18T11:09:18","modified_gmt":"2026-02-18T14:09:18","slug":"baston-canadiense-de-aluminio-doble-regulacion","status":"publish","type":"product","link":"https:\/\/ortopediagorgo.com.ar\/?product=baston-canadiense-de-aluminio-doble-regulacion","title":{"rendered":"Bast\u00f3n Canadiense de Aluminio Doble Regulaci\u00f3n"},"content":{"rendered":"<p>Beneficios<br \/>\n\u2022 Facilita la bipedestaci\u00f3n y el desplazamiento seguro.<br \/>\n\u2022 Distribuye el peso entre miembros superiores e inferiores para aliviar la presi\u00f3n en piernas y pies.<br \/>\n\u2022 Recomendado para patolog\u00edas traumatol\u00f3gicas, neurol\u00f3gicas y reumatol\u00f3gicas.<br \/>\n\u2022 Aporta mayor independencia en actividades diarias.<\/p>\n<p>Caracter\u00edsticas del producto<br \/>\n\u2022 Fabricado en aluminio ultraliviano resistente y pl\u00e1stico reforzado, proporcionando un equilibrio entre durabilidad y comodidad.<br \/>\n\u2022 Doble Regulaci\u00f3n de altura para adaptarse a diferentes usuarios.<br \/>\n\u2022 Empu\u00f1adura de goma y Poliuretano anat\u00f3mica para un agarre seguro.<br \/>\n\u2022 Punta antideslizante para mayor estabilidad en distintos tipos de superficies.<br \/>\n\u2022 Peso m\u00e1ximo de usuario: 100 Kg<\/p>\n<p>Elija un bast\u00f3n dise\u00f1ado para brindale seguridad, confort y autonom\u00eda en su movilidad diaria.<\/p>\n<p>MEDIDAS:<br \/>\nALTURA TOTAL:<br \/>\nM\u00ednima (cm): 90<br \/>\nM\u00e1xima (cm): 120<\/p>\n<p>ALTURA de Brazalete a empu\u00f1adura<br \/>\nM\u00ednima (cm): 25<br \/>\nM\u00e1xima (cm): 33<\/p>\n<p>ALTURA de empu\u00f1adura a regat\u00f3n<br \/>\nM\u00ednima (cm): 65<br \/>\nM\u00e1xima (cm): 88<\/p>\n<p>CARACTER\u00cdSTICAS T\u00c9CNICAS:<br \/>\n\u2013 Regat\u00f3n: 25mm color negro<br \/>\n\u2013 Regulaci\u00f3n cada 2,5cm<\/p>\n<p>\u2013 Posiciones regulables en altura: 10<br \/>\n\u2013 Posiciones regulables en antebrazo: 4<\/p>\n","protected":false},"excerpt":{"rendered":"<p>Ideal para recuperaci\u00f3n y movilidad asistida en casos de fracturas, esguinces, postoperatorios y trastornos de la marcha.<\/p>\n","protected":false},"featured_media":3706,"comment_status":"open","ping_status":"closed","template":"","meta":{"_monsterinsights_skip_tracking":false,"_monsterinsights_sitenote_active":false,"_monsterinsights_sitenote_note":"","_monsterinsights_sitenote_category":0},"product_brand":[],"product_cat":[34],"product_tag":[],"class_list":{"0":"post-3705","1":"product","2":"type-product","3":"status-publish","4":"has-post-thumbnail","6":"product_cat-andadores","8":"first","9":"instock","10":"shipping-taxable","11":"product-type-simple"},"_links":{"self":[{"href":"https:\/\/ortopediagorgo.com.ar\/index.php?rest_route=\/wp\/v2\/product\/3705","targetHints":{"allow":["GET"]}}],"collection":[{"href":"https:\/\/ortopediagorgo.com.ar\/index.php?rest_route=\/wp\/v2\/product"}],"about":[{"href":"https:\/\/ortopediagorgo.com.ar\/index.php?rest_route=\/wp\/v2\/types\/product"}],"replies":[{"embeddable":true,"href":"https:\/\/ortopediagorgo.com.ar\/index.php?rest_route=%2Fwp%2Fv2%2Fcomments&post=3705"}],"version-history":[{"count":1,"href":"https:\/\/ortopediagorgo.com.ar\/index.php?rest_route=\/wp\/v2\/product\/3705\/revisions"}],"predecessor-version":[{"id":3707,"href":"https:\/\/ortopediagorgo.com.ar\/index.php?rest_route=\/wp\/v2\/product\/3705\/revisions\/3707"}],"wp:featuredmedia":[{"embeddable":true,"href":"https:\/\/ortopediagorgo.com.ar\/index.php?rest_route=\/wp\/v2\/media\/3706"}],"wp:attachment":[{"href":"https:\/\/ortopediagorgo.com.ar\/index.php?rest_route=%2Fwp%2Fv2%2Fmedia&parent=3705"}],"wp:term":[{"taxonomy":"product_brand","embeddable":true,"href":"https:\/\/ortopediagorgo.com.ar\/index.php?rest_route=%2Fwp%2Fv2%2Fproduct_brand&post=3705"},{"taxonomy":"product_cat","embeddable":true,"href":"https:\/\/ortopediagorgo.com.ar\/index.php?rest_route=%2Fwp%2Fv2%2Fproduct_cat&post=3705"},{"taxonomy":"product_tag","embeddable":true,"href":"https:\/\/ortopediagorgo.com.ar\/index.php?rest_route=%2Fwp%2Fv2%2Fproduct_tag&post=3705"}],"curies":[{"name":"wp","href":"https:\/\/api.w.org\/{rel}","templated":true}]}}