{"id":3747,"date":"2026-02-25T13:49:24","date_gmt":"2026-02-25T16:49:24","guid":{"rendered":"https:\/\/ortopediagorgo.com.ar\/?post_type=product&#038;p=3747"},"modified":"2026-02-25T14:00:15","modified_gmt":"2026-02-25T17:00:15","slug":"inodoro-3-funciones-cod-ea06","status":"publish","type":"product","link":"https:\/\/ortopediagorgo.com.ar\/?product=inodoro-3-funciones-cod-ea06","title":{"rendered":"Inodoro 3 funciones cod.EA06"},"content":{"rendered":"<p>MEDIDAS:<\/p>\n<ul>\n<li aria-level=\"2\">Ancho: 46 cm<\/li>\n<li aria-level=\"2\">Largo: 63 cm<\/li>\n<li aria-level=\"2\">Profundidad: 46\/64 cm<\/li>\n<li aria-level=\"2\">Ancho: 46 cm<\/li>\n<li aria-level=\"2\">Peso: 3,2 Kg<\/li>\n<li aria-level=\"2\">Soporta hasta 100 kg<\/li>\n<\/ul>\n","protected":false},"excerpt":{"rendered":"<p><strong>Dise\u00f1ado para brindar estabilidad durante la ducha, este asiento regulable incluye apoyabrazos, respaldo removible y una pr\u00e1ctica bacinilla deslizable.<\/strong><\/p>\n<p>Su estructura de aluminio lo hace liviano y resistente, perfecto para una experiencia segura y confortable en el ba\u00f1o. Su dise\u00f1o, pensado para vos, permite utilizarlo tambi\u00e9n como eleva inodoro<\/p>\n","protected":false},"featured_media":3748,"comment_status":"open","ping_status":"closed","template":"","meta":{"_monsterinsights_skip_tracking":false,"_monsterinsights_sitenote_active":false,"_monsterinsights_sitenote_note":"","_monsterinsights_sitenote_category":0},"product_brand":[382],"product_cat":[63],"product_tag":[],"class_list":{"0":"post-3747","1":"product","2":"type-product","3":"status-publish","4":"has-post-thumbnail","6":"product_brand-massuar","7":"product_cat-inodoro-portatil-silla-barras","9":"first","10":"instock","11":"shipping-taxable","12":"product-type-simple"},"_links":{"self":[{"href":"https:\/\/ortopediagorgo.com.ar\/index.php?rest_route=\/wp\/v2\/product\/3747","targetHints":{"allow":["GET"]}}],"collection":[{"href":"https:\/\/ortopediagorgo.com.ar\/index.php?rest_route=\/wp\/v2\/product"}],"about":[{"href":"https:\/\/ortopediagorgo.com.ar\/index.php?rest_route=\/wp\/v2\/types\/product"}],"replies":[{"embeddable":true,"href":"https:\/\/ortopediagorgo.com.ar\/index.php?rest_route=%2Fwp%2Fv2%2Fcomments&post=3747"}],"version-history":[{"count":1,"href":"https:\/\/ortopediagorgo.com.ar\/index.php?rest_route=\/wp\/v2\/product\/3747\/revisions"}],"predecessor-version":[{"id":3750,"href":"https:\/\/ortopediagorgo.com.ar\/index.php?rest_route=\/wp\/v2\/product\/3747\/revisions\/3750"}],"wp:featuredmedia":[{"embeddable":true,"href":"https:\/\/ortopediagorgo.com.ar\/index.php?rest_route=\/wp\/v2\/media\/3748"}],"wp:attachment":[{"href":"https:\/\/ortopediagorgo.com.ar\/index.php?rest_route=%2Fwp%2Fv2%2Fmedia&parent=3747"}],"wp:term":[{"taxonomy":"product_brand","embeddable":true,"href":"https:\/\/ortopediagorgo.com.ar\/index.php?rest_route=%2Fwp%2Fv2%2Fproduct_brand&post=3747"},{"taxonomy":"product_cat","embeddable":true,"href":"https:\/\/ortopediagorgo.com.ar\/index.php?rest_route=%2Fwp%2Fv2%2Fproduct_cat&post=3747"},{"taxonomy":"product_tag","embeddable":true,"href":"https:\/\/ortopediagorgo.com.ar\/index.php?rest_route=%2Fwp%2Fv2%2Fproduct_tag&post=3747"}],"curies":[{"name":"wp","href":"https:\/\/api.w.org\/{rel}","templated":true}]}}