{"id":3776,"date":"2026-02-25T15:31:47","date_gmt":"2026-02-25T18:31:47","guid":{"rendered":"https:\/\/ortopediagorgo.com.ar\/?post_type=product&#038;p=3776"},"modified":"2026-02-25T15:31:47","modified_gmt":"2026-02-25T18:31:47","slug":"silla-de-ducha-reforzada","status":"publish","type":"product","link":"https:\/\/ortopediagorgo.com.ar\/?product=silla-de-ducha-reforzada","title":{"rendered":"Silla de ducha REFORZADA"},"content":{"rendered":"<p>Ancho asiento: 44 cm<br \/>\nAncho total: 56 cm<br \/>\nProfundidad asiento: 37 cm<br \/>\nAltura respaldo: 35 cm<br \/>\nAltura del asiento al piso: 41\/53 cm<br \/>\nPeso soportado: 158 kg<\/p>\n","protected":false},"excerpt":{"rendered":"<p>-Adaptable a todos los habit\u00e1culos y gran mayor\u00eda de ba\u00f1eras<br \/>\n-Regulable en altura mediante sistema de rosca de las patas<br \/>\n-Patas, apoyabrazos y respaldo removibles para f\u00e1cil traslado y armado sin necesidad de herramientas<br \/>\n-Patas estables y regatones de silicona antideslizante<\/p>\n<p>Soporta hasta 158kg<\/p>\n","protected":false},"featured_media":3780,"comment_status":"open","ping_status":"closed","template":"","meta":{"_monsterinsights_skip_tracking":false,"_monsterinsights_sitenote_active":false,"_monsterinsights_sitenote_note":"","_monsterinsights_sitenote_category":0},"product_brand":[384],"product_cat":[63],"product_tag":[],"class_list":{"0":"post-3776","1":"product","2":"type-product","3":"status-publish","4":"has-post-thumbnail","6":"product_brand-drive","7":"product_cat-inodoro-portatil-silla-barras","9":"first","10":"instock","11":"shipping-taxable","12":"product-type-simple"},"_links":{"self":[{"href":"https:\/\/ortopediagorgo.com.ar\/index.php?rest_route=\/wp\/v2\/product\/3776","targetHints":{"allow":["GET"]}}],"collection":[{"href":"https:\/\/ortopediagorgo.com.ar\/index.php?rest_route=\/wp\/v2\/product"}],"about":[{"href":"https:\/\/ortopediagorgo.com.ar\/index.php?rest_route=\/wp\/v2\/types\/product"}],"replies":[{"embeddable":true,"href":"https:\/\/ortopediagorgo.com.ar\/index.php?rest_route=%2Fwp%2Fv2%2Fcomments&post=3776"}],"version-history":[{"count":1,"href":"https:\/\/ortopediagorgo.com.ar\/index.php?rest_route=\/wp\/v2\/product\/3776\/revisions"}],"predecessor-version":[{"id":3783,"href":"https:\/\/ortopediagorgo.com.ar\/index.php?rest_route=\/wp\/v2\/product\/3776\/revisions\/3783"}],"wp:featuredmedia":[{"embeddable":true,"href":"https:\/\/ortopediagorgo.com.ar\/index.php?rest_route=\/wp\/v2\/media\/3780"}],"wp:attachment":[{"href":"https:\/\/ortopediagorgo.com.ar\/index.php?rest_route=%2Fwp%2Fv2%2Fmedia&parent=3776"}],"wp:term":[{"taxonomy":"product_brand","embeddable":true,"href":"https:\/\/ortopediagorgo.com.ar\/index.php?rest_route=%2Fwp%2Fv2%2Fproduct_brand&post=3776"},{"taxonomy":"product_cat","embeddable":true,"href":"https:\/\/ortopediagorgo.com.ar\/index.php?rest_route=%2Fwp%2Fv2%2Fproduct_cat&post=3776"},{"taxonomy":"product_tag","embeddable":true,"href":"https:\/\/ortopediagorgo.com.ar\/index.php?rest_route=%2Fwp%2Fv2%2Fproduct_tag&post=3776"}],"curies":[{"name":"wp","href":"https:\/\/api.w.org\/{rel}","templated":true}]}}