{"id":3803,"date":"2026-02-25T17:53:28","date_gmt":"2026-02-25T20:53:28","guid":{"rendered":"https:\/\/ortopediagorgo.com.ar\/?post_type=product&#038;p=3803"},"modified":"2026-02-25T17:53:28","modified_gmt":"2026-02-25T20:53:28","slug":"almohadon-theramart-modelo-therago","status":"publish","type":"product","link":"https:\/\/ortopediagorgo.com.ar\/?product=almohadon-theramart-modelo-therago","title":{"rendered":"Almohad\u00f3n THERAMART Modelo TheraGo"},"content":{"rendered":"<p>Est\u00e1 dise\u00f1ado ergon\u00f3micamente para ayudar a mantener una mejor postura.<br \/>\nAlinea de forma natural la columna vertebral.<br \/>\nReduce la fatiga que puede sentir el usuario por estar demasiado tiempo sentado.<br \/>\nLibera la presi\u00f3n del coxis y de la espalda baja.<br \/>\nReduce al m\u00e1ximo la presi\u00f3n en la zona del sacro.<br \/>\nCuenta con una superficie de Theragel.<br \/>\nDistribuye el peso del cuerpo equitativamente.<br \/>\nF\u00e1cil transporte<\/p>\n","protected":false},"excerpt":{"rendered":"<p>Thera-Go est\u00e1 dise\u00f1ado ergon\u00f3micamente para ayudarte a mantener una mejor postura alineando de forma natural tu columna vertebral, lo que no solo alivia los dolores de espalda, sino que tambi\u00e9n reduce la fatiga.<\/p>\n<p>Material: Goma espuma y gel.<br \/>\nMedidas: 41 x 37 x 3cm.<\/p>\n","protected":false},"featured_media":3804,"comment_status":"open","ping_status":"closed","template":"","meta":{"_monsterinsights_skip_tracking":false,"_monsterinsights_sitenote_active":false,"_monsterinsights_sitenote_note":"","_monsterinsights_sitenote_category":0},"product_brand":[387],"product_cat":[290],"product_tag":[],"class_list":{"0":"post-3803","1":"product","2":"type-product","3":"status-publish","4":"has-post-thumbnail","6":"product_brand-theramart","7":"product_cat-almohadones","9":"first","10":"instock","11":"shipping-taxable","12":"product-type-simple"},"_links":{"self":[{"href":"https:\/\/ortopediagorgo.com.ar\/index.php?rest_route=\/wp\/v2\/product\/3803","targetHints":{"allow":["GET"]}}],"collection":[{"href":"https:\/\/ortopediagorgo.com.ar\/index.php?rest_route=\/wp\/v2\/product"}],"about":[{"href":"https:\/\/ortopediagorgo.com.ar\/index.php?rest_route=\/wp\/v2\/types\/product"}],"replies":[{"embeddable":true,"href":"https:\/\/ortopediagorgo.com.ar\/index.php?rest_route=%2Fwp%2Fv2%2Fcomments&post=3803"}],"version-history":[{"count":1,"href":"https:\/\/ortopediagorgo.com.ar\/index.php?rest_route=\/wp\/v2\/product\/3803\/revisions"}],"predecessor-version":[{"id":3807,"href":"https:\/\/ortopediagorgo.com.ar\/index.php?rest_route=\/wp\/v2\/product\/3803\/revisions\/3807"}],"wp:featuredmedia":[{"embeddable":true,"href":"https:\/\/ortopediagorgo.com.ar\/index.php?rest_route=\/wp\/v2\/media\/3804"}],"wp:attachment":[{"href":"https:\/\/ortopediagorgo.com.ar\/index.php?rest_route=%2Fwp%2Fv2%2Fmedia&parent=3803"}],"wp:term":[{"taxonomy":"product_brand","embeddable":true,"href":"https:\/\/ortopediagorgo.com.ar\/index.php?rest_route=%2Fwp%2Fv2%2Fproduct_brand&post=3803"},{"taxonomy":"product_cat","embeddable":true,"href":"https:\/\/ortopediagorgo.com.ar\/index.php?rest_route=%2Fwp%2Fv2%2Fproduct_cat&post=3803"},{"taxonomy":"product_tag","embeddable":true,"href":"https:\/\/ortopediagorgo.com.ar\/index.php?rest_route=%2Fwp%2Fv2%2Fproduct_tag&post=3803"}],"curies":[{"name":"wp","href":"https:\/\/api.w.org\/{rel}","templated":true}]}}