{"id":3813,"date":"2026-02-25T18:02:14","date_gmt":"2026-02-25T21:02:14","guid":{"rendered":"https:\/\/ortopediagorgo.com.ar\/?post_type=product&#038;p=3813"},"modified":"2026-02-25T18:02:14","modified_gmt":"2026-02-25T21:02:14","slug":"almohadon-theramart-modelo-therafreedom","status":"publish","type":"product","link":"https:\/\/ortopediagorgo.com.ar\/?product=almohadon-theramart-modelo-therafreedom","title":{"rendered":"Almohad\u00f3n THERAMART Modelo TheraFreedom"},"content":{"rendered":"","protected":false},"excerpt":{"rendered":"<p>Almohad\u00f3n ergon\u00f3mico con carb\u00f3n.<br \/>\nIdeal para aliviar la presi\u00f3n en el coxis.<br \/>\nCorrige tu postura reduciendo la fatiga.<br \/>\nDistribuci\u00f3n total del peso de tu cuerpo.<br \/>\nLibertad de movimientos con base deslizante.<\/p>\n<p>Material: Espuma infusionada con carb\u00f3n de bamb\u00fa 50D 710g Cubierta 57% algod\u00f3n,<br \/>\n38% poli\u00e9ster y 5% spandex<br \/>\nMedidas: 46 x 40 x 15 cm<\/p>\n","protected":false},"featured_media":3814,"comment_status":"open","ping_status":"closed","template":"","meta":{"_monsterinsights_skip_tracking":false,"_monsterinsights_sitenote_active":false,"_monsterinsights_sitenote_note":"","_monsterinsights_sitenote_category":0},"product_brand":[387],"product_cat":[290],"product_tag":[],"class_list":{"0":"post-3813","1":"product","2":"type-product","3":"status-publish","4":"has-post-thumbnail","6":"product_brand-theramart","7":"product_cat-almohadones","9":"first","10":"instock","11":"shipping-taxable","12":"product-type-simple"},"_links":{"self":[{"href":"https:\/\/ortopediagorgo.com.ar\/index.php?rest_route=\/wp\/v2\/product\/3813","targetHints":{"allow":["GET"]}}],"collection":[{"href":"https:\/\/ortopediagorgo.com.ar\/index.php?rest_route=\/wp\/v2\/product"}],"about":[{"href":"https:\/\/ortopediagorgo.com.ar\/index.php?rest_route=\/wp\/v2\/types\/product"}],"replies":[{"embeddable":true,"href":"https:\/\/ortopediagorgo.com.ar\/index.php?rest_route=%2Fwp%2Fv2%2Fcomments&post=3813"}],"version-history":[{"count":1,"href":"https:\/\/ortopediagorgo.com.ar\/index.php?rest_route=\/wp\/v2\/product\/3813\/revisions"}],"predecessor-version":[{"id":3817,"href":"https:\/\/ortopediagorgo.com.ar\/index.php?rest_route=\/wp\/v2\/product\/3813\/revisions\/3817"}],"wp:featuredmedia":[{"embeddable":true,"href":"https:\/\/ortopediagorgo.com.ar\/index.php?rest_route=\/wp\/v2\/media\/3814"}],"wp:attachment":[{"href":"https:\/\/ortopediagorgo.com.ar\/index.php?rest_route=%2Fwp%2Fv2%2Fmedia&parent=3813"}],"wp:term":[{"taxonomy":"product_brand","embeddable":true,"href":"https:\/\/ortopediagorgo.com.ar\/index.php?rest_route=%2Fwp%2Fv2%2Fproduct_brand&post=3813"},{"taxonomy":"product_cat","embeddable":true,"href":"https:\/\/ortopediagorgo.com.ar\/index.php?rest_route=%2Fwp%2Fv2%2Fproduct_cat&post=3813"},{"taxonomy":"product_tag","embeddable":true,"href":"https:\/\/ortopediagorgo.com.ar\/index.php?rest_route=%2Fwp%2Fv2%2Fproduct_tag&post=3813"}],"curies":[{"name":"wp","href":"https:\/\/api.w.org\/{rel}","templated":true}]}}