{"id":3830,"date":"2026-02-25T23:03:35","date_gmt":"2026-02-26T02:03:35","guid":{"rendered":"https:\/\/ortopediagorgo.com.ar\/?post_type=product&#038;p=3830"},"modified":"2026-02-25T23:03:35","modified_gmt":"2026-02-26T02:03:35","slug":"almohadon-roho-mosaic","status":"publish","type":"product","link":"https:\/\/ortopediagorgo.com.ar\/?product=almohadon-roho-mosaic","title":{"rendered":"Almohad\u00f3n Roho Mosaic"},"content":{"rendered":"<p>Almohad\u00f3n con celdas interconectadas de aire, confeccionado en PVC, con cobertor, inflador y kit de reparaci\u00f3n. Dise\u00f1ado para pacientes que requieren comodidad y apoyo, usuarios temporales o part-time de sillas de ruedas, pacientes con sensibilidad parcial o total, con riesgo moderado o bajo escaras. Capacidad de peso: 143 kg.<\/p>\n","protected":false},"excerpt":{"rendered":"<p>\u2022 Almohad\u00f3n de sistema de flotaci\u00f3n seca confeccionado en de PVC (Polivinilo de<br \/>\nCarbono) con celdas de aire interconectadas de 7 cm.<br \/>\n\u2022 Cuenta con una v\u00e1lvula de inflado de lat\u00f3n niquelado.<br \/>\n\u2022 Material totalmente reparable, suave, anat\u00f3mico y antiinflamable.<br \/>\n\u2022 Con funda protectora antimic\u00f3tico.<br \/>\n\u2022 L\u00edmite de peso: 143 kg.<br \/>\n\u2022 Incluye inflador, manual y kit de reparaci\u00f3n.<\/p>\n","protected":false},"featured_media":3832,"comment_status":"open","ping_status":"closed","template":"","meta":{"_monsterinsights_skip_tracking":false,"_monsterinsights_sitenote_active":false,"_monsterinsights_sitenote_note":"","_monsterinsights_sitenote_category":0},"product_brand":[],"product_cat":[290],"product_tag":[],"class_list":{"0":"post-3830","1":"product","2":"type-product","3":"status-publish","4":"has-post-thumbnail","6":"product_cat-almohadones","8":"first","9":"instock","10":"shipping-taxable","11":"product-type-simple"},"_links":{"self":[{"href":"https:\/\/ortopediagorgo.com.ar\/index.php?rest_route=\/wp\/v2\/product\/3830","targetHints":{"allow":["GET"]}}],"collection":[{"href":"https:\/\/ortopediagorgo.com.ar\/index.php?rest_route=\/wp\/v2\/product"}],"about":[{"href":"https:\/\/ortopediagorgo.com.ar\/index.php?rest_route=\/wp\/v2\/types\/product"}],"replies":[{"embeddable":true,"href":"https:\/\/ortopediagorgo.com.ar\/index.php?rest_route=%2Fwp%2Fv2%2Fcomments&post=3830"}],"version-history":[{"count":1,"href":"https:\/\/ortopediagorgo.com.ar\/index.php?rest_route=\/wp\/v2\/product\/3830\/revisions"}],"predecessor-version":[{"id":3833,"href":"https:\/\/ortopediagorgo.com.ar\/index.php?rest_route=\/wp\/v2\/product\/3830\/revisions\/3833"}],"wp:featuredmedia":[{"embeddable":true,"href":"https:\/\/ortopediagorgo.com.ar\/index.php?rest_route=\/wp\/v2\/media\/3832"}],"wp:attachment":[{"href":"https:\/\/ortopediagorgo.com.ar\/index.php?rest_route=%2Fwp%2Fv2%2Fmedia&parent=3830"}],"wp:term":[{"taxonomy":"product_brand","embeddable":true,"href":"https:\/\/ortopediagorgo.com.ar\/index.php?rest_route=%2Fwp%2Fv2%2Fproduct_brand&post=3830"},{"taxonomy":"product_cat","embeddable":true,"href":"https:\/\/ortopediagorgo.com.ar\/index.php?rest_route=%2Fwp%2Fv2%2Fproduct_cat&post=3830"},{"taxonomy":"product_tag","embeddable":true,"href":"https:\/\/ortopediagorgo.com.ar\/index.php?rest_route=%2Fwp%2Fv2%2Fproduct_tag&post=3830"}],"curies":[{"name":"wp","href":"https:\/\/api.w.org\/{rel}","templated":true}]}}