{"id":3843,"date":"2026-02-25T23:42:10","date_gmt":"2026-02-26T02:42:10","guid":{"rendered":"https:\/\/ortopediagorgo.com.ar\/?post_type=product&#038;p=3843"},"modified":"2026-02-25T23:50:31","modified_gmt":"2026-02-26T02:50:31","slug":"aspirador-nasal-automatico-modelo-delfin-aspen","status":"publish","type":"product","link":"https:\/\/ortopediagorgo.com.ar\/?product=aspirador-nasal-automatico-modelo-delfin-aspen","title":{"rendered":"Aspirador nasal autom\u00e1tico Modelo Delf\u00edn ASPEN"},"content":{"rendered":"<ul>\n<li>Con 12 melod\u00edas.<\/li>\n<li>Con 2 puntas de siliconas.<\/li>\n<li>Garant\u00eda 1 a\u00f1o.<\/li>\n<\/ul>\n<p>Dispositivo dise\u00f1ado para remover secreciones nasales y mucosidad en ni\u00f1os entre 0 y 12 a\u00f1os.<br \/>\n<strong>Funci\u00f3n melod\u00edas:<\/strong> Incluye 12 melod\u00edas para confortar al beb\u00e9 durante su uso.<br \/>\n<strong>Poder de aspiraci\u00f3n:<\/strong> Puede ser utilizado de forma continua o intermitente para extraer las secreciones nasales.<br \/>\n<strong>Seguridad:<\/strong> Las suaves puntas de aspiraci\u00f3n tienen un dise\u00f1o confortable para prevenir da\u00f1os durante su uso.<br \/>\n<strong>Dise\u00f1o con cabezal lavable:<\/strong> Las puntas y el recipiente de almacenamiento del cabezal pueden ser retirados y lavados.<br \/>\nEl recipiente de almacenamiento puede ser desinfectado en agua hirviendo.<br \/>\n<strong>Liviano y con bajo nivel de ruido:<\/strong> F\u00e1cil de utilizar incluso cuando el beb\u00e9 est\u00e1 dormido.<\/p>\n","protected":false},"excerpt":{"rendered":"<p>&#8211; Libre de BPA.<br \/>\n&#8211; Funci\u00f3n melod\u00edas ( 12 ).<br \/>\n&#8211; Liviano.<br \/>\n&#8211; Bajo nivel de ruido.<br \/>\n&#8211; F\u00e1cil limpieza con recipiente recolector.<br \/>\n&#8211; Punta de silicona suave y flexible (dos medidas).<br \/>\n&#8211; Recipiente transparente para medir evaluar el nivel de mucosidad.<br \/>\n&#8211; Se puede esterilizar incluso las puntas de silicona con agua hirviendo.<br \/>\n&#8211; Funcionamiento a pilas<\/p>\n","protected":false},"featured_media":3848,"comment_status":"open","ping_status":"closed","template":"","meta":{"_monsterinsights_skip_tracking":false,"_monsterinsights_sitenote_active":false,"_monsterinsights_sitenote_note":"","_monsterinsights_sitenote_category":0},"product_brand":[389],"product_cat":[55],"product_tag":[],"class_list":{"0":"post-3843","1":"product","2":"type-product","3":"status-publish","4":"has-post-thumbnail","6":"product_brand-aspen","7":"product_cat-nebulizadores-aspiradores-aerocamaras","9":"first","10":"instock","11":"shipping-taxable","12":"product-type-simple"},"_links":{"self":[{"href":"https:\/\/ortopediagorgo.com.ar\/index.php?rest_route=\/wp\/v2\/product\/3843","targetHints":{"allow":["GET"]}}],"collection":[{"href":"https:\/\/ortopediagorgo.com.ar\/index.php?rest_route=\/wp\/v2\/product"}],"about":[{"href":"https:\/\/ortopediagorgo.com.ar\/index.php?rest_route=\/wp\/v2\/types\/product"}],"replies":[{"embeddable":true,"href":"https:\/\/ortopediagorgo.com.ar\/index.php?rest_route=%2Fwp%2Fv2%2Fcomments&post=3843"}],"version-history":[{"count":3,"href":"https:\/\/ortopediagorgo.com.ar\/index.php?rest_route=\/wp\/v2\/product\/3843\/revisions"}],"predecessor-version":[{"id":3851,"href":"https:\/\/ortopediagorgo.com.ar\/index.php?rest_route=\/wp\/v2\/product\/3843\/revisions\/3851"}],"wp:featuredmedia":[{"embeddable":true,"href":"https:\/\/ortopediagorgo.com.ar\/index.php?rest_route=\/wp\/v2\/media\/3848"}],"wp:attachment":[{"href":"https:\/\/ortopediagorgo.com.ar\/index.php?rest_route=%2Fwp%2Fv2%2Fmedia&parent=3843"}],"wp:term":[{"taxonomy":"product_brand","embeddable":true,"href":"https:\/\/ortopediagorgo.com.ar\/index.php?rest_route=%2Fwp%2Fv2%2Fproduct_brand&post=3843"},{"taxonomy":"product_cat","embeddable":true,"href":"https:\/\/ortopediagorgo.com.ar\/index.php?rest_route=%2Fwp%2Fv2%2Fproduct_cat&post=3843"},{"taxonomy":"product_tag","embeddable":true,"href":"https:\/\/ortopediagorgo.com.ar\/index.php?rest_route=%2Fwp%2Fv2%2Fproduct_tag&post=3843"}],"curies":[{"name":"wp","href":"https:\/\/api.w.org\/{rel}","templated":true}]}}