{"id":3852,"date":"2026-02-26T00:18:38","date_gmt":"2026-02-26T03:18:38","guid":{"rendered":"https:\/\/ortopediagorgo.com.ar\/?post_type=product&#038;p=3852"},"modified":"2026-02-26T00:26:16","modified_gmt":"2026-02-26T03:26:16","slug":"barra-seguridad-portatil-con-ventosas-de-30cm-drive","status":"publish","type":"product","link":"https:\/\/ortopediagorgo.com.ar\/?product=barra-seguridad-portatil-con-ventosas-de-30cm-drive","title":{"rendered":"Barra seguridad port\u00e1til con ventosas de 30cm DRIVE"},"content":{"rendered":"<p>CARACTER\u00cdSTICAS Y BENEFICIOS Proporciona estabilidad adicional al entrar y salir de la ba\u00f1era o la ducha. F\u00e1cil de instalar o quitar con pestillos de bloqueo que aseguran la barra de sujeci\u00f3n en su lugar. Los indicadores de color garantizan una instalaci\u00f3n segura. La pantalla verde significa que la barra de agarre est\u00e1 segura y lista para usar; se mostrar\u00e1 en rojo si el sello no es herm\u00e9tico. Con un agarre de goma antideslizante y agarraderas moldeadas para los dedos en la parte inferior para mayor seguridad y protecci\u00f3n.<\/p>\n<p>PRECAUCI\u00d3N: La barra de agarre se debe utilizar solo como ayuda para el equilibrio. No est\u00e1 dise\u00f1ado para soportar el peso corporal, y el peso corporal no debe aplicarse a la barra de agarre. (Si se requiere que un dispositivo soporte cualquier peso corporal, o se usa para hacer palanca, se recomienda que se instale una barra de agarre tradicional montada permanentemente). Antes de cada uso, aseg\u00farese de que la barra de agarre est\u00e9 bien sujeta. Si se puede mover o se siente flojo, levante los pestillos y vuelva a colocarlo de acuerdo con estas instrucciones. Aseg\u00farese de que la reinstalaci\u00f3n sea segura antes de su uso.<\/p>\n","protected":false},"excerpt":{"rendered":"<table width=\"478\">\n<tbody>\n<tr>\n<td width=\"478\">Largo: 30 cm.<br \/>\nAcabado: Mate.<br \/>\nBarra de sujeci\u00f3n con ventosas para instalaci\u00f3n segura en ba\u00f1eras.<br \/>\nIndicadores de color para garantizar una instalaci\u00f3n correcta.<br \/>\nAgarre de goma antideslizante para mayor seguridad.<br \/>\nF\u00e1cil de instalar y quitar con pestillos de bloqueo.<\/td>\n<\/tr>\n<\/tbody>\n<\/table>\n","protected":false},"featured_media":3853,"comment_status":"open","ping_status":"closed","template":"","meta":{"_monsterinsights_skip_tracking":false,"_monsterinsights_sitenote_active":false,"_monsterinsights_sitenote_note":"","_monsterinsights_sitenote_category":0},"product_brand":[384],"product_cat":[63],"product_tag":[],"class_list":{"0":"post-3852","1":"product","2":"type-product","3":"status-publish","4":"has-post-thumbnail","6":"product_brand-drive","7":"product_cat-inodoro-portatil-silla-barras","9":"first","10":"instock","11":"shipping-taxable","12":"product-type-simple"},"_links":{"self":[{"href":"https:\/\/ortopediagorgo.com.ar\/index.php?rest_route=\/wp\/v2\/product\/3852","targetHints":{"allow":["GET"]}}],"collection":[{"href":"https:\/\/ortopediagorgo.com.ar\/index.php?rest_route=\/wp\/v2\/product"}],"about":[{"href":"https:\/\/ortopediagorgo.com.ar\/index.php?rest_route=\/wp\/v2\/types\/product"}],"replies":[{"embeddable":true,"href":"https:\/\/ortopediagorgo.com.ar\/index.php?rest_route=%2Fwp%2Fv2%2Fcomments&post=3852"}],"version-history":[{"count":1,"href":"https:\/\/ortopediagorgo.com.ar\/index.php?rest_route=\/wp\/v2\/product\/3852\/revisions"}],"predecessor-version":[{"id":3857,"href":"https:\/\/ortopediagorgo.com.ar\/index.php?rest_route=\/wp\/v2\/product\/3852\/revisions\/3857"}],"wp:featuredmedia":[{"embeddable":true,"href":"https:\/\/ortopediagorgo.com.ar\/index.php?rest_route=\/wp\/v2\/media\/3853"}],"wp:attachment":[{"href":"https:\/\/ortopediagorgo.com.ar\/index.php?rest_route=%2Fwp%2Fv2%2Fmedia&parent=3852"}],"wp:term":[{"taxonomy":"product_brand","embeddable":true,"href":"https:\/\/ortopediagorgo.com.ar\/index.php?rest_route=%2Fwp%2Fv2%2Fproduct_brand&post=3852"},{"taxonomy":"product_cat","embeddable":true,"href":"https:\/\/ortopediagorgo.com.ar\/index.php?rest_route=%2Fwp%2Fv2%2Fproduct_cat&post=3852"},{"taxonomy":"product_tag","embeddable":true,"href":"https:\/\/ortopediagorgo.com.ar\/index.php?rest_route=%2Fwp%2Fv2%2Fproduct_tag&post=3852"}],"curies":[{"name":"wp","href":"https:\/\/api.w.org\/{rel}","templated":true}]}}