{"id":3861,"date":"2026-03-03T08:59:37","date_gmt":"2026-03-03T11:59:37","guid":{"rendered":"https:\/\/ortopediagorgo.com.ar\/?post_type=product&#038;p=3861"},"modified":"2026-03-03T08:59:37","modified_gmt":"2026-03-03T11:59:37","slug":"barra-de-sujecion-doble-articulada-drive","status":"publish","type":"product","link":"https:\/\/ortopediagorgo.com.ar\/?product=barra-de-sujecion-doble-articulada-drive","title":{"rendered":"Barra de sujeci\u00f3n doble articulada DRIVE"},"content":{"rendered":"<p>Proporciona estabilidad adicional al entrar y salir de la ba\u00f1era o la ducha. F\u00e1cil de instalar o quitar con pestillos de bloqueo que aseguran la barra de sujeci\u00f3n en su lugar. Los indicadores de color garantizan una instalaci\u00f3n segura. La pantalla verde significa que la barra de agarre est\u00e1 segura y lista para usar; se mostrar\u00e1 en rojo si el sello no es herm\u00e9tico. Con un agarre de goma antideslizante y agarraderas moldeadas para los dedos en la parte inferior para mayor seguridad y protecci\u00f3n.<\/p>\n<p>PRECAUCI\u00d3N: La barra de agarre se debe utilizar solo como ayuda para el equilibrio. No est\u00e1 dise\u00f1ada para soportar el peso corporal, y el peso corporal no debe aplicarse a la barra de agarre. (Si se requiere que un dispositivo soporte cualquier peso corporal, o se usa para hacer palanca, se recomienda que se instale una barra de agarre tradicional montada permanentemente). Antes de cada uso, aseg\u00farese de que la barra de agarre est\u00e9 bien sujeta. Si se puede mover o se siente flojo, levante los pestillos y vuelva a colocarlo de acuerdo con estas instrucciones. Aseg\u00farese de que la reinstalaci\u00f3n sea segura antes de su uso.<\/p>\n","protected":false},"excerpt":{"rendered":"<p>Proporciona estabilidad adicional al entrar y salir de la ba\u00f1era o la ducha. F\u00e1cil de instalar o quitar con pestillos de bloqueo que aseguran la barra de sujeci\u00f3n en su lugar. Los indicadores de color garantizan una instalaci\u00f3n segura. La pantalla verde significa que la barra de agarre est\u00e1 segura y lista para usar; se &hellip;<\/p>\n<p class=\"read-more\"> <a class=\"\" href=\"https:\/\/ortopediagorgo.com.ar\/?product=barra-de-sujecion-doble-articulada-drive\"> <span class=\"screen-reader-text\">Barra de sujeci\u00f3n doble articulada DRIVE<\/span> Leer m\u00e1s &raquo;<\/a><\/p>\n","protected":false},"featured_media":3862,"comment_status":"open","ping_status":"closed","template":"","meta":{"_monsterinsights_skip_tracking":false,"_monsterinsights_sitenote_active":false,"_monsterinsights_sitenote_note":"","_monsterinsights_sitenote_category":0},"product_brand":[],"product_cat":[63],"product_tag":[],"class_list":{"0":"post-3861","1":"product","2":"type-product","3":"status-publish","4":"has-post-thumbnail","6":"product_cat-inodoro-portatil-silla-barras","8":"first","9":"instock","10":"shipping-taxable","11":"product-type-simple"},"_links":{"self":[{"href":"https:\/\/ortopediagorgo.com.ar\/index.php?rest_route=\/wp\/v2\/product\/3861","targetHints":{"allow":["GET"]}}],"collection":[{"href":"https:\/\/ortopediagorgo.com.ar\/index.php?rest_route=\/wp\/v2\/product"}],"about":[{"href":"https:\/\/ortopediagorgo.com.ar\/index.php?rest_route=\/wp\/v2\/types\/product"}],"replies":[{"embeddable":true,"href":"https:\/\/ortopediagorgo.com.ar\/index.php?rest_route=%2Fwp%2Fv2%2Fcomments&post=3861"}],"version-history":[{"count":1,"href":"https:\/\/ortopediagorgo.com.ar\/index.php?rest_route=\/wp\/v2\/product\/3861\/revisions"}],"predecessor-version":[{"id":3866,"href":"https:\/\/ortopediagorgo.com.ar\/index.php?rest_route=\/wp\/v2\/product\/3861\/revisions\/3866"}],"wp:featuredmedia":[{"embeddable":true,"href":"https:\/\/ortopediagorgo.com.ar\/index.php?rest_route=\/wp\/v2\/media\/3862"}],"wp:attachment":[{"href":"https:\/\/ortopediagorgo.com.ar\/index.php?rest_route=%2Fwp%2Fv2%2Fmedia&parent=3861"}],"wp:term":[{"taxonomy":"product_brand","embeddable":true,"href":"https:\/\/ortopediagorgo.com.ar\/index.php?rest_route=%2Fwp%2Fv2%2Fproduct_brand&post=3861"},{"taxonomy":"product_cat","embeddable":true,"href":"https:\/\/ortopediagorgo.com.ar\/index.php?rest_route=%2Fwp%2Fv2%2Fproduct_cat&post=3861"},{"taxonomy":"product_tag","embeddable":true,"href":"https:\/\/ortopediagorgo.com.ar\/index.php?rest_route=%2Fwp%2Fv2%2Fproduct_tag&post=3861"}],"curies":[{"name":"wp","href":"https:\/\/api.w.org\/{rel}","templated":true}]}}