{"id":3867,"date":"2026-03-03T09:29:05","date_gmt":"2026-03-03T12:29:05","guid":{"rendered":"https:\/\/ortopediagorgo.com.ar\/?post_type=product&#038;p=3867"},"modified":"2026-03-03T09:29:05","modified_gmt":"2026-03-03T12:29:05","slug":"eleva-paciente-motorizado-con-arnes","status":"publish","type":"product","link":"https:\/\/ortopediagorgo.com.ar\/?product=eleva-paciente-motorizado-con-arnes","title":{"rendered":"Eleva-paciente motorizado con arn\u00e9s"},"content":{"rendered":"","protected":false},"excerpt":{"rendered":"<p>Estructura de acero con terminaci\u00f3n Pintura epoxi.<br \/>\nMontado sobre cuatro ruedas giratorias.<br \/>\nRuedas delanteras dobles de 7,5 cm.<br \/>\nRuedas traseras de 10 cm con frenos.<br \/>\nMecanismo para apertura y cierre de patas para pasar por puertas estrechas.<br \/>\nCaja de control central que incluye una bater\u00eda sellada del tipo plomo-\u00e1cido, de 24 V 5AH. que con carga completa resulta 50 ascensos y descensos aproximadamente.<br \/>\nControl remoto.<br \/>\nManijas c\u00f3modas para un f\u00e1cil manejo del equipo.<br \/>\nSoporte de arn\u00e9s giratorio 360\u00ba con 4 ganchos.<br \/>\nAltura m\u00e1xima de las patas para ingresar debajo de la cama: 9 cm.<br \/>\nIncluye bot\u00f3n de seguridad.<br \/>\nAutorizado por ANMAT PM1813-34<br \/>\nDise\u00f1ado para levantar y transferir pacientes de hasta 150Kg. Arn\u00e9s de uso general inclu\u00eddo, soporta 100kg.<\/p>\n","protected":false},"featured_media":3868,"comment_status":"open","ping_status":"closed","template":"","meta":{"_monsterinsights_skip_tracking":false,"_monsterinsights_sitenote_active":false,"_monsterinsights_sitenote_note":"","_monsterinsights_sitenote_category":0},"product_brand":[381],"product_cat":[151],"product_tag":[],"class_list":{"0":"post-3867","1":"product","2":"type-product","3":"status-publish","4":"has-post-thumbnail","6":"product_brand-care-quip","7":"product_cat-elevapacientes","9":"first","10":"instock","11":"shipping-taxable","12":"product-type-simple"},"_links":{"self":[{"href":"https:\/\/ortopediagorgo.com.ar\/index.php?rest_route=\/wp\/v2\/product\/3867","targetHints":{"allow":["GET"]}}],"collection":[{"href":"https:\/\/ortopediagorgo.com.ar\/index.php?rest_route=\/wp\/v2\/product"}],"about":[{"href":"https:\/\/ortopediagorgo.com.ar\/index.php?rest_route=\/wp\/v2\/types\/product"}],"replies":[{"embeddable":true,"href":"https:\/\/ortopediagorgo.com.ar\/index.php?rest_route=%2Fwp%2Fv2%2Fcomments&post=3867"}],"version-history":[{"count":1,"href":"https:\/\/ortopediagorgo.com.ar\/index.php?rest_route=\/wp\/v2\/product\/3867\/revisions"}],"predecessor-version":[{"id":3869,"href":"https:\/\/ortopediagorgo.com.ar\/index.php?rest_route=\/wp\/v2\/product\/3867\/revisions\/3869"}],"wp:featuredmedia":[{"embeddable":true,"href":"https:\/\/ortopediagorgo.com.ar\/index.php?rest_route=\/wp\/v2\/media\/3868"}],"wp:attachment":[{"href":"https:\/\/ortopediagorgo.com.ar\/index.php?rest_route=%2Fwp%2Fv2%2Fmedia&parent=3867"}],"wp:term":[{"taxonomy":"product_brand","embeddable":true,"href":"https:\/\/ortopediagorgo.com.ar\/index.php?rest_route=%2Fwp%2Fv2%2Fproduct_brand&post=3867"},{"taxonomy":"product_cat","embeddable":true,"href":"https:\/\/ortopediagorgo.com.ar\/index.php?rest_route=%2Fwp%2Fv2%2Fproduct_cat&post=3867"},{"taxonomy":"product_tag","embeddable":true,"href":"https:\/\/ortopediagorgo.com.ar\/index.php?rest_route=%2Fwp%2Fv2%2Fproduct_tag&post=3867"}],"curies":[{"name":"wp","href":"https:\/\/api.w.org\/{rel}","templated":true}]}}