{"id":3877,"date":"2026-03-03T09:55:04","date_gmt":"2026-03-03T12:55:04","guid":{"rendered":"https:\/\/ortopediagorgo.com.ar\/?post_type=product&#038;p=3877"},"modified":"2026-04-14T13:01:52","modified_gmt":"2026-04-14T16:01:52","slug":"peparador-de-miembros-inferiores","status":"publish","type":"product","link":"https:\/\/ortopediagorgo.com.ar\/?product=peparador-de-miembros-inferiores","title":{"rendered":"Separador de miembros inferiores"},"content":{"rendered":"<p>Presentamos el\u00a0<strong>Almohad\u00f3n Abductor de Cadera NUBIAL<\/strong>, la soluci\u00f3n perfecta para un posicionamiento \u00f3ptimo y correcto de las piernas, asegurando comodidad y estabilidad en su uso.<\/p>\n<h4>Beneficios Clave:<\/h4>\n<p><strong>Ajuste Personalizado<\/strong>: Este almohad\u00f3n es\u00a0<strong>ajustable a distintas medidas<\/strong>, permitiendo que cada usuario encuentre el soporte ideal para sus necesidades. Ya sea en casa o en un entorno cl\u00ednico, este producto se adapta a ti.<\/p>\n<p><strong>Comodidad y Seguridad<\/strong>: Mantiene las piernas\u00a0<strong>separadas en la forma correcta<\/strong>, favoreciendo una alineaci\u00f3n adecuada y evitando riesgos de lesiones o incomodidades.<\/p>\n<p><strong>F\u00e1cil Mantenimiento<\/strong>: Fabricado en\u00a0<strong>espuma de poliuretano<\/strong>, cuenta con una\u00a0<strong>funda removible y cierre<\/strong>, lo que facilita su limpieza y asegura una higiene \u00f3ptima.<\/p>\n<h4>Caracter\u00edsticas:<\/h4>\n<ul>\n<li><strong>Material de Alta Calidad<\/strong>: La espuma de poliuretano proporciona un soporte duradero y confortable, ideal para el uso diario.<\/li>\n<li><strong>Dise\u00f1o Ergon\u00f3mico<\/strong>: Su forma est\u00e1 dise\u00f1ada espec\u00edficamente para brindar el mejor soporte a la cadera y las piernas, promoviendo una postura saludable.<\/li>\n<\/ul>\n","protected":false},"excerpt":{"rendered":"<p>Espuma de poliuretano<br \/>\nFunda removible con cierre y lavable<br \/>\nVelcro que permite ajustar la faja seg\u00fan la necesidad<\/p>\n","protected":false},"featured_media":4122,"comment_status":"open","ping_status":"closed","template":"","meta":{"_monsterinsights_skip_tracking":false,"_monsterinsights_sitenote_active":false,"_monsterinsights_sitenote_note":"","_monsterinsights_sitenote_category":0},"product_brand":[],"product_cat":[290],"product_tag":[],"class_list":{"0":"post-3877","1":"product","2":"type-product","3":"status-publish","4":"has-post-thumbnail","6":"product_cat-almohadones","8":"first","9":"instock","10":"shipping-taxable","11":"product-type-simple"},"_links":{"self":[{"href":"https:\/\/ortopediagorgo.com.ar\/index.php?rest_route=\/wp\/v2\/product\/3877","targetHints":{"allow":["GET"]}}],"collection":[{"href":"https:\/\/ortopediagorgo.com.ar\/index.php?rest_route=\/wp\/v2\/product"}],"about":[{"href":"https:\/\/ortopediagorgo.com.ar\/index.php?rest_route=\/wp\/v2\/types\/product"}],"replies":[{"embeddable":true,"href":"https:\/\/ortopediagorgo.com.ar\/index.php?rest_route=%2Fwp%2Fv2%2Fcomments&post=3877"}],"version-history":[{"count":4,"href":"https:\/\/ortopediagorgo.com.ar\/index.php?rest_route=\/wp\/v2\/product\/3877\/revisions"}],"predecessor-version":[{"id":4123,"href":"https:\/\/ortopediagorgo.com.ar\/index.php?rest_route=\/wp\/v2\/product\/3877\/revisions\/4123"}],"wp:featuredmedia":[{"embeddable":true,"href":"https:\/\/ortopediagorgo.com.ar\/index.php?rest_route=\/wp\/v2\/media\/4122"}],"wp:attachment":[{"href":"https:\/\/ortopediagorgo.com.ar\/index.php?rest_route=%2Fwp%2Fv2%2Fmedia&parent=3877"}],"wp:term":[{"taxonomy":"product_brand","embeddable":true,"href":"https:\/\/ortopediagorgo.com.ar\/index.php?rest_route=%2Fwp%2Fv2%2Fproduct_brand&post=3877"},{"taxonomy":"product_cat","embeddable":true,"href":"https:\/\/ortopediagorgo.com.ar\/index.php?rest_route=%2Fwp%2Fv2%2Fproduct_cat&post=3877"},{"taxonomy":"product_tag","embeddable":true,"href":"https:\/\/ortopediagorgo.com.ar\/index.php?rest_route=%2Fwp%2Fv2%2Fproduct_tag&post=3877"}],"curies":[{"name":"wp","href":"https:\/\/api.w.org\/{rel}","templated":true}]}}