{"id":3881,"date":"2026-03-10T12:08:40","date_gmt":"2026-03-10T15:08:40","guid":{"rendered":"https:\/\/ortopediagorgo.com.ar\/?post_type=product&#038;p=3881"},"modified":"2026-03-10T12:08:40","modified_gmt":"2026-03-10T15:08:40","slug":"andador-rollator-de-rodilla","status":"publish","type":"product","link":"https:\/\/ortopediagorgo.com.ar\/?product=andador-rollator-de-rodilla","title":{"rendered":"Andador Rollator de rodilla"},"content":{"rendered":"<p>El Andador de rodilla est\u00e1 dise\u00f1ado para facilitar la movilidad de personas con lesiones o cirug\u00edas en el pie o tobillo. Su estructura resistente con cuatro ruedas estables, freno manual, asiento elevable y acolchado y canasto delantero desmontable brinda comodidad y seguridad durante el desplazamiento. Ideal para uso en interiores y exteriores, permite mantener la independencia mientras se recupera la movilidad.<\/p>\n","protected":false},"excerpt":{"rendered":"<p>El Andador de rodilla est\u00e1 dise\u00f1ado para facilitar la movilidad de personas con lesiones o cirug\u00edas en el pie o tobillo. Su estructura resistente con cuatro ruedas estables, freno manual, asiento elevable y acolchado y canasto delantero desmontable brinda comodidad y seguridad durante el desplazamiento. Ideal para uso en interiores y exteriores, permite mantener la independencia mientras se recupera la movilidad.<\/p>\n<ul>\n<li><strong>Ancho interno:<\/strong>\u00a042 cm<\/li>\n<li><strong>Ancho total:<\/strong>\u00a042 cm<\/li>\n<li><strong>Altura del pu\u00f1o al piso:<\/strong>\u00a085\/105 cm<\/li>\n<li><strong>Altura del asiento al piso:<\/strong>\u00a042\/52 cm<\/li>\n<li><strong>Di\u00e1metro ruedas anteriores:<\/strong>\u00a020 cm<\/li>\n<li><strong>Di\u00e1metro ruedas posteriores:<\/strong>\u00a020 cm<\/li>\n<li><strong>Peso soportado:<\/strong>\u00a0100 kg<\/li>\n<li><strong>Peso del producto:<\/strong>\u00a09.5 kg<\/li>\n<\/ul>\n","protected":false},"featured_media":3882,"comment_status":"open","ping_status":"closed","template":"","meta":{"_monsterinsights_skip_tracking":false,"_monsterinsights_sitenote_active":false,"_monsterinsights_sitenote_note":"","_monsterinsights_sitenote_category":0},"product_brand":[],"product_cat":[34],"product_tag":[],"class_list":{"0":"post-3881","1":"product","2":"type-product","3":"status-publish","4":"has-post-thumbnail","6":"product_cat-andadores","8":"first","9":"instock","10":"shipping-taxable","11":"product-type-simple"},"_links":{"self":[{"href":"https:\/\/ortopediagorgo.com.ar\/index.php?rest_route=\/wp\/v2\/product\/3881","targetHints":{"allow":["GET"]}}],"collection":[{"href":"https:\/\/ortopediagorgo.com.ar\/index.php?rest_route=\/wp\/v2\/product"}],"about":[{"href":"https:\/\/ortopediagorgo.com.ar\/index.php?rest_route=\/wp\/v2\/types\/product"}],"replies":[{"embeddable":true,"href":"https:\/\/ortopediagorgo.com.ar\/index.php?rest_route=%2Fwp%2Fv2%2Fcomments&post=3881"}],"version-history":[{"count":1,"href":"https:\/\/ortopediagorgo.com.ar\/index.php?rest_route=\/wp\/v2\/product\/3881\/revisions"}],"predecessor-version":[{"id":3884,"href":"https:\/\/ortopediagorgo.com.ar\/index.php?rest_route=\/wp\/v2\/product\/3881\/revisions\/3884"}],"wp:featuredmedia":[{"embeddable":true,"href":"https:\/\/ortopediagorgo.com.ar\/index.php?rest_route=\/wp\/v2\/media\/3882"}],"wp:attachment":[{"href":"https:\/\/ortopediagorgo.com.ar\/index.php?rest_route=%2Fwp%2Fv2%2Fmedia&parent=3881"}],"wp:term":[{"taxonomy":"product_brand","embeddable":true,"href":"https:\/\/ortopediagorgo.com.ar\/index.php?rest_route=%2Fwp%2Fv2%2Fproduct_brand&post=3881"},{"taxonomy":"product_cat","embeddable":true,"href":"https:\/\/ortopediagorgo.com.ar\/index.php?rest_route=%2Fwp%2Fv2%2Fproduct_cat&post=3881"},{"taxonomy":"product_tag","embeddable":true,"href":"https:\/\/ortopediagorgo.com.ar\/index.php?rest_route=%2Fwp%2Fv2%2Fproduct_tag&post=3881"}],"curies":[{"name":"wp","href":"https:\/\/api.w.org\/{rel}","templated":true}]}}