{"id":3885,"date":"2026-03-17T11:20:10","date_gmt":"2026-03-17T14:20:10","guid":{"rendered":"https:\/\/ortopediagorgo.com.ar\/?post_type=product&#038;p=3885"},"modified":"2026-03-17T11:20:10","modified_gmt":"2026-03-17T14:20:10","slug":"nebulizador-ultrasonico-mesh-nb-813b","status":"publish","type":"product","link":"https:\/\/ortopediagorgo.com.ar\/?product=nebulizador-ultrasonico-mesh-nb-813b","title":{"rendered":"Nebulizador Ultras\u00f3nico Mesh NB-813B"},"content":{"rendered":"<p>El Nebulizador MESH NB-810B Coronet es la soluci\u00f3n ideal para quienes buscan un tratamiento respiratorio efectivo y c\u00f3modo. Su tecnolog\u00eda garantiza una nebulizaci\u00f3n eficiente y silenciosa, permiti\u00e9ndote administrarte el tratamiento sin molestias. Dise\u00f1ado para uso en cualquier momento y lugar, es completamente inal\u00e1mbrico y cuenta con una capacidad de nebulizaci\u00f3n de 6 mL. Con una tasa de nebulizaci\u00f3n de 0,2 mL\/min, este dispositivo ofrece un flujo constante y optimizado para maximizar la efectividad de los medicamentos. Incluye una boquilla y mascarillas tanto para adultos como para ni\u00f1os, asegurando que toda la familia pueda beneficiarse de su uso. Adem\u00e1s, puedes alimentarlo con la bater\u00eda recargable o mediante un adaptador de corriente, lo que proporciona una gran flexibilidad de uso. La facilidad de su limpieza y mantenimiento tambi\u00e9n lo convierte en una opci\u00f3n pr\u00e1ctica para el d\u00eda a d\u00eda. Compacto y ligero, el Nebulizador MESH NB-810B Coronet es perfecto para llevar contigo, ya sea en casa o de viaje. Potencia tu bienestar respiratorio y elige un nebulizador que se adapte a tu estilo de vida.<\/p>\n","protected":false},"excerpt":{"rendered":"<ul class=\"ui-vpp-highlighted-specs__features-list\">\n<li class=\"ui-vpp-highlighted-specs__features-list-item ui-pdp-color--BLACK ui-pdp-size--XSMALL ui-pdp-family--REGULAR\">Voltaje: 220V.<\/li>\n<li class=\"ui-vpp-highlighted-specs__features-list-item ui-pdp-color--BLACK ui-pdp-size--XSMALL ui-pdp-family--REGULAR\">Es inal\u00e1mbrico y f\u00e1cil de transportar.<\/li>\n<li class=\"ui-vpp-highlighted-specs__features-list-item ui-pdp-color--BLACK ui-pdp-size--XSMALL ui-pdp-family--REGULAR\">Tiene capacidad para 6mL.<\/li>\n<li class=\"ui-vpp-highlighted-specs__features-list-item ui-pdp-color--BLACK ui-pdp-size--XSMALL ui-pdp-family--REGULAR\">Nebuliza 0.2 mililitros por minuto.<\/li>\n<li class=\"ui-vpp-highlighted-specs__features-list-item ui-pdp-color--BLACK ui-pdp-size--XSMALL ui-pdp-family--REGULAR\">Funciona de forma silenciosa.<\/li>\n<li class=\"ui-vpp-highlighted-specs__features-list-item ui-pdp-color--BLACK ui-pdp-size--XSMALL ui-pdp-family--REGULAR\">Indicado para el tratamiento del sistema respiratorio.<\/li>\n<li class=\"ui-vpp-highlighted-specs__features-list-item ui-pdp-color--BLACK ui-pdp-size--XSMALL ui-pdp-family--REGULAR\">Incluye accesorios.<\/li>\n<\/ul>\n","protected":false},"featured_media":3886,"comment_status":"open","ping_status":"closed","template":"","meta":{"_monsterinsights_skip_tracking":false,"_monsterinsights_sitenote_active":false,"_monsterinsights_sitenote_note":"","_monsterinsights_sitenote_category":0},"product_brand":[390],"product_cat":[55],"product_tag":[],"class_list":{"0":"post-3885","1":"product","2":"type-product","3":"status-publish","4":"has-post-thumbnail","6":"product_brand-coronet","7":"product_cat-nebulizadores-aspiradores-aerocamaras","9":"first","10":"instock","11":"shipping-taxable","12":"product-type-simple"},"_links":{"self":[{"href":"https:\/\/ortopediagorgo.com.ar\/index.php?rest_route=\/wp\/v2\/product\/3885","targetHints":{"allow":["GET"]}}],"collection":[{"href":"https:\/\/ortopediagorgo.com.ar\/index.php?rest_route=\/wp\/v2\/product"}],"about":[{"href":"https:\/\/ortopediagorgo.com.ar\/index.php?rest_route=\/wp\/v2\/types\/product"}],"replies":[{"embeddable":true,"href":"https:\/\/ortopediagorgo.com.ar\/index.php?rest_route=%2Fwp%2Fv2%2Fcomments&post=3885"}],"version-history":[{"count":1,"href":"https:\/\/ortopediagorgo.com.ar\/index.php?rest_route=\/wp\/v2\/product\/3885\/revisions"}],"predecessor-version":[{"id":3887,"href":"https:\/\/ortopediagorgo.com.ar\/index.php?rest_route=\/wp\/v2\/product\/3885\/revisions\/3887"}],"wp:featuredmedia":[{"embeddable":true,"href":"https:\/\/ortopediagorgo.com.ar\/index.php?rest_route=\/wp\/v2\/media\/3886"}],"wp:attachment":[{"href":"https:\/\/ortopediagorgo.com.ar\/index.php?rest_route=%2Fwp%2Fv2%2Fmedia&parent=3885"}],"wp:term":[{"taxonomy":"product_brand","embeddable":true,"href":"https:\/\/ortopediagorgo.com.ar\/index.php?rest_route=%2Fwp%2Fv2%2Fproduct_brand&post=3885"},{"taxonomy":"product_cat","embeddable":true,"href":"https:\/\/ortopediagorgo.com.ar\/index.php?rest_route=%2Fwp%2Fv2%2Fproduct_cat&post=3885"},{"taxonomy":"product_tag","embeddable":true,"href":"https:\/\/ortopediagorgo.com.ar\/index.php?rest_route=%2Fwp%2Fv2%2Fproduct_tag&post=3885"}],"curies":[{"name":"wp","href":"https:\/\/api.w.org\/{rel}","templated":true}]}}