{"id":3888,"date":"2026-03-17T12:13:02","date_gmt":"2026-03-17T15:13:02","guid":{"rendered":"https:\/\/ortopediagorgo.com.ar\/?post_type=product&#038;p=3888"},"modified":"2026-03-17T12:13:02","modified_gmt":"2026-03-17T15:13:02","slug":"sacaleche-electrico-coronet","status":"publish","type":"product","link":"https:\/\/ortopediagorgo.com.ar\/?product=sacaleche-electrico-coronet","title":{"rendered":"Sacaleche El\u00e9ctrico CORONET"},"content":{"rendered":"<p>El Extractor de leche Coronet BRP-302 es una soluci\u00f3n pr\u00e1ctica y eficiente para las madres lactantes. Dise\u00f1ado para facilitar la extracci\u00f3n de leche, cuenta con un motor el\u00e9ctrico que opera a 220V, permitiendo un uso c\u00f3modo y efectivo en el hogar. Su dise\u00f1o ergon\u00f3mico y su material de silicona garantizan una experiencia suave y segura durante el proceso de extracci\u00f3n. Con 9 niveles de succi\u00f3n ajustables y masajeador, el BRP-302 se adapta a tus necesidades individuales, brindando un control total sobre la extracci\u00f3n. Este extractor funciona con extracci\u00f3n simple, siendo ideal para aquellas que desean complementar la alimentaci\u00f3n de sus peque\u00f1os de manera efectiva. Con un peso de solo 250 g, es f\u00e1cil de manejar y almacenar.<\/p>\n","protected":false},"excerpt":{"rendered":"<p>\u2022 9 Niveles de succi\u00f3n<br \/>\n\u2022 9 Niveles de masaje \/ estimulaci\u00f3n<br \/>\n\u2022 Capacidad de Recipiente colector: &gt; 150 ml<br \/>\n\u2022 Pantalla digital LED<br \/>\n\u2022 Luz nocturna<br \/>\n\u2022 Autonom\u00eda: 120 min aprox<br \/>\n\u2022 Incluye cable Puerto USB \u2013 Tipo C \/ Bater\u00eda<\/p>\n","protected":false},"featured_media":3892,"comment_status":"open","ping_status":"closed","template":"","meta":{"_monsterinsights_skip_tracking":false,"_monsterinsights_sitenote_active":false,"_monsterinsights_sitenote_note":"","_monsterinsights_sitenote_category":0},"product_brand":[390],"product_cat":[55],"product_tag":[],"class_list":{"0":"post-3888","1":"product","2":"type-product","3":"status-publish","4":"has-post-thumbnail","6":"product_brand-coronet","7":"product_cat-nebulizadores-aspiradores-aerocamaras","9":"first","10":"instock","11":"shipping-taxable","12":"product-type-simple"},"_links":{"self":[{"href":"https:\/\/ortopediagorgo.com.ar\/index.php?rest_route=\/wp\/v2\/product\/3888","targetHints":{"allow":["GET"]}}],"collection":[{"href":"https:\/\/ortopediagorgo.com.ar\/index.php?rest_route=\/wp\/v2\/product"}],"about":[{"href":"https:\/\/ortopediagorgo.com.ar\/index.php?rest_route=\/wp\/v2\/types\/product"}],"replies":[{"embeddable":true,"href":"https:\/\/ortopediagorgo.com.ar\/index.php?rest_route=%2Fwp%2Fv2%2Fcomments&post=3888"}],"version-history":[{"count":1,"href":"https:\/\/ortopediagorgo.com.ar\/index.php?rest_route=\/wp\/v2\/product\/3888\/revisions"}],"predecessor-version":[{"id":3893,"href":"https:\/\/ortopediagorgo.com.ar\/index.php?rest_route=\/wp\/v2\/product\/3888\/revisions\/3893"}],"wp:featuredmedia":[{"embeddable":true,"href":"https:\/\/ortopediagorgo.com.ar\/index.php?rest_route=\/wp\/v2\/media\/3892"}],"wp:attachment":[{"href":"https:\/\/ortopediagorgo.com.ar\/index.php?rest_route=%2Fwp%2Fv2%2Fmedia&parent=3888"}],"wp:term":[{"taxonomy":"product_brand","embeddable":true,"href":"https:\/\/ortopediagorgo.com.ar\/index.php?rest_route=%2Fwp%2Fv2%2Fproduct_brand&post=3888"},{"taxonomy":"product_cat","embeddable":true,"href":"https:\/\/ortopediagorgo.com.ar\/index.php?rest_route=%2Fwp%2Fv2%2Fproduct_cat&post=3888"},{"taxonomy":"product_tag","embeddable":true,"href":"https:\/\/ortopediagorgo.com.ar\/index.php?rest_route=%2Fwp%2Fv2%2Fproduct_tag&post=3888"}],"curies":[{"name":"wp","href":"https:\/\/api.w.org\/{rel}","templated":true}]}}