{"id":3902,"date":"2026-03-31T10:11:00","date_gmt":"2026-03-31T13:11:00","guid":{"rendered":"https:\/\/ortopediagorgo.com.ar\/?post_type=product&#038;p=3902"},"modified":"2026-03-31T10:11:00","modified_gmt":"2026-03-31T13:11:00","slug":"ejercitador-pulmonar-tri-ball","status":"publish","type":"product","link":"https:\/\/ortopediagorgo.com.ar\/?product=ejercitador-pulmonar-tri-ball","title":{"rendered":"Ejercitador Pulmonar Tri-Ball"},"content":{"rendered":"<p>La reeducaci\u00f3n respiratoria es una de las pocas especialidades de la rehabilitaci\u00f3n en la que el fisioterapeuta utiliza datos cuantitativos para orientar y verificar las t\u00e9cnicas.\u00a0<strong>La espirometr\u00eda de incentivo es una t\u00e9cnica muy importante, que permite tanto dar elementos para la evaluaci\u00f3n, como realizar t\u00e9cnicas de entrenamiento respiratorio<\/strong>\u00a0facilitadas en la mayor\u00eda de los casos por un feedback visual.<\/p>\n","protected":false},"excerpt":{"rendered":"<p>Tambi\u00e9n conocido como\u00a0<strong>ejercitador respiratorio tri-ball o espir\u00f3metro de bolas<\/strong>, consiste en 3 cilindros graduados en cc\/seg (600, 900, 1200), una manguera flexible con boquilla y un filtro incorporado. En el interior de los cilindros hay 3 bolas de diferentes colores, que se elevan sucesivamente al inhalar, indicando el esfuerzo del paciente. El dispositivo\u00a0<span class=\"su-highlight\">\u00a0permite un ejercicio inspiratorio a una baja velocidad de flujo\u00a0<\/span>.<\/p>\n<p>El funcionamiento de este incentivador volum\u00e9trico se basa en t\u00e9cnicas de fisioterapia respiratoria o de inspirometr\u00eda incentivada para asegurar que los pacientes con bronquitis cr\u00f3nica, enfisema pulmonar, EPOC en el per\u00edodo pre y postoperatorio fortalezcan, restauren y mantengan su capacidad pulmonar.<\/p>\n<p><strong>\u00bfC\u00f3mo se usa?<\/strong><\/p>\n<ul class=\"wp-block-list\">\n<li>Conecta el tubo, con la boquilla, a la base del dispositivo.<\/li>\n<li>Antes de usarla, lava la boquilla s\u00f3lo con agua tibia y sac\u00fadela para secarla.<\/li>\n<li>Para un ejercicio suave, inhala hasta que la primera bola flote y las otras permanezcan en la base.<\/li>\n<li>Mant\u00e9n la pelota en el aire durante 3 segundos.<\/li>\n<li>Suelta la boquilla y exhala el aire.<\/li>\n<\/ul>\n<p>&nbsp;<\/p>\n","protected":false},"featured_media":3905,"comment_status":"open","ping_status":"closed","template":"","meta":{"_monsterinsights_skip_tracking":false,"_monsterinsights_sitenote_active":false,"_monsterinsights_sitenote_note":"","_monsterinsights_sitenote_category":0},"product_brand":[],"product_cat":[135,55],"product_tag":[],"class_list":{"0":"post-3902","1":"product","2":"type-product","3":"status-publish","4":"has-post-thumbnail","6":"product_cat-fisiorterapia-ejercicio-recuperacion","7":"product_cat-nebulizadores-aspiradores-aerocamaras","9":"first","10":"instock","11":"shipping-taxable","12":"product-type-simple"},"_links":{"self":[{"href":"https:\/\/ortopediagorgo.com.ar\/index.php?rest_route=\/wp\/v2\/product\/3902","targetHints":{"allow":["GET"]}}],"collection":[{"href":"https:\/\/ortopediagorgo.com.ar\/index.php?rest_route=\/wp\/v2\/product"}],"about":[{"href":"https:\/\/ortopediagorgo.com.ar\/index.php?rest_route=\/wp\/v2\/types\/product"}],"replies":[{"embeddable":true,"href":"https:\/\/ortopediagorgo.com.ar\/index.php?rest_route=%2Fwp%2Fv2%2Fcomments&post=3902"}],"version-history":[{"count":1,"href":"https:\/\/ortopediagorgo.com.ar\/index.php?rest_route=\/wp\/v2\/product\/3902\/revisions"}],"predecessor-version":[{"id":3906,"href":"https:\/\/ortopediagorgo.com.ar\/index.php?rest_route=\/wp\/v2\/product\/3902\/revisions\/3906"}],"wp:featuredmedia":[{"embeddable":true,"href":"https:\/\/ortopediagorgo.com.ar\/index.php?rest_route=\/wp\/v2\/media\/3905"}],"wp:attachment":[{"href":"https:\/\/ortopediagorgo.com.ar\/index.php?rest_route=%2Fwp%2Fv2%2Fmedia&parent=3902"}],"wp:term":[{"taxonomy":"product_brand","embeddable":true,"href":"https:\/\/ortopediagorgo.com.ar\/index.php?rest_route=%2Fwp%2Fv2%2Fproduct_brand&post=3902"},{"taxonomy":"product_cat","embeddable":true,"href":"https:\/\/ortopediagorgo.com.ar\/index.php?rest_route=%2Fwp%2Fv2%2Fproduct_cat&post=3902"},{"taxonomy":"product_tag","embeddable":true,"href":"https:\/\/ortopediagorgo.com.ar\/index.php?rest_route=%2Fwp%2Fv2%2Fproduct_tag&post=3902"}],"curies":[{"name":"wp","href":"https:\/\/api.w.org\/{rel}","templated":true}]}}