{"id":3907,"date":"2026-03-31T10:31:45","date_gmt":"2026-03-31T13:31:45","guid":{"rendered":"https:\/\/ortopediagorgo.com.ar\/?post_type=product&#038;p=3907"},"modified":"2026-03-31T10:31:45","modified_gmt":"2026-03-31T13:31:45","slug":"tobilleras-con-peso-sonnos-reforzadas-1kg-2kg-3kg","status":"publish","type":"product","link":"https:\/\/ortopediagorgo.com.ar\/?product=tobilleras-con-peso-sonnos-reforzadas-1kg-2kg-3kg","title":{"rendered":"Tobilleras con Peso Sonnos Reforzadas 1kg-2kg-3kg"},"content":{"rendered":"<p data-start=\"673\" data-end=\"1024\">Cada tobillera est\u00e1 rellena con\u00a0<strong data-start=\"705\" data-end=\"760\">cargas selladas de piedritas y part\u00edculas met\u00e1licas<\/strong>, distribuidas uniformemente para un trabajo equilibrado. Su\u00a0<strong data-start=\"821\" data-end=\"845\">estructura reforzada<\/strong>\u00a0incluye tela impermeable,\u00a0<strong data-start=\"872\" data-end=\"891\">abrojo de 50 mm<\/strong>\u00a0de alta adherencia, hilo de nylon y\u00a0<strong data-start=\"928\" data-end=\"965\">ribetes de cinta de polipropileno<\/strong>, lo que evita p\u00e9rdidas y alarga la vida \u00fatil del producto.<\/p>\n<p data-start=\"1026\" data-end=\"1059\"><strong data-start=\"1026\" data-end=\"1057\">Caracter\u00edsticas destacadas:<\/strong><\/p>\n<ul data-start=\"1060\" data-end=\"1324\">\n<li data-start=\"1060\" data-end=\"1108\">\n<p data-start=\"1062\" data-end=\"1108\">Peso por unidad:\u00a0<strong data-start=\"1079\" data-end=\"1086\">1kg<\/strong> &#8211; <strong>2kg y 3kg<\/strong><\/p>\n<\/li>\n<li data-start=\"1109\" data-end=\"1174\">\n<p data-start=\"1111\" data-end=\"1174\">Relleno: cargas selladas con piedritas y part\u00edculas met\u00e1licas<\/p>\n<\/li>\n<li data-start=\"1175\" data-end=\"1227\">\n<p data-start=\"1177\" data-end=\"1227\">Tela impermeable, resistente y de f\u00e1cil limpieza<\/p>\n<\/li>\n<li data-start=\"1228\" data-end=\"1281\">\n<p data-start=\"1230\" data-end=\"1281\">Cierre con deslizador + abrojo de alta adherencia<\/p>\n<\/li>\n<li data-start=\"1282\" data-end=\"1324\">\n<p data-start=\"1284\" data-end=\"1324\">Producto 100% nacional, calidad Sonnos<\/p>\n<\/li>\n<\/ul>\n<p data-start=\"1326\" data-end=\"1542\"><strong data-start=\"1326\" data-end=\"1346\">Uso recomendado:<\/strong><br data-start=\"1346\" data-end=\"1349\" \/>Perfectas para entrenamiento de piernas, gl\u00fateos, abdomen, rehabilitaci\u00f3n y ejercicios funcionales. Tambi\u00e9n utilizadas en fisioterapia, deportes de contacto o rutinas aer\u00f3bicas con carga extra.<\/p>\n","protected":false},"excerpt":{"rendered":"<p>Las\u00a0<strong data-start=\"349\" data-end=\"394\">Tobilleras con Peso Sonnos Reforzadas <\/strong>son el complemento perfecto para potenciar tus entrenamientos de fuerza, tonificaci\u00f3n y rehabilitaci\u00f3n. Ofrecen <strong data-start=\"544\" data-end=\"589\">alta resistencia, durabilidad y comodidad<\/strong>, ideales para trabajar piernas, gl\u00fateos, abdominales y brazos con peso adicional.<\/p>\n","protected":false},"featured_media":3914,"comment_status":"open","ping_status":"closed","template":"","meta":{"_monsterinsights_skip_tracking":false,"_monsterinsights_sitenote_active":false,"_monsterinsights_sitenote_note":"","_monsterinsights_sitenote_category":0},"product_brand":[],"product_cat":[135],"product_tag":[],"class_list":{"0":"post-3907","1":"product","2":"type-product","3":"status-publish","4":"has-post-thumbnail","6":"product_cat-fisiorterapia-ejercicio-recuperacion","8":"first","9":"instock","10":"shipping-taxable","11":"product-type-simple"},"_links":{"self":[{"href":"https:\/\/ortopediagorgo.com.ar\/index.php?rest_route=\/wp\/v2\/product\/3907","targetHints":{"allow":["GET"]}}],"collection":[{"href":"https:\/\/ortopediagorgo.com.ar\/index.php?rest_route=\/wp\/v2\/product"}],"about":[{"href":"https:\/\/ortopediagorgo.com.ar\/index.php?rest_route=\/wp\/v2\/types\/product"}],"replies":[{"embeddable":true,"href":"https:\/\/ortopediagorgo.com.ar\/index.php?rest_route=%2Fwp%2Fv2%2Fcomments&post=3907"}],"version-history":[{"count":1,"href":"https:\/\/ortopediagorgo.com.ar\/index.php?rest_route=\/wp\/v2\/product\/3907\/revisions"}],"predecessor-version":[{"id":3915,"href":"https:\/\/ortopediagorgo.com.ar\/index.php?rest_route=\/wp\/v2\/product\/3907\/revisions\/3915"}],"wp:featuredmedia":[{"embeddable":true,"href":"https:\/\/ortopediagorgo.com.ar\/index.php?rest_route=\/wp\/v2\/media\/3914"}],"wp:attachment":[{"href":"https:\/\/ortopediagorgo.com.ar\/index.php?rest_route=%2Fwp%2Fv2%2Fmedia&parent=3907"}],"wp:term":[{"taxonomy":"product_brand","embeddable":true,"href":"https:\/\/ortopediagorgo.com.ar\/index.php?rest_route=%2Fwp%2Fv2%2Fproduct_brand&post=3907"},{"taxonomy":"product_cat","embeddable":true,"href":"https:\/\/ortopediagorgo.com.ar\/index.php?rest_route=%2Fwp%2Fv2%2Fproduct_cat&post=3907"},{"taxonomy":"product_tag","embeddable":true,"href":"https:\/\/ortopediagorgo.com.ar\/index.php?rest_route=%2Fwp%2Fv2%2Fproduct_tag&post=3907"}],"curies":[{"name":"wp","href":"https:\/\/api.w.org\/{rel}","templated":true}]}}